{"id":10092,"date":"2020-02-27T10:38:28","date_gmt":"2020-02-27T09:38:28","guid":{"rendered":"https:\/\/osp.wezewo.info\/?page_id=10092"},"modified":"2021-01-05T12:20:37","modified_gmt":"2021-01-05T11:20:37","slug":"zdarzenia-2020","status":"publish","type":"page","link":"https:\/\/osp.wezewo.info\/?page_id=10092","title":{"rendered":"ZDARZENIA 2020"},"content":{"rendered":"<p>Akcje i zdarzenia w kt\u00f3rych uczestniczy\u0142a OSP W\u0118\u017bEWO w roku 2020<\/p>\n<h2>Zdarzenie w dniu 17-02-2020 w godzina 15:33<\/h2>\n<p>Adres zdarzenia \u2013 W\u0119\u017cewo, budynek jednorodzinny<br \/>Typ zdarzenia \u2013 Po\u017car sadzy w kominie<br \/>Czas trwania akcji 0:34 minut<br \/>Lista uczestnik\u00f3w:<\/p>\n<ul>\n<li>Wyszkowski Krzysztof<\/li>\n<li>Smosarski Bartosz<\/li>\n<li>Go\u0142ota Micha\u0142<\/li>\n<li>\u017bbikowski Piotr<\/li>\n<li>Czerwi\u0144ski Jacek<\/li>\n<li>Piotrowski Pawe\u0142<\/li>\n<\/ul>\n<h2>Zdarzenie w dniu 01-04-2020 w godzina 13:15<\/h2>\n<p>Adres zdarzenia \u2013 Milewo Szwejki, Tartak &#8211; budynek socjalno-biurowy<br \/>Typ zdarzenia \u2013\u00a0 Po\u017car<br \/>Czas trwania akcji 0:34 minut<br \/>Lista uczestnik\u00f3w:<\/p>\n<ul>\n<li>Wyszkowski Krzysztof<\/li>\n<li>Smosarski Bartosz<\/li>\n<li>Go\u0142ota Micha\u0142<\/li>\n<li>\u017bbikowski Piotr<\/li>\n<li>Czerwi\u0144ski Jacek<\/li>\n<li>Grzeszczak Robert<\/li>\n<\/ul>\n<h2>Zdarzenie w dniu 07-04-2020 w godzina 09:54<\/h2>\n<p>Adres zdarzenia \u2013 Milewo-Szwejki, u\u017cytki rolne \u2013 \u0142\u0105ki<br \/>Typ zdarzenia \u2013 Po\u017car<br \/>Czas trwania akcji 0:12 minut<br \/>Lista uczestnik\u00f3w:<\/p>\n<ul>\n<li>Wyszkowski Krzysztof<\/li>\n<li>Grzeszczak Robert<\/li>\n<li>Go\u0142ota Micha\u0142<\/li>\n<li>\u017bbikowski Piotr<\/li>\n<li>Czerwi\u0144ski Jacek<\/li>\n<li>Chodkowski Mi\u0142osz<\/li>\n<\/ul>\n<h2>Zdarzenie w dniu 07-04-2020 w godzina 10:17<\/h2>\n<p>Adres zdarzenia \u2013 Krasne-El\u017cbiecin, budynek mieszkalny &#8211; pustostan<br \/>Typ zdarzenia \u2013 Po\u017car<br \/>Czas trwania akcji 0:46 minut<br \/>Lista uczestnik\u00f3w:<\/p>\n<ul>\n<li>Wyszkowski Krzysztof<\/li>\n<li>Robert Grzeszczak<\/li>\n<li>Go\u0142ota Micha\u0142<\/li>\n<li>\u017bbikowski Piotr<\/li>\n<li>Czerwi\u0144ski Jacek<\/li>\n<li>Chodkowski Mi\u0142osz<\/li>\n<\/ul>\n<h2>Zdarzenie w dniu 03-06-2020 w godzina 11:00<\/h2>\n<p>Adres zdarzenia \u2013 Malechy, gm. Karniewo pow. Makowski<br \/>Typ zdarzenia \u2013\u00a0 wypadek samochodowy ( zderzenie osobowego i dostawczego samochodu)<br \/>Czas trwania akcji 0:28 minut<br \/>Lista uczestnik\u00f3w:<\/p>\n<ul>\n<li>Go\u0142ota Micha\u0142<\/li>\n<li>\u017bbikowski Piotr<\/li>\n<li>Bojarski Pawe\u0142<\/li>\n<li>Czerwi\u0144ski Jacek<\/li>\n<li>Grzeszczak Robert<\/li>\n<li>Wyszkowski Krzysztof<\/li>\n<\/ul>\n<h2>Zdarzenie w dniu 17-06-2020 w godzina 16:56<\/h2>\n<p>Adres zdarzenia \u2013 Nowe \u017bmijewo (Stary Janin)<br \/>Typ zdarzenia \u2013\u00a0 Droga gminna \u2013 powalone drzewo<br \/>Czas trwania akcji 0:30 minut<br \/>Lista uczestnik\u00f3w:<\/p>\n<ul>\n<li>Go\u0142ota Micha\u0142<\/li>\n<li>Pawe\u0142 Piotrowski<\/li>\n<li>Mi\u0142osz Chodkowski<\/li>\n<li>Czerwi\u0144ski Jacek<\/li>\n<li>Grzeszczak Robert<\/li>\n<li>Wyszkowski Krzysztof<\/li>\n<\/ul>\n<h2>Zdarzenie w dniu 23-06-2020 w godzina 20:11<\/h2>\n<p>Adres zdarzenia \u2013 W\u0119\u017cewo<br \/>Typ zdarzenia \u2013\u00a0 Zalana posesja \u2013 budynek jednorodzinny<br \/>Czas trwania akcji 1h:02 minuty<br \/>Lista uczestnik\u00f3w:<\/p>\n<ul>\n<li>Bartosz Smosarski<\/li>\n<li>Pawe\u0142 Piotrowski<\/li>\n<li>Mi\u0142osz Chodkowski<\/li>\n<li>Piotr \u017bbikowski<\/li>\n<li>Micha\u0142 Go\u0142ota<\/li>\n<li>Wyszkowski Krzysztof<\/li>\n<li>Jaros\u0142aw Wenda<\/li>\n<\/ul>\n<h2>Zdarzenie w dniu 26-09-2020 w godzina 12:37<\/h2>\n<p>Adres zdarzenia \u2013 August\u00f3w, budynek gospodarczy &#8211; gara\u017c<br \/>Typ zdarzenia \u2013 Po\u017car<br \/>Czas trwania akcji 0:36 minut<br \/>Lista uczestnik\u00f3w:<\/p>\n<ul>\n<li>\u017bbikowski Piotr<\/li>\n<li>Smosarski Bartosz<\/li>\n<li>Go\u0142ota Micha\u0142<\/li>\n<li>Piotrowski Pawe\u0142<\/li>\n<li>Grzeszczak Robert<\/li>\n<li>Wyszkowski Krzysztof<\/li>\n<\/ul>\n\n\n<h2 class=\"wp-block-heading\">Zdarzenie w dniu 06-12-2020&nbsp; w godzina 19:05<\/h2>\n\n\n\n<p>Adres zdarzenia \u2013 Zalesie, budynek mieszkalny jednorodzinny&nbsp;&nbsp;<br>Typ zdarzenia \u2013&nbsp; Po\u017car&nbsp;&nbsp;<br>Czas trwania akcji 1:49 minut<br>Lista uczestnik\u00f3w:<\/p>\n\n\n\n<ul class=\"wp-block-list\"><li>Wyszkowski Krzysztof<\/li><li>Bojarski Pawe\u0142<\/li><li>Go\u0142ota Micha\u0142<\/li><li>\u017bbikowski Piotr<\/li><li>Czerwi\u0144ski Jacek<\/li><li>Grzeszczak Robert<\/li><\/ul>\n\n\n\n<h2 class=\"wp-block-heading\">Zdarzenie w dniu 31-12-2020&nbsp; w godzina 04:42<\/h2>\n\n\n\n<p>Adres zdarzenia \u2013 W\u0119\u017cewo, ogrodzenie posesji<br>Typ zdarzenia \u2013\u00a0 Wypadni\u0119cie z drogi, samoch\u00f3d dostawczy\u00a0<br>Czas trwania akcji 0:54 minut<br>Lista uczestnik\u00f3w:<\/p>\n\n\n\n<ul class=\"wp-block-list\"><li>Wyszkowski Krzysztof<\/li><li>Smosarski Bartosz<\/li><li>Go\u0142ota Micha\u0142<\/li><li>\u017bbikowski Piotr<\/li><li>Czerwi\u0144ski Jacek<\/li><li>Grzeszczak Robert<\/li><\/ul>\n","protected":false},"excerpt":{"rendered":"<p>Akcje i zdarzenia w kt\u00f3rych uczestniczy\u0142a OSP W\u0118\u017bEWO w roku 2020 Zdarzenie w dniu 17-02-2020 w godzina 15:33 Adres zdarzenia \u2013 W\u0119\u017cewo, budynek jednorodzinnyTyp zdarzenia \u2013 Po\u017car sadzy w kominieCzas trwania akcji 0:34 minutLista uczestnik\u00f3w: Wyszkowski Krzysztof Smosarski Bartosz Go\u0142ota Micha\u0142 \u017bbikowski Piotr Czerwi\u0144ski Jacek Piotrowski Pawe\u0142 Zdarzenie w dniu 01-04-2020 w godzina 13:15 Adres [&hellip;]<\/p>\n","protected":false},"author":2,"featured_media":0,"parent":632,"menu_order":0,"comment_status":"closed","ping_status":"closed","template":"","meta":{"_editorskit_title_hidden":false,"_editorskit_reading_time":0,"_editorskit_is_block_options_detached":false,"_editorskit_block_options_position":"{}","_mc_calendar":[],"footnotes":""},"class_list":["post-10092","page","type-page","status-publish","hentry"],"_links":{"self":[{"href":"https:\/\/osp.wezewo.info\/index.php?rest_route=\/wp\/v2\/pages\/10092","targetHints":{"allow":["GET"]}}],"collection":[{"href":"https:\/\/osp.wezewo.info\/index.php?rest_route=\/wp\/v2\/pages"}],"about":[{"href":"https:\/\/osp.wezewo.info\/index.php?rest_route=\/wp\/v2\/types\/page"}],"author":[{"embeddable":true,"href":"https:\/\/osp.wezewo.info\/index.php?rest_route=\/wp\/v2\/users\/2"}],"replies":[{"embeddable":true,"href":"https:\/\/osp.wezewo.info\/index.php?rest_route=%2Fwp%2Fv2%2Fcomments&post=10092"}],"version-history":[{"count":10,"href":"https:\/\/osp.wezewo.info\/index.php?rest_route=\/wp\/v2\/pages\/10092\/revisions"}],"predecessor-version":[{"id":11483,"href":"https:\/\/osp.wezewo.info\/index.php?rest_route=\/wp\/v2\/pages\/10092\/revisions\/11483"}],"up":[{"embeddable":true,"href":"https:\/\/osp.wezewo.info\/index.php?rest_route=\/wp\/v2\/pages\/632"}],"wp:attachment":[{"href":"https:\/\/osp.wezewo.info\/index.php?rest_route=%2Fwp%2Fv2%2Fmedia&parent=10092"}],"curies":[{"name":"wp","href":"https:\/\/api.w.org\/{rel}","templated":true}]}}