{"id":11484,"date":"2021-01-05T12:21:57","date_gmt":"2021-01-05T11:21:57","guid":{"rendered":"https:\/\/osp.wezewo.info\/?page_id=11484"},"modified":"2021-12-06T15:44:21","modified_gmt":"2021-12-06T14:44:21","slug":"zdarzenia-2021","status":"publish","type":"page","link":"https:\/\/osp.wezewo.info\/?page_id=11484","title":{"rendered":"ZDARZENIA 2021"},"content":{"rendered":"\n<h2 class=\"wp-block-heading\">Zdarzenie w dniu 27-03-2021&nbsp; godzina 16:15<\/h2>\n\n\n\n<p>Udzia\u0142 w dzia\u0142aniu ratowniczym&nbsp; ( Koronawirus &nbsp;(COVID-19 )<\/p>\n\n\n\n<p>Adres zdarzenia \u2013 Mosaki \u2013 Stara Wie\u015b (Godacze), Gor\u0105ca , Filipy, Kozin, \u017bbiki&nbsp;&nbsp;<br>Typ zdarzenia \u2013&nbsp; Rozwo\u017cenie maseczek , ulotek informacyjnych&nbsp;<br>Czas trwania akcji: 2h 37 minuty<br>Lista uczestnik\u00f3w:<\/p>\n\n\n\n<ul class=\"wp-block-list\"><li>Wyszkowski Krzysztof<\/li><li>Go\u0142ota Micha\u0142<\/li><li>\u017bbikowski Piotr<\/li><li>Smosarski Bartosz<\/li><\/ul>\n\n\n\n<div class=\"wp-block-image\"><figure class=\"aligncenter size-full is-resized\"><img loading=\"lazy\" decoding=\"async\" src=\"https:\/\/osp.wezewo.info\/wp-content\/uploads\/2021\/03\/166236186_753563018884200_1746415051101122825_n-1-edited.jpg\" alt=\"\" class=\"wp-image-11781\" width=\"749\" height=\"466\" srcset=\"https:\/\/osp.wezewo.info\/wp-content\/uploads\/2021\/03\/166236186_753563018884200_1746415051101122825_n-1-edited.jpg 768w, https:\/\/osp.wezewo.info\/wp-content\/uploads\/2021\/03\/166236186_753563018884200_1746415051101122825_n-1-edited-300x187.jpg 300w\" sizes=\"auto, (max-width: 749px) 100vw, 749px\" \/><\/figure><\/div>\n\n\n\n<h2 class=\"wp-block-heading\">Zdarzenie w dniu 28-03-2021&nbsp; godzina 14:25<\/h2>\n\n\n\n<p>Udzia\u0142 w dzia\u0142aniu ratowniczym&nbsp; ( Koronawirus &nbsp;(COVID-19 )<\/p>\n\n\n\n<p>Adres zdarzenia \u2013 \u017bbiki , W\u0119\u017cewo<br>Typ zdarzenia \u2013&nbsp;&nbsp;Rozwo\u017cenie maseczek , ulotek informacyjnych&nbsp;<br>Czas trwania akcji: 3h 32 minuty<br>Lista uczestnik\u00f3w:<\/p>\n\n\n\n<ul class=\"wp-block-list\"><li>Wyszkowski Krzysztof<\/li><li>Go\u0142ota Micha\u0142<\/li><li>\u017bbikowski Piotr<\/li><li>Grzeszczak Robert<\/li><\/ul>\n\n\n\n<div class=\"wp-block-image\"><figure class=\"aligncenter size-large is-resized\"><img loading=\"lazy\" decoding=\"async\" src=\"https:\/\/osp.wezewo.info\/wp-content\/uploads\/2021\/04\/176454282_3767007160020005_2749896170609693930_n-1024x768.jpg\" alt=\"\" class=\"wp-image-11824\" width=\"750\" height=\"563\" srcset=\"https:\/\/osp.wezewo.info\/wp-content\/uploads\/2021\/04\/176454282_3767007160020005_2749896170609693930_n-1024x768.jpg 1024w, https:\/\/osp.wezewo.info\/wp-content\/uploads\/2021\/04\/176454282_3767007160020005_2749896170609693930_n-300x225.jpg 300w, https:\/\/osp.wezewo.info\/wp-content\/uploads\/2021\/04\/176454282_3767007160020005_2749896170609693930_n-768x576.jpg 768w, https:\/\/osp.wezewo.info\/wp-content\/uploads\/2021\/04\/176454282_3767007160020005_2749896170609693930_n-1536x1152.jpg 1536w, https:\/\/osp.wezewo.info\/wp-content\/uploads\/2021\/04\/176454282_3767007160020005_2749896170609693930_n.jpg 1548w\" sizes=\"auto, (max-width: 750px) 100vw, 750px\" \/><figcaption>Przewr\u00f3cone drzewo. \u017ar\u00f3d\u0142o: KRDP Ciechan\u00f3w<\/figcaption><\/figure><\/div>\n\n\n\n<h2 class=\"wp-block-heading\">Zdarzenie w dniu 23-04-2021  godzina 13:30<\/h2>\n\n\n\n<p>Adres zdarzenia \u2013 \u017bbiki, droga gminna.<br>Typ zdarzenia \u2013\u00a0Przewr\u00f3cone drzewo<br>Czas trwania akcji: 37 minut<br>Lista uczestnik\u00f3w:<\/p>\n\n\n\n<ul class=\"wp-block-list\"><li>\u017bbikowski Piotr<\/li><li>Smosarski Bartosz<\/li><li>Bojarski Pawe\u0142<\/li><li>Grzeszczak Jaros\u0142aw<\/li><li>Czerwi\u0144ski Jacek<\/li><li>Grzeszczak Pawe\u0142<\/li><\/ul>\n\n\n\n<h2 class=\"wp-block-heading\">Zdarzenie w dniu 08-07-2021&nbsp; w godzina 16:55<\/h2>\n\n\n\n<p>Udzia\u0142 w dzia\u0142aniu ratowniczym&nbsp;<\/p>\n\n\n\n<p>Adres zdarzenia \u2013 \u017bbiki, droga powiatowa<br>Typ zdarzenia \u2013\u00a0 Powalone drzew<\/p>\n\n\n\n<p>Czas trwania akcji 14 minut<br>Lista uczestnik\u00f3w:<\/p>\n\n\n\n<ul class=\"wp-block-list\"><li>Wyszkowski Krzysztof<\/li><li>Go\u0142ota Micha\u0142<\/li><li>\u017bbikowski Piotr<\/li><li>Smosarski Bartosz<\/li><li>Grzeszczak Robert<\/li><li>Piotrowski Pawe\u0142<\/li><\/ul>\n\n\n\n<div class=\"wp-block-image is-style-default\"><figure class=\"aligncenter size-large\"><img loading=\"lazy\" decoding=\"async\" width=\"768\" height=\"1024\" src=\"https:\/\/osp.wezewo.info\/wp-content\/uploads\/2021\/07\/20210718_1741581-768x1024.jpg\" alt=\"\" class=\"wp-image-11861\" srcset=\"https:\/\/osp.wezewo.info\/wp-content\/uploads\/2021\/07\/20210718_1741581-768x1024.jpg 768w, https:\/\/osp.wezewo.info\/wp-content\/uploads\/2021\/07\/20210718_1741581-225x300.jpg 225w, https:\/\/osp.wezewo.info\/wp-content\/uploads\/2021\/07\/20210718_1741581-1152x1536.jpg 1152w, https:\/\/osp.wezewo.info\/wp-content\/uploads\/2021\/07\/20210718_1741581-1536x2048.jpg 1536w, https:\/\/osp.wezewo.info\/wp-content\/uploads\/2021\/07\/20210718_1741581-scaled.jpg 1920w\" sizes=\"auto, (max-width: 768px) 100vw, 768px\" \/><\/figure><\/div>\n\n\n\n<h2 class=\"wp-block-heading\">Zdarzenie w dniu 09-07-2021&nbsp; w godzina 18:20<\/h2>\n\n\n\n<p>Udzia\u0142 w dzia\u0142aniu ratowniczym<\/p>\n\n\n\n<p>Adres zdarzenia \u2013 \u017bbiki , W\u0119\u017cewo<br>Typ zdarzenia \u2013\u00a0\u00a0 Powalone drzewo na lini\u0119 energetyczn\u0105 i dom mieszkalny <\/p>\n\n\n\n<p>Czas trwania akcji 5h 50 minut<br>Lista uczestnik\u00f3w:<\/p>\n\n\n\n<ul class=\"wp-block-list\"><li>Wyszkowski Krzysztof<\/li><li>Go\u0142ota Micha\u0142<\/li><li>\u017bbikowski Piotr<\/li><li>Grzeszczak Robert<\/li><li>Smosarski Bartosz<\/li><li>Piotrowski Pawe\u0142<\/li><li>Czerwi\u0144ski Jacek<\/li><li>Bojarski Pawe\u0142<\/li><\/ul>\n\n\n\n<h2 class=\"wp-block-heading\">Zdarzenie w dniu 10-07-2021&nbsp; w godzina 07:34<\/h2>\n\n\n\n<p><strong>Udzia\u0142 w dzia\u0142aniu ratowniczym<\/strong><\/p>\n\n\n\n<p>Adres zdarzenia \u2013 \u017bbiki<br>Typ zdarzenia \u2013\u00a0\u00a0 Powalone drzewo na dom mieszkalny                                        <\/p>\n\n\n\n<p>Czas trwania akcji 33 minuty<br>Lista uczestnik\u00f3w:<\/p>\n\n\n\n<ul class=\"wp-block-list\"><li>Wyszkowski Krzysztof<\/li><li>Go\u0142ota Micha\u0142<\/li><li>\u017bbikowski Piotr<\/li><li>Piotrowski Pawe\u0142<\/li><li>Czerwi\u0144ski Jacek<\/li><li>Bojarski Pawe\u0142<\/li><\/ul>\n\n\n\n<div class=\"wp-block-image is-style-default\"><figure class=\"aligncenter size-large is-resized\"><img loading=\"lazy\" decoding=\"async\" src=\"https:\/\/osp.wezewo.info\/wp-content\/uploads\/2021\/07\/20210709_1837271-768x1024.jpg\" alt=\"\" class=\"wp-image-11860\" width=\"704\" height=\"938\" srcset=\"https:\/\/osp.wezewo.info\/wp-content\/uploads\/2021\/07\/20210709_1837271-768x1024.jpg 768w, https:\/\/osp.wezewo.info\/wp-content\/uploads\/2021\/07\/20210709_1837271-225x300.jpg 225w, https:\/\/osp.wezewo.info\/wp-content\/uploads\/2021\/07\/20210709_1837271-1152x1536.jpg 1152w, https:\/\/osp.wezewo.info\/wp-content\/uploads\/2021\/07\/20210709_1837271-1536x2048.jpg 1536w, https:\/\/osp.wezewo.info\/wp-content\/uploads\/2021\/07\/20210709_1837271-scaled.jpg 1920w\" sizes=\"auto, (max-width: 704px) 100vw, 704px\" \/><\/figure><\/div>\n\n\n\n<h2 class=\"wp-block-heading\">Zdarzenie w dniu 18-07-2021&nbsp; w godzina 17:20<\/h2>\n\n\n\n<p>Udzia\u0142 w dzia\u0142aniu ratowniczym<\/p>\n\n\n\n<p>Adres zdarzenia \u2013\u00a0 W\u0119\u017cewo<br>Typ zdarzenia \u2013\u00a0\u00a0 Zderzenie samochod\u00f3w osobowych BMW- OPEL                <\/p>\n\n\n\n<p>Czas trwania akcji 33 minuty<br>Lista uczestnik\u00f3w:<\/p>\n\n\n\n<ul class=\"wp-block-list\"><li>Wyszkowski Krzysztof<\/li><li>Grzeszczak Robert<\/li><li>Smosarski Bartosz<\/li><li>Przybysz Mariusz<\/li><\/ul>\n\n\n\n<div class=\"wp-block-image caption-align-center\"><figure class=\"aligncenter size-full\"><a href=\"https:\/\/osp.wezewo.info\/wp-content\/uploads\/2021\/12\/Pies.jpg\"><img loading=\"lazy\" decoding=\"async\" width=\"155\" height=\"206\" src=\"https:\/\/osp.wezewo.info\/wp-content\/uploads\/2021\/12\/Pies.jpg\" alt=\"\" class=\"wp-image-12031\"\/><\/a><\/figure><\/div>\n\n\n\n<h2 class=\"wp-block-heading\">Zdarzenie w dniu 04-12-2021&nbsp; w godzina 10:05<\/h2>\n\n\n\n<p>Adres zdarzenia \u2013 Helen\u00f3w, droga powiatowa<br>Typ zdarzenia \u2013\u00a0 Porzucone zwierz\u0119<br>Czas trwania akcji 2h 7 minut<br>Lista uczestnik\u00f3w:<\/p>\n\n\n\n<ul class=\"wp-block-list\"><li>\u017bbikowski Piotr<\/li><li>B\u0142aszczak Jaros\u0142aw<\/li><li>Micha\u0142 Go\u0142ota<\/li><li>Wyszkowski Krzysztof<\/li><li>Czerwi\u0144ski Jacek<\/li><li>Grzeszczak Pawe\u0142<\/li><\/ul>\n\n\n\n<p>Zdarzenie by\u0142o bardzo bulwersuj\u0105ce. Kto\u015b porzuci\u0142 starego, cz\u0119\u015bciowo sparali\u017cowanego psa (rasy owczarek niemiecki) w przydro\u017cnym rowie na \u015bmier\u0107. Po zabezpieczeniu miejsca zdarzenia, czekali\u015bmy na lekarza weterynarii.\u00a0 Przyjechawszy na miejsce i po badaniach, lekarz stwierdzi\u0142 i\u017c nie da si\u0119 uratowa\u0107 tego psa\u00a0i nale\u017cy ul\u017cy\u0107 mu w cierpieniu. Niestety by\u0142o ju\u017c za p\u00f3\u017ano.\u00a0\u00a0<\/p>\n\n\n\n<p><\/p>\n","protected":false},"excerpt":{"rendered":"<p>Zdarzenie w dniu 27-03-2021&nbsp; godzina 16:15 Udzia\u0142 w dzia\u0142aniu ratowniczym&nbsp; ( Koronawirus &nbsp;(COVID-19 ) Adres zdarzenia \u2013 Mosaki \u2013 Stara Wie\u015b (Godacze), Gor\u0105ca , Filipy, Kozin, \u017bbiki&nbsp;&nbsp;Typ zdarzenia \u2013&nbsp; Rozwo\u017cenie maseczek , ulotek informacyjnych&nbsp;Czas trwania akcji: 2h 37 minutyLista uczestnik\u00f3w: Wyszkowski Krzysztof Go\u0142ota Micha\u0142 \u017bbikowski Piotr Smosarski Bartosz Zdarzenie w dniu 28-03-2021&nbsp; godzina 14:25 Udzia\u0142 [&hellip;]<\/p>\n","protected":false},"author":2,"featured_media":11774,"parent":632,"menu_order":0,"comment_status":"closed","ping_status":"closed","template":"","meta":{"_editorskit_title_hidden":false,"_editorskit_reading_time":2,"_editorskit_is_block_options_detached":false,"_editorskit_block_options_position":"{}","_mc_calendar":[],"footnotes":""},"class_list":["post-11484","page","type-page","status-publish","has-post-thumbnail","hentry"],"_links":{"self":[{"href":"https:\/\/osp.wezewo.info\/index.php?rest_route=\/wp\/v2\/pages\/11484","targetHints":{"allow":["GET"]}}],"collection":[{"href":"https:\/\/osp.wezewo.info\/index.php?rest_route=\/wp\/v2\/pages"}],"about":[{"href":"https:\/\/osp.wezewo.info\/index.php?rest_route=\/wp\/v2\/types\/page"}],"author":[{"embeddable":true,"href":"https:\/\/osp.wezewo.info\/index.php?rest_route=\/wp\/v2\/users\/2"}],"replies":[{"embeddable":true,"href":"https:\/\/osp.wezewo.info\/index.php?rest_route=%2Fwp%2Fv2%2Fcomments&post=11484"}],"version-history":[{"count":11,"href":"https:\/\/osp.wezewo.info\/index.php?rest_route=\/wp\/v2\/pages\/11484\/revisions"}],"predecessor-version":[{"id":12033,"href":"https:\/\/osp.wezewo.info\/index.php?rest_route=\/wp\/v2\/pages\/11484\/revisions\/12033"}],"up":[{"embeddable":true,"href":"https:\/\/osp.wezewo.info\/index.php?rest_route=\/wp\/v2\/pages\/632"}],"wp:featuredmedia":[{"embeddable":true,"href":"https:\/\/osp.wezewo.info\/index.php?rest_route=\/wp\/v2\/media\/11774"}],"wp:attachment":[{"href":"https:\/\/osp.wezewo.info\/index.php?rest_route=%2Fwp%2Fv2%2Fmedia&parent=11484"}],"curies":[{"name":"wp","href":"https:\/\/api.w.org\/{rel}","templated":true}]}}