{"id":1192,"date":"2013-07-08T20:24:26","date_gmt":"2013-07-08T18:24:26","guid":{"rendered":"https:\/\/osp.wezewo.info\/New\/?page_id=1192"},"modified":"2025-02-20T21:27:06","modified_gmt":"2025-02-20T20:27:06","slug":"oferta","status":"publish","type":"page","link":"https:\/\/osp.wezewo.info\/?page_id=1192","title":{"rendered":"OFERTA"},"content":{"rendered":"<h2>Oferujemy wynajem sali dolnej (balowej) oraz sali g\u00f3rnej (\u015bwietlicy) na wesela, przyj\u0119cia i imprezy okoliczno\u015bciowe<\/h2>\n<h3 style=\"text-align: center;\">Cennik za wynaj\u0119cie sal bankietowych znajduj\u0105cych si\u0119 w budynku przynale\u017c\u0105cym do OSP W\u0119\u017cewo.<\/h3>\n<ul>\n<li>Ka\u017cdorazowo za wynaj\u0119cie sto\u0142owizny dla 1 osoby &#8211; op\u0142ata 3 z\u0142.<\/li>\n<li>Wynaj\u0119cie sali w remizie OSP w W\u0119\u017cewie w celu zarobkowym (np.: handel obwo\u017any ) na godziny &#8211; op\u0142ata 100 z\u0142.<\/li>\n<li>Wynajem sal w remizie OSP w W\u0119\u017cewie w celu zarobkowym ( np.: bal sylwestrowy ) odpowiednio g\u00f3rna sala &#8211; op\u0142ata 600 z\u0142, dolna sala &#8211; op\u0142ata 1000 z\u0142.<\/li>\n<li>Wynaj\u0119cie sal w remizie OSP w W\u0119\u017cewie przez mieszka\u0144c\u00f3w gminy Krasne odpowiednio g\u00f3rna sala &#8211; oplata 300 z\u0142, dolna sala 500 z\u0142.<\/li>\n<li>Wynaj\u0119cie sal w remizie OSP w W\u0119\u017cewie przez mieszka\u0144c\u00f3w wsi W\u0119\u017cewo odpowiednio g\u00f3rna sala- op\u0142ata 200 z\u0142 , dolna sala 400 z\u0142.<\/li>\n<li>Wynaj\u0119cie sal w remizie OSP w W\u0119\u017cewie przez cz\u0142onka OSP w W\u0119\u017cewie &#8211; 100 z\u0142.<\/li>\n<li>Wynaj\u0119cie sal w remizie OSP w W\u0119\u017cewie przez stowarzyszenia z terenu gminy Krasne &#8211; op\u0142ata 100 z\u0142<\/li>\n<li>Wynaj\u0119cie sal w remizie OSP w W\u0119\u017cewie dla mieszka\u0144c\u00f3w W\u0119\u017cewa na konsolacj\u0119 &#8211; op\u0142ata\u00a0 0 z\u0142<\/li>\n<li>Wynaj\u0119cie sal w remizie OSP w W\u0119\u017cewie dla mieszka\u0144c\u00f3w gminy Krasne\u00a0 na konsolacj\u0119 &#8211; op\u0142ata\u00a0\u00a0 250 z\u0142<\/li>\n<\/ul>\n<h2>Zapraszamy do kontaktu pod numerem telefonu 798 957 570<\/h2>\n","protected":false},"excerpt":{"rendered":"<p>Oferujemy wynajem sali dolnej (balowej) oraz sali g\u00f3rnej (\u015bwietlicy) na wesela, przyj\u0119cia i imprezy okoliczno\u015bciowe Cennik za wynaj\u0119cie sal bankietowych znajduj\u0105cych si\u0119 w budynku przynale\u017c\u0105cym do OSP W\u0119\u017cewo. Ka\u017cdorazowo za wynaj\u0119cie sto\u0142owizny dla 1 osoby &#8211; op\u0142ata 3 z\u0142. Wynaj\u0119cie sali w remizie OSP w W\u0119\u017cewie w celu zarobkowym (np.: handel obwo\u017any ) na godziny [&hellip;]<\/p>\n","protected":false},"author":2,"featured_media":0,"parent":0,"menu_order":0,"comment_status":"closed","ping_status":"closed","template":"","meta":{"_editorskit_title_hidden":false,"_editorskit_reading_time":0,"_editorskit_is_block_options_detached":false,"_editorskit_block_options_position":"{}","_mc_calendar":[],"footnotes":""},"class_list":["post-1192","page","type-page","status-publish","hentry"],"_links":{"self":[{"href":"https:\/\/osp.wezewo.info\/index.php?rest_route=\/wp\/v2\/pages\/1192","targetHints":{"allow":["GET"]}}],"collection":[{"href":"https:\/\/osp.wezewo.info\/index.php?rest_route=\/wp\/v2\/pages"}],"about":[{"href":"https:\/\/osp.wezewo.info\/index.php?rest_route=\/wp\/v2\/types\/page"}],"author":[{"embeddable":true,"href":"https:\/\/osp.wezewo.info\/index.php?rest_route=\/wp\/v2\/users\/2"}],"replies":[{"embeddable":true,"href":"https:\/\/osp.wezewo.info\/index.php?rest_route=%2Fwp%2Fv2%2Fcomments&post=1192"}],"version-history":[{"count":7,"href":"https:\/\/osp.wezewo.info\/index.php?rest_route=\/wp\/v2\/pages\/1192\/revisions"}],"predecessor-version":[{"id":13147,"href":"https:\/\/osp.wezewo.info\/index.php?rest_route=\/wp\/v2\/pages\/1192\/revisions\/13147"}],"wp:attachment":[{"href":"https:\/\/osp.wezewo.info\/index.php?rest_route=%2Fwp%2Fv2%2Fmedia&parent=1192"}],"curies":[{"name":"wp","href":"https:\/\/api.w.org\/{rel}","templated":true}]}}