{"id":12,"date":"2013-07-06T11:57:56","date_gmt":"2013-07-06T11:57:56","guid":{"rendered":"https:\/\/osp.wezewo.info\/New\/?page_id=2"},"modified":"2025-10-26T09:32:07","modified_gmt":"2025-10-26T08:32:07","slug":"przykladowa-strona","status":"publish","type":"page","link":"https:\/\/osp.wezewo.info\/?page_id=12","title":{"rendered":"HISTORIA OSP"},"content":{"rendered":"\n<p><strong>Historia Ochotniczej Stra\u017cy Po\u017carnej w W\u0119\u017cewie, w latach 1921-2021 napisana <br>przez Krzysztofa Wyszkowskiego i Kazimierza Koz\u0142owskiego wydana  w 2021 roku.<br><\/strong><\/p>\n\n\n\n<figure class=\"wp-block-image size-full\"><a href=\"https:\/\/osp.wezewo.info\/wp-content\/uploads\/2021\/11\/Ksiazka-artykul-1.jpg\"><img loading=\"lazy\" decoding=\"async\" width=\"432\" height=\"571\" src=\"https:\/\/osp.wezewo.info\/wp-content\/uploads\/2021\/11\/Ksiazka-artykul-1.jpg\" alt=\"\" class=\"wp-image-12013\" srcset=\"https:\/\/osp.wezewo.info\/wp-content\/uploads\/2021\/11\/Ksiazka-artykul-1.jpg 432w, https:\/\/osp.wezewo.info\/wp-content\/uploads\/2021\/11\/Ksiazka-artykul-1-227x300.jpg 227w\" sizes=\"auto, (max-width: 432px) 100vw, 432px\" \/><\/a><\/figure>\n\n\n\n<div data-wp-interactive=\"core\/file\" class=\"wp-block-file\"><object data-wp-bind--hidden=\"!state.hasPdfPreview\" hidden class=\"wp-block-file__embed\" data=\"https:\/\/osp.wezewo.info\/wp-content\/uploads\/2025\/10\/OSP-Wezewo-2021-druk1.pdf\" type=\"application\/pdf\" style=\"width:100%;height:600px\" aria-label=\"Osadzone z OSP Wezewo 2021 (druk)(1).\"><\/object><a id=\"wp-block-file--media-7d451b1f-3f13-40c7-b32a-31de758ee5dc\" href=\"https:\/\/osp.wezewo.info\/wp-content\/uploads\/2025\/10\/OSP-Wezewo-2021-druk1.pdf\">OSP Wezewo 2021 (druk)(1)<\/a><a href=\"https:\/\/osp.wezewo.info\/wp-content\/uploads\/2025\/10\/OSP-Wezewo-2021-druk1.pdf\" class=\"wp-block-file__button wp-element-button\" download aria-describedby=\"wp-block-file--media-7d451b1f-3f13-40c7-b32a-31de758ee5dc\">Pobierz<\/a><\/div>\n\n\n<p><strong>Historia Ochotniczej Stra\u017cy Po\u017carnej w W\u0119\u017cewie, w latach 1925-2013 napisana\u00a0<\/strong><br \/><strong>przez\u00a0 Bogdan Zarodkiewicz w roku 2013\u00a0\u00a0<\/strong><\/p>\n<p style=\"text-align: justify;\">Po odzyskaniu niepodleg\u0142o\u015bci i wygraniu wojny z Rosja bolszewick\u0105, zacz\u0119\u0142y powstawa\u0107 organizacje spo\u0142eczne i kulturalne. R\u00f3wnie\u017c w naszej miejscowo\u015bci, zawi\u0105za\u0142a si\u0119 w 1925 roku Ochotnicza Stra\u017c Po\u017carna. Mimo niewielu zachowanych przekaz\u00f3w, wiemy \u017ce uda\u0142o si\u0119 to dzi\u0119ki zarz\u0105dcy maj\u0105tku s\u0105siedniej wioski, \u017bbiki. To pan Bojanowski dopom\u00f3g\u0142 przy zakupie pierwszej r\u0119cznej pompy i innego sprz\u0119tu potrzebnego do gaszenia po\u017car\u00f3w. Zosta\u0142 r\u00f3wnie\u017c pierwszym Prezesem OSP. Nic wi\u0119c dziwnego, \u017ce opr\u00f3cz ochotnik\u00f3w z W\u0119\u017cewa, do Stra\u017cy nale\u017ca\u0142o wiele os\u00f3b z maj\u0105tku \u017bbiki. By\u0142a tak a\u017c do czas\u00f3w II wojny \u015bwiatowej, kiedy to zostali ju\u017c tylko stra\u017cacy z naszej miejscowo\u015bci. Przed II wojn\u0105 \u015bwiatow\u0105 pobudowano pierwsz\u0105 remiz\u0119 stra\u017cack\u0105. Powsta\u0142a ona w centrum wsi, na ziemi przekazanej przez jednego z za\u0142o\u017cycieli, pana Franciszka B\u0142aszczaka. By\u0142 to budynek murowany, parterowy, w kt\u00f3rym znajdowa\u0142a si\u0119 gara\u017c na w\u00f3z konny z zapleczem na sprz\u0119t ga\u015bniczy. Obok by\u0142a sala ze scen\u0105 i pomieszczeniem gospodarczym. Na sali odbywa\u0142y si\u0119 wiejskie spotkania i pota\u0144c\u00f3wki w okresie zimowym. Latem zabawy organizowano po drugiej stronie ulicy, w sadzie, u pana Ignacego Ostrowskiego, r\u00f3wnie\u017c jednego z za\u0142o\u017cycieli. Do ci\u0105gni\u0119cia wozu stra\u017cackiego by\u0142y potrzebne 2 konie. U\u017cyczali ich stra\u017cacy \u2013 ochotnicy, Franciszek Szczyglak i Ignacy Ostrowski.<\/p>\n<p style=\"text-align: justify;\"><a href=\"https:\/\/osp.wezewo.info\/wp-content\/uploads\/2013\/07\/powoz.jpg\"><img loading=\"lazy\" decoding=\"async\" class=\"aligncenter wp-image-2032 size-large\" src=\"https:\/\/osp.wezewo.info\/wp-content\/uploads\/2013\/07\/powoz-1024x716.jpg\" alt=\"powoz\" width=\"627\" height=\"438\" srcset=\"https:\/\/osp.wezewo.info\/wp-content\/uploads\/2013\/07\/powoz-1024x716.jpg 1024w, https:\/\/osp.wezewo.info\/wp-content\/uploads\/2013\/07\/powoz-300x209.jpg 300w, https:\/\/osp.wezewo.info\/wp-content\/uploads\/2013\/07\/powoz.jpg 1600w\" sizes=\"auto, (max-width: 627px) 100vw, 627px\" \/><\/a><\/p>\n<p style=\"text-align: justify;\">W okresie mi\u0119dzywojennym, wi\u0119kszo\u015b\u0107 budynk\u00f3w wiejskich by\u0142a drewniana i pod s\u0142omianymi strzechami. Dlatego wyjazdy do po\u017car\u00f3w zdarza\u0142y si\u0119 bardzo cz\u0119sto. Jako by\u0142a \u00f3wczesna skuteczno\u015b\u0107, trudno powiedzie\u0107, ale na pewno ratowano co mo\u017cna i ile by\u0142a mo\u017cna. Najwi\u0119ksz\u0105 akcja ga\u015bnicz\u0105 w tamtym okresie, by\u0142 po\u017car miejscowo\u015bci Zalesie, kiedy to sp\u0142on\u0119\u0142a niemal po\u0142owa zbudowa\u0144 we wsi. W stra\u017cy, mimo \u017ce ochotniczej, obowi\u0105zywa\u0142 pewien rygor wojskowy. W ka\u017cd\u0105 niedziel\u0119, o godzinie 6:00, ochotnicy na sygna\u0142 tr\u0105bki zbierali si\u0119 na zbi\u00f3rk\u0119. P\u00f3\u017aniej, obowi\u0105zkowo przeprowadzana godzinn\u0105 musztr\u0119 i inne szkolenia. W zwyczaju by\u0142o, aby w dni \u015bwi\u0105t ko\u015bcielnych i odpust\u00f3w, maszerowa\u0107 w kolumnie do ko\u015bcio\u0142a parafialnego. W po\u0142owie lat 30, stra\u017cacy ufundowali kapliczk\u0119 u wylotu wsi w kierunku miejscowo\u015bci Krasne. Ochotnicza Stra\u017c Po\u017carna, jako jedna z niewielu s\u0142u\u017cb, nie zosta\u0142a rozwi\u0105zana i istnia\u0142a po wybuchu II wojny \u015bwiatowej. Przez ca\u0142\u0105 okupacj\u0119 stra\u017cacy nie\u015bli pomoc w W\u0119\u017cewie i pobliskich miejscowo\u015bciach. Okupant przekaza\u0142 nawet motopomp\u0119 spalinow\u0105, kt\u00f3ra by\u0142a bardzo wydajna i pomocna przy po\u017carach. Niestety, gdy si\u0119 wycofa\u0142 w 1945, zabra\u0142 j\u0105 ze sob\u0105.<\/p>\n<p style=\"text-align: justify;\">W latach sze\u015b\u0107dziesi\u0105tych, dobudowano od strony zachodniej, now\u0105 sal\u0119. By\u0142a parterowa, ale o wysoko\u015bci ok. 6 metr\u00f3w i wymiarach 15m x 20 m. Poprawi\u0142o to w znacznym stopniu warunki lokalowe naszej stra\u017cy. Cz\u0119\u015bciej organizowano bale, zabawy i pota\u0144c\u00f3wki. Przyje\u017cd\u017ca\u0142o kino objazdowe. W okresie \u017cniw organizowano przedszkole dla dzieci. Pod koniec lat 60, przy skrzy\u017cowaniu dr\u00f3g, staraniem stra\u017cy, obudowano betonowymi p\u0142ytami staw, zamieniaj\u0105 go w zbiornik przeciwpo\u017carowy. Mia\u0142 ono wybetonowane burty i by\u0142 ogrodzony siatk\u0105. S\u0142u\u017cy\u0142 stra\u017cy i wiosce do lat 90, gdy powsta\u0142 wodoci\u0105g. 1971 roku postawiono wie\u017c\u0119 metalow\u0105, na kt\u00f3rej zainstalowano syren\u0119.<\/p>\n<p style=\"text-align: justify;\"><a href=\"https:\/\/osp.wezewo.info\/wp-content\/uploads\/2013\/07\/iIMG_00072.jpg\"><img loading=\"lazy\" decoding=\"async\" class=\"aligncenter wp-image-1842 size-large\" src=\"https:\/\/osp.wezewo.info\/wp-content\/uploads\/2013\/07\/iIMG_00072-1024x716.jpg\" alt=\"iIMG_00072\" width=\"627\" height=\"438\" srcset=\"https:\/\/osp.wezewo.info\/wp-content\/uploads\/2013\/07\/iIMG_00072-1024x716.jpg 1024w, https:\/\/osp.wezewo.info\/wp-content\/uploads\/2013\/07\/iIMG_00072-300x209.jpg 300w, https:\/\/osp.wezewo.info\/wp-content\/uploads\/2013\/07\/iIMG_00072.jpg 1600w\" sizes=\"auto, (max-width: 627px) 100vw, 627px\" \/><\/a><\/p>\n<p style=\"text-align: justify;\">W latach sze\u015b\u0107dziesi\u0105tych, nasza jednostka, jako pierwsza na terenie gminy, otrzyma\u0142 samoch\u00f3d stra\u017cacki marki Star. W 1975 r., w 50 rocznic\u0119 istnienia, OSP W\u0119\u017cewo uhonorowane zosta\u0142o sztandarem. Uroczysto\u015bci tej towarzyszy\u0142y kiermasze, loterie i inne atrakcje. W tym samym czasie, w jednostce wymieniono starego Stara, na nowy samoch\u00f3d marki Jelcz. S\u0142u\u017cy\u0142 on ponad 30 lat. W 2008 roku wymieniono go na samoch\u00f3d marki Mercedes.<\/p>\n<p style=\"text-align: center;\"><a href=\"https:\/\/osp.wezewo.info\/wp-content\/uploads\/2013\/07\/IMG_0049.jpg\"><img loading=\"lazy\" decoding=\"async\" class=\"alignnone wp-image-2012 size-large\" src=\"https:\/\/osp.wezewo.info\/wp-content\/uploads\/2013\/07\/IMG_0049-1024x678.jpg\" alt=\"IMG_0049\" width=\"627\" height=\"415\" srcset=\"https:\/\/osp.wezewo.info\/wp-content\/uploads\/2013\/07\/IMG_0049-1024x678.jpg 1024w, https:\/\/osp.wezewo.info\/wp-content\/uploads\/2013\/07\/IMG_0049-300x198.jpg 300w, https:\/\/osp.wezewo.info\/wp-content\/uploads\/2013\/07\/IMG_0049.jpg 1600w\" sizes=\"auto, (max-width: 627px) 100vw, 627px\" \/><\/a><\/p>\n<p style=\"text-align: justify;\">W latach siedemdziesi\u0105tych i osiemdziesi\u0105tych istnia\u0142y w strukturach naszej stra\u017cy dru\u017cyny m\u0142odzie\u017cowe. Uczestniczy\u0142y czynnie w dzia\u0142alno\u015bci OSP, w tym szkoleniach ppo\u017c., obozach wakacyjnych i zawodach stra\u017cackich. W po\u0142owie lat osiemdziesi\u0105tych podj\u0119to uchwa\u0142\u0119 o budowie nowej remizy stra\u017cackiej. Przy wydatnej pomocy Urz\u0119du Gminy Krasne i Zak\u0142adu Ubezpiecze\u0144 Spo\u0142ecznych, budow\u0119 zacz\u0119to w 1987 roku. Jednak tylko dzi\u0119ki determinacji i zaanga\u017cowaniu stra\u017cak\u00f3w-ochotnik\u00f3w oraz ca\u0142ej wioski ju\u017c po trzech latach mogli\u015bmy korzysta\u0107 nowego budynku. Na po\u0142udnie od starej remizy, kt\u00f3ra zosta\u0142a rozebrana, powsta\u0142 nowoczesny, pi\u0119trowy budynek. W stra\u017cnicy, opr\u00f3cz pomieszcze\u0144 typowo stra\u017cackich, siedzib\u0119 znalaz\u0142o Ko\u0142o Gospody\u0144 Wiejskich oraz m\u0142odzie\u017c zrzeszona w LZS-ie. Budynek s\u0142u\u017cy naszym stra\u017cakom i ca\u0142ej wiosce po dzie\u0144 dzisiejszy. Jedn\u0105 z tradycji OSP jest uczestniczenie od lat 50, w corocznych zawodach stra\u017cackich, na szczeblu gminnym i powiatowym, z wieloma sukcesami. Lata dziewi\u0119\u0107dziesi\u0105te, by\u0142y trudnym okresem w historii jednostki. Dzi\u0119ki zaanga\u017cowaniu stra\u017cak\u00f3w i przyjaci\u00f3\u0142 uda\u0142o si\u0119 przezwyci\u0119\u017cy\u0107 napotkane trudno\u015bci, w tym pr\u00f3by likwidacji OSP.<\/p>\n<p style=\"text-align: justify;\">W 2012 roku z inicjatywy obecnego Zarz\u0105du, powsta\u0142a na sali znajduj\u0105cej si\u0119 na pi\u0119trze, \u015bwietlica wiejska oraz towarzysz\u0105ca jej izba tradycji. \u015awietlica zapewnia mo\u017cliwo\u015b\u0107 sp\u0119dzenia wolnego czasu spos\u00f3b aktywny, jak i stanowi miejsce spotka\u0144 lokalnej spo\u0142eczno\u015bci. W \u015bwietlicy zorganizowano szereg otwartych turniej\u00f3w: szachowo-warcabowy, bilardowy i w tenisa sto\u0142owego. W styczniu 2013 roku zorganizowano I przegl\u0105d solist\u00f3w i zespo\u0142\u00f3w \u015bpiewaj\u0105cych kol\u0119dy i pastora\u0142ki. Ochotnicza Stra\u017c Po\u017carna w W\u0119\u017cewie, mimo d\u0142ugiej historii, wci\u0105\u017c dzia\u0142a bardzo pr\u0119\u017cnie i stanowi atrakcyjn\u0105 form\u0119 aktywno\u015bci dla nowych rocznik\u00f3w, stra\u017cak\u00f3w-ochotnik\u00f3w. Musimy jednak pami\u0119ta\u0107 o naszych pradziadkach, dziadkach i ojcach, kt\u00f3rzy t\u0105 Stra\u017c stworzyli, tworzyli i tworz\u0105. To dzi\u0119ki tym kt\u00f3rzy odeszli, jak i obecnym, mamy takie szczeg\u00f3lne miejsce w W\u0119\u017cewie, gdzie mo\u017cemy czu\u0107 si\u0119 bezpiecznie i u siebie, a jest to remiza OSP.<\/p>","protected":false},"excerpt":{"rendered":"<p>Historia Ochotniczej Stra\u017cy Po\u017carnej w W\u0119\u017cewie, w latach 1921-2021 napisana przez Krzysztofa Wyszkowskiego i Kazimierza Koz\u0142owskiego wydana w 2021 roku. Historia Ochotniczej Stra\u017cy Po\u017carnej w W\u0119\u017cewie, w latach 1925-2013 napisana\u00a0przez\u00a0 Bogdan Zarodkiewicz w roku 2013\u00a0\u00a0 Po odzyskaniu niepodleg\u0142o\u015bci i wygraniu wojny z Rosja bolszewick\u0105, zacz\u0119\u0142y powstawa\u0107 organizacje spo\u0142eczne i kulturalne. R\u00f3wnie\u017c w naszej miejscowo\u015bci, zawi\u0105za\u0142a [&hellip;]<\/p>\n","protected":false},"author":2,"featured_media":0,"parent":0,"menu_order":0,"comment_status":"closed","ping_status":"closed","template":"","meta":{"_editorskit_title_hidden":false,"_editorskit_reading_time":0,"_editorskit_is_block_options_detached":false,"_editorskit_block_options_position":"{}","_mc_calendar":[],"footnotes":""},"class_list":["post-12","page","type-page","status-publish","hentry"],"_links":{"self":[{"href":"https:\/\/osp.wezewo.info\/index.php?rest_route=\/wp\/v2\/pages\/12","targetHints":{"allow":["GET"]}}],"collection":[{"href":"https:\/\/osp.wezewo.info\/index.php?rest_route=\/wp\/v2\/pages"}],"about":[{"href":"https:\/\/osp.wezewo.info\/index.php?rest_route=\/wp\/v2\/types\/page"}],"author":[{"embeddable":true,"href":"https:\/\/osp.wezewo.info\/index.php?rest_route=\/wp\/v2\/users\/2"}],"replies":[{"embeddable":true,"href":"https:\/\/osp.wezewo.info\/index.php?rest_route=%2Fwp%2Fv2%2Fcomments&post=12"}],"version-history":[{"count":19,"href":"https:\/\/osp.wezewo.info\/index.php?rest_route=\/wp\/v2\/pages\/12\/revisions"}],"predecessor-version":[{"id":13365,"href":"https:\/\/osp.wezewo.info\/index.php?rest_route=\/wp\/v2\/pages\/12\/revisions\/13365"}],"wp:attachment":[{"href":"https:\/\/osp.wezewo.info\/index.php?rest_route=%2Fwp%2Fv2%2Fmedia&parent=12"}],"curies":[{"name":"wp","href":"https:\/\/api.w.org\/{rel}","templated":true}]}}