{"id":12085,"date":"2022-01-21T11:08:14","date_gmt":"2022-01-21T10:08:14","guid":{"rendered":"https:\/\/osp.wezewo.info\/?page_id=12085"},"modified":"2023-01-14T12:33:48","modified_gmt":"2023-01-14T11:33:48","slug":"zdarzenia-2022","status":"publish","type":"page","link":"https:\/\/osp.wezewo.info\/?page_id=12085","title":{"rendered":"ZDARZENIA 2022"},"content":{"rendered":"\n<h2 class=\"wp-block-heading\" id=\"zdarzenie-w-dniu-19-01-2022-godzina-10-12\">Zdarzenie w dniu 19-01-2022&nbsp;godzina 10:12<\/h2>\n\n\n\n<p>Adres zdarzenia \u2013 W\u0119\u017cewo, budynek gospodarczy (stodo\u0142a)<br>Typ zdarzenia \u2013&nbsp; Zabezpieczenie zerwanego fragmentu dachu&nbsp;&nbsp;<br>Czas trwania akcji: 1h 50 minut<br>Lista uczestnik\u00f3w:<\/p>\n\n\n\n<ul class=\"wp-block-list\"><li>\u017bbikowski Piotr<\/li><li>B\u0142aszczak Jaros\u0142aw<\/li><li>Grzeszczak Robert &nbsp;<\/li><li>Wyszkowski Krzysztof<\/li><li>Bojarski Pawe\u0142<\/li><li>Grzeszczak Pawe\u0142<\/li><\/ul>\n\n\n\n<div class=\"wp-block-image is-style-default\"><figure class=\"aligncenter size-full\"><a href=\"https:\/\/osp.wezewo.info\/wp-content\/uploads\/2022\/01\/stodola.jpg\"><img loading=\"lazy\" decoding=\"async\" width=\"526\" height=\"701\" src=\"https:\/\/osp.wezewo.info\/wp-content\/uploads\/2022\/01\/stodola.jpg\" alt=\"\" class=\"wp-image-12088\" srcset=\"https:\/\/osp.wezewo.info\/wp-content\/uploads\/2022\/01\/stodola.jpg 526w, https:\/\/osp.wezewo.info\/wp-content\/uploads\/2022\/01\/stodola-225x300.jpg 225w\" sizes=\"auto, (max-width: 526px) 100vw, 526px\" \/><\/a><\/figure><\/div>\n\n\n\n<h2 class=\"wp-block-heading\" id=\"zdarzenie-w-dniu-28-01-2022-w-godzina-16-20\">Zdarzenie w dniu 28-01-2022 w godzina 16:20<\/h2>\n\n\n\n<p>Adres zdarzenia \u2013 Krasne , budynek gospodarczy blaszany<br>Typ zdarzenia \u2013&nbsp; Po\u017car<br>Czas trwania akcji 0:19 minut<\/p>\n\n\n\n<div class=\"wp-block-media-text alignwide is-stacked-on-mobile\" style=\"grid-template-columns:37% auto\"><figure class=\"wp-block-media-text__media\"><video controls src=\"https:\/\/osp.wezewo.info\/wp-content\/uploads\/2022\/02\/video-1643441829.mp4\"><\/video><\/figure><div class=\"wp-block-media-text__content\">\n<ul class=\"wp-block-list\"><li>Lista uczestnik\u00f3w<\/li><\/ul>\n\n\n\n<p>Wyszkowski Krzysztof<\/p>\n\n\n\n<p>Bojarski Pawe\u0142<\/p>\n\n\n\n<p>B\u0142aszczak Jaros\u0142aw<\/p>\n\n\n\n<p>\u017bbikowski Piotr<\/p>\n\n\n\n<p>Grzeszczak Pawe\u0142<\/p>\n\n\n\n<p>Piotrowski Pawe\u0142<\/p>\n<\/div><\/div>\n\n\n\n<div class=\"wp-block-media-text alignwide is-stacked-on-mobile\"><figure class=\"wp-block-media-text__media\"><img loading=\"lazy\" decoding=\"async\" width=\"1024\" height=\"768\" src=\"https:\/\/osp.wezewo.info\/wp-content\/uploads\/2022\/02\/273647440_658260295377709_2486354350739019715_n-1024x768.jpg\" alt=\"\" class=\"wp-image-12219 size-full\" srcset=\"https:\/\/osp.wezewo.info\/wp-content\/uploads\/2022\/02\/273647440_658260295377709_2486354350739019715_n-1024x768.jpg 1024w, https:\/\/osp.wezewo.info\/wp-content\/uploads\/2022\/02\/273647440_658260295377709_2486354350739019715_n-300x225.jpg 300w, https:\/\/osp.wezewo.info\/wp-content\/uploads\/2022\/02\/273647440_658260295377709_2486354350739019715_n-768x576.jpg 768w, https:\/\/osp.wezewo.info\/wp-content\/uploads\/2022\/02\/273647440_658260295377709_2486354350739019715_n.jpg 1440w\" sizes=\"auto, (max-width: 1024px) 100vw, 1024px\" \/><\/figure><div class=\"wp-block-media-text__content\">\n<h2 class=\"wp-block-heading\" id=\"zdarzenie-w-dniu-15-02-2022-godzina-15-36\">Zdarzenie w dniu 15-02-2022  godzina 15:36<\/h2>\n\n\n\n<p>Adres zdarzenia \u2013 Krasne , nieu\u017cytki rolne<br>Typ zdarzenia \u2013&nbsp; Po\u017car trawy<br>Czas trwania akcji 0:30 minut<br>Lista uczestnik\u00f3w:<\/p>\n\n\n\n<ul class=\"wp-block-list\"><li>Wyszkowski Krzysztof<\/li><\/ul>\n\n\n\n<ul class=\"wp-block-list\"><li>Bojarski Pawe\u0142<\/li><li>B\u0142aszczak Jaros\u0142aw<\/li><li>\u017bbikowski Piotr<\/li><li>Grzeszczak Pawe\u0142<\/li><li>Go\u0142ota Micha\u0142<\/li><\/ul>\n<\/div><\/div>\n\n\n\n<h1 class=\"wp-block-heading\">Zdarzenia spowodowane przez orkan Eunice- 19-02-2022 r.<\/h1>\n\n\n\n<h2 class=\"wp-block-heading\">Zdarzenie w dniu 19-02-2022 w godzina 10:19<\/h2>\n\n\n\n<figure class=\"wp-block-gallery has-nested-images columns-default is-cropped wp-block-gallery-1 is-layout-flex wp-block-gallery-is-layout-flex\">\n<figure class=\"wp-block-image size-large\"><a href=\"https:\/\/osp.wezewo.info\/wp-content\/uploads\/2022\/02\/Zmijewo.jpg\"><img loading=\"lazy\" decoding=\"async\" width=\"1024\" height=\"768\" data-id=\"12222\" src=\"https:\/\/osp.wezewo.info\/wp-content\/uploads\/2022\/02\/Zmijewo-1024x768.jpg\" alt=\"\" class=\"wp-image-12222\" srcset=\"https:\/\/osp.wezewo.info\/wp-content\/uploads\/2022\/02\/Zmijewo-1024x768.jpg 1024w, https:\/\/osp.wezewo.info\/wp-content\/uploads\/2022\/02\/Zmijewo-300x225.jpg 300w, https:\/\/osp.wezewo.info\/wp-content\/uploads\/2022\/02\/Zmijewo-768x576.jpg 768w, https:\/\/osp.wezewo.info\/wp-content\/uploads\/2022\/02\/Zmijewo.jpg 1440w\" sizes=\"auto, (max-width: 1024px) 100vw, 1024px\" \/><\/a><\/figure>\n<\/figure>\n\n\n\n<p>Adres zdarzenia \u2013 Nowe \u017bmijewo budynek mieszkalny<br>Typ zdarzenia \u2013&nbsp; Zerwany dach<br>Czas trwania akcji 3:15 minut<br>Lista uczestnik\u00f3w:<\/p>\n\n\n\n<ul class=\"wp-block-list\"><li>Bojarski Pawe\u0142<\/li><li>Chodkowski Mi\u0142osz<\/li><li>Wyszkowski Krzysztof<\/li><li>\u017bbikowski Piotr<\/li><li>Smosarski Bartosz<\/li><li>Go\u0142ota Micha<\/li><li>Borucki Jacek<\/li><\/ul>\n\n\n\n<h2 class=\"wp-block-heading\">Zdarzenie w dniu 19-02-2022 w godzina 11:15<\/h2>\n\n\n\n<p>Adres zdarzenia \u2013 W\u0119\u017cewo budynek mieszkalny<br>Typ zdarzenia \u2013&nbsp; Zerwany dach<br>Czas trwania akcji 2:28 minut<br>Lista uczestnik\u00f3w:<\/p>\n\n\n\n<ul class=\"wp-block-list\"><li>Grzeszczak Pawe\u0142<\/li><li>Piotrowski Pawe\u0142<\/li><li>B\u0142aszczak Jaros\u0142aw<\/li><\/ul>\n\n\n\n<figure class=\"wp-block-gallery has-nested-images columns-default is-cropped wp-block-gallery-2 is-layout-flex wp-block-gallery-is-layout-flex\">\n<figure class=\"wp-block-image size-large\"><a href=\"https:\/\/osp.wezewo.info\/wp-content\/uploads\/2022\/02\/Wezewo-1.jpg\"><img loading=\"lazy\" decoding=\"async\" width=\"600\" height=\"307\" data-id=\"12223\" src=\"https:\/\/osp.wezewo.info\/wp-content\/uploads\/2022\/02\/Wezewo-1.jpg\" alt=\"\" class=\"wp-image-12223\" srcset=\"https:\/\/osp.wezewo.info\/wp-content\/uploads\/2022\/02\/Wezewo-1.jpg 600w, https:\/\/osp.wezewo.info\/wp-content\/uploads\/2022\/02\/Wezewo-1-300x154.jpg 300w\" sizes=\"auto, (max-width: 600px) 100vw, 600px\" \/><\/a><\/figure>\n<\/figure>\n\n\n\n<h2 class=\"wp-block-heading\">Zdarzenie w dniu 19-02-2022 w godzina 13:45<\/h2>\n\n\n\n<p>Adres zdarzenia \u2013 W\u0119\u017cewo budynek gospodarczy<br>Typ zdarzenia \u2013&nbsp; Zerwany dach<br>Czas trwania akcji 2:14 minut<br>Lista uczestnik\u00f3w:<\/p>\n\n\n\n<ul class=\"wp-block-list\"><li>Bojarski Pawe\u0142<\/li><li>Chodkowski Mi\u0142osz<\/li><li>Wyszkowski Krzysztof<\/li><li>\u017bbikowski Piotr<\/li><li>Smosarski Bartosz<\/li><li>Go\u0142ota Micha<\/li><li>Borucki Jacek<\/li><li>Grzeszczak Pawe\u0142<\/li><li>Piotrowski Pawe\u0142<\/li><li>B\u0142aszczak Jaros\u0142aw<\/li><\/ul>\n\n\n\n<h2 class=\"wp-block-heading\">Zdarzenie w dniu 27-02-2022 w godzina 06:42<\/h2>\n\n\n\n<p>Adres zdarzenia \u2013 Mosaki Rukle- budynek mieszkalny<br>Typ zdarzenia \u2013&nbsp; Wybuch gazu<br>Czas trwania akcji 1:23 minut<br>Lista uczestnik\u00f3w:<\/p>\n\n\n\n<ul class=\"wp-block-list\"><li>Grzeszczak Pawe\u0142<\/li><li>Czerwi\u0144ski Jacek<\/li><li>Wyszkowski Krzysztof<\/li><li>\u017bbikowski Piotr<\/li><li>Smosarski Bartosz<\/li><li>Go\u0142ota Micha\u0142<\/li><\/ul>\n\n\n\n<figure class=\"wp-block-gallery has-nested-images columns-default is-cropped wp-block-gallery-3 is-layout-flex wp-block-gallery-is-layout-flex\">\n<figure class=\"wp-block-image size-large\"><a href=\"https:\/\/osp.wezewo.info\/wp-content\/uploads\/2022\/03\/gas-rukle.jpg\"><img loading=\"lazy\" decoding=\"async\" width=\"600\" height=\"450\" data-id=\"12226\" src=\"https:\/\/osp.wezewo.info\/wp-content\/uploads\/2022\/03\/gas-rukle.jpg\" alt=\"\" class=\"wp-image-12226\" srcset=\"https:\/\/osp.wezewo.info\/wp-content\/uploads\/2022\/03\/gas-rukle.jpg 600w, https:\/\/osp.wezewo.info\/wp-content\/uploads\/2022\/03\/gas-rukle-300x225.jpg 300w\" sizes=\"auto, (max-width: 600px) 100vw, 600px\" \/><\/a><\/figure>\n<\/figure>\n\n\n\n<h2 class=\"wp-block-heading\">Zdarzenie w dniu 27-02-2022 w godzina 13:50<\/h2>\n\n\n\n<p>Adres zdarzenia \u2013 \u017bbiki -droga powiatowa<br>Typ zdarzenia \u2013&nbsp; po\u017car trawy na rowie<br>Czas trwania akcji 0:18 minut<br>Lista uczestnik\u00f3w:<\/p>\n\n\n\n<ul class=\"wp-block-list\"><li>Grzeszczak Pawe\u0142<\/li><li>Piotrowski Pawe\u0142<\/li><li>Wyszkowski Krzysztof<\/li><li>\u017bbikowski Piotr<\/li><li>Smosarski Bartosz<\/li><li>Go\u0142ota Micha\u0142<\/li><li>Borucki Jacek<\/li><\/ul>\n\n\n\n<figure class=\"wp-block-gallery has-nested-images columns-default is-cropped wp-block-gallery-4 is-layout-flex wp-block-gallery-is-layout-flex\">\n<figure class=\"wp-block-image size-large\"><a href=\"https:\/\/osp.wezewo.info\/wp-content\/uploads\/2022\/03\/zbiki-pozar-1.jpg\"><img loading=\"lazy\" decoding=\"async\" width=\"526\" height=\"477\" data-id=\"12228\" src=\"https:\/\/osp.wezewo.info\/wp-content\/uploads\/2022\/03\/zbiki-pozar-1.jpg\" alt=\"\" class=\"wp-image-12228\" srcset=\"https:\/\/osp.wezewo.info\/wp-content\/uploads\/2022\/03\/zbiki-pozar-1.jpg 526w, https:\/\/osp.wezewo.info\/wp-content\/uploads\/2022\/03\/zbiki-pozar-1-300x272.jpg 300w\" sizes=\"auto, (max-width: 526px) 100vw, 526px\" \/><\/a><\/figure>\n<\/figure>\n\n\n\n<h2 class=\"wp-block-heading\">Zdarzenie w dniu 13-04-2022 w godzina 22:47<\/h2>\n\n\n\n<p>Adres zdarzenia \u2013 Helen\u00f3w<br>Typ zdarzenia \u2013&nbsp; Po\u017car \u015bmieci w silosie<br>Czas trwania akcji 0:34 minut<br>Lista uczestnik\u00f3w:<\/p>\n\n\n\n<ul class=\"wp-block-list\"><li>Wyszkowski Krzysztof<\/li><li>Czerwi\u0144ski Jacek<\/li><li>B\u0142aszczak Jaros\u0142aw<\/li><li>\u017bbikowski Piotr<\/li><li>Grzeszczak Pawe\u0142<\/li><li>Chodkowski Mi\u0142osz<\/li><\/ul>\n\n\n\n<figure class=\"wp-block-image size-large\"><a href=\"https:\/\/osp.wezewo.info\/wp-content\/uploads\/2022\/05\/278335184_1951348348386748_355369958389929379_n.jpg\"><img loading=\"lazy\" decoding=\"async\" width=\"768\" height=\"1024\" src=\"https:\/\/osp.wezewo.info\/wp-content\/uploads\/2022\/05\/278335184_1951348348386748_355369958389929379_n-768x1024.jpg\" alt=\"\" class=\"wp-image-12359\" srcset=\"https:\/\/osp.wezewo.info\/wp-content\/uploads\/2022\/05\/278335184_1951348348386748_355369958389929379_n-768x1024.jpg 768w, https:\/\/osp.wezewo.info\/wp-content\/uploads\/2022\/05\/278335184_1951348348386748_355369958389929379_n-225x300.jpg 225w, https:\/\/osp.wezewo.info\/wp-content\/uploads\/2022\/05\/278335184_1951348348386748_355369958389929379_n-1152x1536.jpg 1152w, https:\/\/osp.wezewo.info\/wp-content\/uploads\/2022\/05\/278335184_1951348348386748_355369958389929379_n.jpg 1536w\" sizes=\"auto, (max-width: 768px) 100vw, 768px\" \/><\/a><\/figure>\n\n\n\n<h2 class=\"wp-block-heading\">Zdarzenie w dniu 12-08-2022 w godzina 19:23<\/h2>\n\n\n\n<p>Typ zdarzenia \u2013&nbsp; Usuni\u0119cie z budynku mieszkalnego gniazda szerszeni<br>Czas trwania akcji 0:33 minut<br>Lista uczestnik\u00f3w:<\/p>\n\n\n\n<ul class=\"wp-block-list\"><li>Wyszkowski Krzysztof<\/li><li>Przybysz Mariusz<\/li><li>Smosarski Bartosz<\/li><li>\u017bbikowski Piotr<\/li><li>Grzeszczak Pawe\u0142<\/li><li>B\u0142aszczak Jaros\u0142aw<\/li><\/ul>\n\n\n\n<figure class=\"wp-block-image size-large\"><a href=\"https:\/\/osp.wezewo.info\/wp-content\/uploads\/2022\/09\/298652714_534867345076969_3921678865175627172_n.jpg\"><img loading=\"lazy\" decoding=\"async\" width=\"766\" height=\"1024\" src=\"https:\/\/osp.wezewo.info\/wp-content\/uploads\/2022\/09\/298652714_534867345076969_3921678865175627172_n-766x1024.jpg\" alt=\"\" class=\"wp-image-12410\" srcset=\"https:\/\/osp.wezewo.info\/wp-content\/uploads\/2022\/09\/298652714_534867345076969_3921678865175627172_n-766x1024.jpg 766w, https:\/\/osp.wezewo.info\/wp-content\/uploads\/2022\/09\/298652714_534867345076969_3921678865175627172_n-224x300.jpg 224w, https:\/\/osp.wezewo.info\/wp-content\/uploads\/2022\/09\/298652714_534867345076969_3921678865175627172_n-768x1027.jpg 768w, https:\/\/osp.wezewo.info\/wp-content\/uploads\/2022\/09\/298652714_534867345076969_3921678865175627172_n-1149x1536.jpg 1149w, https:\/\/osp.wezewo.info\/wp-content\/uploads\/2022\/09\/298652714_534867345076969_3921678865175627172_n.jpg 1532w\" sizes=\"auto, (max-width: 766px) 100vw, 766px\" \/><\/a><\/figure>\n\n\n\n<p><\/p>\n\n\n\n<h2 class=\"wp-block-heading\">Zdarzenie w dniu 13-08-2022 w godzina 07:54<\/h2>\n\n\n\n<p>Adres zdarzenia \u2013 \u017bbiki-Gawronki<br>Typ zdarzenia \u2013&nbsp; Krowa wpad\u0142a do szamba<br>Czas trwania akcji 0:27 minut<br>Lista uczestnik\u00f3w:<\/p>\n\n\n\n<ul class=\"wp-block-list\"><li>Wyszkowski Krzysztof<\/li><li>Bojarski Pawe\u0142<\/li><li>Smosarski Bartosz<\/li><li>\u017bbikowski Piotr<\/li><li>Czerwi\u0144ski Jacek<\/li><li>B\u0142aszczak Jaros\u0142aw<\/li><\/ul>\n\n\n\n<h2 class=\"wp-block-heading\">Zdarzenie w dniu 23-09-2022 w godzina 09:04<\/h2>\n\n\n\n<p>Adres zdarzenia \u2013 Zielona , Szko\u0142a Podstawowa<br>Typ zdarzenia \u2013&nbsp; \u0106wiczenia<br>Czas trwania akcji 1:38 minut<br>Lista uczestnik\u00f3w:<\/p>\n\n\n\n<ul class=\"wp-block-list\"><li>Wyszkowski Krzysztof<\/li><\/ul>\n\n\n\n<ul class=\"wp-block-list\"><li>B\u0142aszczak Jaros\u0142aw<\/li><li>Grzeszczak Pawe\u0142<\/li><li>Go\u0142ota Micha\u0142<\/li><\/ul>\n\n\n\n<h2 class=\"wp-block-heading\">Zdarzenie w dniu 05-12-2022 w godzina 20:27<\/h2>\n\n\n\n<p>Adres zdarzenia \u2013 W\u0119\u017cewo<br>Typ zdarzenia \u2013&nbsp; Zadymienie w kot\u0142owni<br>Czas trwania akcji 0:42<br>Lista uczestnik\u00f3w:<\/p>\n\n\n\n<ul class=\"wp-block-list\"><li>Wyszkowski Krzysztof<\/li><\/ul>\n\n\n\n<ul class=\"wp-block-list\"><li>Grzeszczak Pawe\u0142<\/li><li>Go\u0142ota Micha\u0142<\/li><li>Bojarski Pawe\u0142<\/li><li>Smosarski Bartosz<\/li><li>Czerwi\u0144ski Jacek<\/li><li>\u017bbikowski Piotr<\/li><\/ul>\n","protected":false},"excerpt":{"rendered":"<p>Zdarzenie w dniu 19-01-2022&nbsp;godzina 10:12 Adres zdarzenia \u2013 W\u0119\u017cewo, budynek gospodarczy (stodo\u0142a)Typ zdarzenia \u2013&nbsp; Zabezpieczenie zerwanego fragmentu dachu&nbsp;&nbsp;Czas trwania akcji: 1h 50 minutLista uczestnik\u00f3w: \u017bbikowski Piotr B\u0142aszczak Jaros\u0142aw Grzeszczak Robert &nbsp; Wyszkowski Krzysztof Bojarski Pawe\u0142 Grzeszczak Pawe\u0142 Zdarzenie w dniu 28-01-2022 w godzina 16:20 Adres zdarzenia \u2013 Krasne , budynek gospodarczy blaszanyTyp zdarzenia \u2013&nbsp; Po\u017carCzas [&hellip;]<\/p>\n","protected":false},"author":2,"featured_media":0,"parent":632,"menu_order":0,"comment_status":"closed","ping_status":"closed","template":"","meta":{"_editorskit_title_hidden":false,"_editorskit_reading_time":1,"_editorskit_is_block_options_detached":false,"_editorskit_block_options_position":"{}","_mc_calendar":[],"footnotes":""},"class_list":["post-12085","page","type-page","status-publish","hentry"],"_links":{"self":[{"href":"https:\/\/osp.wezewo.info\/index.php?rest_route=\/wp\/v2\/pages\/12085","targetHints":{"allow":["GET"]}}],"collection":[{"href":"https:\/\/osp.wezewo.info\/index.php?rest_route=\/wp\/v2\/pages"}],"about":[{"href":"https:\/\/osp.wezewo.info\/index.php?rest_route=\/wp\/v2\/types\/page"}],"author":[{"embeddable":true,"href":"https:\/\/osp.wezewo.info\/index.php?rest_route=\/wp\/v2\/users\/2"}],"replies":[{"embeddable":true,"href":"https:\/\/osp.wezewo.info\/index.php?rest_route=%2Fwp%2Fv2%2Fcomments&post=12085"}],"version-history":[{"count":11,"href":"https:\/\/osp.wezewo.info\/index.php?rest_route=\/wp\/v2\/pages\/12085\/revisions"}],"predecessor-version":[{"id":12539,"href":"https:\/\/osp.wezewo.info\/index.php?rest_route=\/wp\/v2\/pages\/12085\/revisions\/12539"}],"up":[{"embeddable":true,"href":"https:\/\/osp.wezewo.info\/index.php?rest_route=\/wp\/v2\/pages\/632"}],"wp:attachment":[{"href":"https:\/\/osp.wezewo.info\/index.php?rest_route=%2Fwp%2Fv2%2Fmedia&parent=12085"}],"curies":[{"name":"wp","href":"https:\/\/api.w.org\/{rel}","templated":true}]}}