{"id":12827,"date":"2023-10-05T11:47:58","date_gmt":"2023-10-05T09:47:58","guid":{"rendered":"https:\/\/osp.wezewo.info\/?page_id=12827"},"modified":"2023-12-29T16:22:42","modified_gmt":"2023-12-29T15:22:42","slug":"zdarzenia-2023","status":"publish","type":"page","link":"https:\/\/osp.wezewo.info\/?page_id=12827","title":{"rendered":"ZDARZENIA 2023"},"content":{"rendered":"\n<p><strong>Zdarzenie<\/strong> w dniu 01-03-2023 w godzina 16:43<\/p>\n\n\n\n<p>Adres zdarzenia \u2013 Milewo-R\u0105czki , budynek mieszkalny jednorodzinny<br>Typ zdarzenia \u2013 Po\u017car<br>Czas trwania akcji 0:46 minut<br>Lista druh\u00f3w uczestnik\u00f3w akcji :<\/p>\n\n\n\n<ul class=\"wp-block-list\">\n<li>Wyszkowski Krzysztof<\/li>\n\n\n\n<li>Grzeszczak Robert<\/li>\n\n\n\n<li>B\u0142aszczak Jaros\u0142aw<\/li>\n\n\n\n<li>\u017bbikowski Piotr<\/li>\n\n\n\n<li>Czerwi\u0144ski Jacek<\/li>\n\n\n\n<li>Smosarski Bartosz<\/li>\n<\/ul>\n\n\n\n<p><strong>Zdarzenie<\/strong> w dniu 12-04-2023 w godzina 22:45<\/p>\n\n\n\n<p>Adres zdarzenia \u2013 Milewo-R\u0105czki , Budynek gospodarczy -Oboro stodo\u0142a<br>Typ zdarzenia \u2013 Po\u017car<br>Czas trwania akcji 1:56 minut<br>Lista druh\u00f3w uczestnik\u00f3w akcji :<\/p>\n\n\n\n<ul class=\"wp-block-list\">\n<li>Wyszkowski Krzysztof<\/li>\n\n\n\n<li>B\u0142aszczak Jaros\u0142aw<\/li>\n\n\n\n<li>\u017bbikowski Piotr<\/li>\n\n\n\n<li>Smosarski Bartosz<\/li>\n<\/ul>\n\n\n\n<p><strong>Zdarzenie<\/strong> w dniu 23-05-2023 w godzina 13:02<\/p>\n\n\n\n<p>Adres zdarzenia \u2013 Kozin , zap\u0142on drzewa magazynowanego<br>Typ zdarzenia \u2013 Po\u017car<br>Czas trwania akcji 0:59 minut<br>Lista druh\u00f3w uczestnik\u00f3w akcji :<\/p>\n\n\n\n<ul class=\"wp-block-list\">\n<li>Wyszkowski Krzysztof<\/li>\n\n\n\n<li>Grzeszczak Robert<\/li>\n\n\n\n<li>Grzeszczak Pawe\u0142<\/li>\n\n\n\n<li>\u017bbikowski Piotr<\/li>\n\n\n\n<li>Czerwi\u0144ski Jacek<\/li>\n\n\n\n<li>Bojarski Pawe\u0142<\/li>\n<\/ul>\n\n\n\n<p><strong>Zdarzenie<\/strong> w dniu 24-05-2023 w godzina 17:57<\/p>\n\n\n\n<p>Adres zdarzenia \u2013 Kraski-\u015alesice , budynek gospodarczy pustostan<br>Typ zdarzenia \u2013 Po\u017car<br>Czas trwania akcji 1:15 minut<br>Lista druh\u00f3w uczestnik\u00f3w akcji :<\/p>\n\n\n\n<ul class=\"wp-block-list\">\n<li>Wyszkowski Krzysztof<\/li>\n\n\n\n<li>Smosarski Bartosz<\/li>\n\n\n\n<li>B\u0142aszczak Jaros\u0142aw<\/li>\n\n\n\n<li>\u017bbikowski Piotr<\/li>\n\n\n\n<li>Piotrowski Pawe\u0142<\/li>\n\n\n\n<li>Grzeszczak Pawe\u0142<\/li>\n<\/ul>\n\n\n\n<p><strong>Zdarzenie<\/strong> w dniu 10-06-2023 w godzina 17:31<\/p>\n\n\n\n<p>Adres zdarzenia \u2013 Kur\u00f3wko , powalone drzewo na drodze gminnej i linii energetycznej<br>Typ zdarzenia \u2013 zagro\u017cenie miejscowe<br>Czas trwania akcji 2:30 minut<br>Lista druh\u00f3w uczestnik\u00f3w akcji :<\/p>\n\n\n\n<ul class=\"wp-block-list\">\n<li>Go\u0142ota Karolina<\/li>\n\n\n\n<li>Grzeszczak Robert<\/li>\n\n\n\n<li>Go\u0142ota Micha\u0142<\/li>\n\n\n\n<li>\u017bbikowski Piotr<\/li>\n\n\n\n<li>Czerwi\u0144ski Jacek<\/li>\n\n\n\n<li>Smosarski Bartosz<\/li>\n<\/ul>\n\n\n\n<p><strong>Zdarzenie<\/strong> w dniu 23-07-2023 w godzina 03:21<\/p>\n\n\n\n<p>Adres zdarzenia \u2013 Krasne ul. Miko\u0142aja Kopernika -zap\u0142on kontenera towarowego<br>Typ zdarzenia \u2013 Po\u017car<br>Czas trwania akcji 0:52 minut<br>Lista druh\u00f3w uczestnik\u00f3w akcji :<\/p>\n\n\n\n<ul class=\"wp-block-list\">\n<li>Wyszkowski Krzysztof<\/li>\n\n\n\n<li>Grzeszczak Robert<\/li>\n\n\n\n<li>Go\u0142ota Micha\u0142<\/li>\n\n\n\n<li>Grzeszczak Pawe\u0142<\/li>\n\n\n\n<li>Czerwi\u0144ski Jacek<\/li>\n\n\n\n<li>Smosarski Bartosz<\/li>\n<\/ul>\n\n\n\n<p><strong>Zdarzenie<\/strong> w dniu 13-08-2023 w godzina 14:20<\/p>\n\n\n\n<p>Adres zdarzenia \u2013 Krasne-El\u017cbiecin , kombajn zbo\u017cowy<br>Typ zdarzenia \u2013 Po\u017car<br>Czas trwania akcji 0:44 minut<br>Lista druh\u00f3w uczestnik\u00f3w akcji :<\/p>\n\n\n\n<ul class=\"wp-block-list\">\n<li>Wyszkowski Krzysztof<\/li>\n\n\n\n<li>Go\u0142ota Micha\u0142<\/li>\n\n\n\n<li>Piotrowski Pawe\u0142<\/li>\n\n\n\n<li>Przybysz Mariusz<\/li>\n\n\n\n<li>Smosarski Bartosz<\/li>\n<\/ul>\n\n\n\n<p><strong>Zdarzenie<\/strong> w dniu 23-08-2023 w godzina 19:01<\/p>\n\n\n\n<p>Adres zdarzenia \u2013 Nowokrasne , budynek gospodarczy \u2013 Owady<br>Typ zdarzenia \u2013 zagro\u017cenie miejscowe<br>Czas trwania akcji 1:14 minut<br>Lista druh\u00f3w uczestnik\u00f3w akcji :<\/p>\n\n\n\n<ul class=\"wp-block-list\">\n<li>Wyszkowski Krzysztof<\/li>\n\n\n\n<li>Go\u0142ota Micha\u0142<\/li>\n\n\n\n<li>B\u0142aszczak Jaros\u0142aw<\/li>\n\n\n\n<li>\u017bbikowski Piotr<\/li>\n\n\n\n<li>Czerwi\u0144ski Jacek<\/li>\n\n\n\n<li>Smosarski Bartosz<\/li>\n<\/ul>\n\n\n\n<p><strong>Zdarzenie <\/strong>w dniu 23-11-2023 w godzina 16:07<\/p>\n\n\n\n<p>Adres zdarzenia \u2013Mosaki-Star Wie\u015b , droga gminna<br>Typ zdarzenia \u2013&nbsp; Powalone drzewo na drodze<\/p>\n\n\n\n<p>Czas trwania akcji 0:36 minut<br>Lista uczestnik\u00f3w:<\/p>\n\n\n\n<ul class=\"wp-block-list\">\n<li>Wyszkowski Krzysztof<\/li>\n\n\n\n<li>Czerwi\u0144ski Jacek<\/li>\n\n\n\n<li>\u017bbikowski Piotr<\/li>\n\n\n\n<li>Smosarski Bartosz<\/li>\n\n\n\n<li>Grzeszczak Robert<\/li>\n\n\n\n<li>Grzeszczak Robert<\/li>\n<\/ul>\n\n\n\n<p><strong>Zdarzenie <\/strong>w dniu 03-12-2023 w godzina 20:41<\/p>\n\n\n\n<p>Adres zdarzenia \u2013 Szlasy-Umiemy<br>Typ zdarzenia \u2013&nbsp; Przew\u00f3d kominowy \u2013 zap\u0142on sadzy w kominie<\/p>\n\n\n\n<p>Czas trwania akcji 1:10 minut<br>Lista uczestnik\u00f3w:<\/p>\n\n\n\n<ul class=\"wp-block-list\">\n<li>Wyszkowski Krzysztof<\/li>\n\n\n\n<li>Go\u0142ota Micha\u0142<\/li>\n\n\n\n<li>\u017bbikowski Piotr<\/li>\n\n\n\n<li>Smosarski Bartosz<\/li>\n\n\n\n<li>Grzeszczak Pawe\u0142<\/li>\n\n\n\n<li>Czerwi\u0144ski Jacek<\/li>\n<\/ul>\n\n\n\n<p><strong>Zdarzenie <\/strong>w dniu 13-12-2023 w godzina 06:28<\/p>\n\n\n\n<p>Adres zdarzenia \u2013 Helen\u00f3w<br>Typ zdarzenia \u2013&nbsp; Po\u017car kurnika przemys\u0142owego<\/p>\n\n\n\n<p>Czas trwania akcji 1:10 minut<br>Lista uczestnik\u00f3w:<\/p>\n\n\n\n<ul class=\"wp-block-list\">\n<li>\u017bbikowski Piotr<\/li>\n\n\n\n<li>Wyszkowski Krzysztof<\/li>\n\n\n\n<li>Go\u0142ota Micha\u0142<\/li>\n\n\n\n<li>B\u0142aszczak Jaros\u0142aw<\/li>\n\n\n\n<li>Czerwi\u0144ski Jacek<\/li>\n\n\n\n<li>Grzeszczak Pawe\u0142<\/li>\n<\/ul>\n\n\n\n<p><strong>Zdarzenie <\/strong>w dniu 22-12-2023 w godzina 22:54<\/p>\n\n\n\n<p>Adres zdarzenia \u2013 Milewo-Szwejki<br>Typ zdarzenia \u2013&nbsp; Powalone drzewo \u2013droga gminna<\/p>\n\n\n\n<p>Czas trwania akcji 0:37 minut<br>Lista uczestnik\u00f3w:<\/p>\n\n\n\n<ul class=\"wp-block-list\">\n<li>Wyszkowski Krzysztof<\/li>\n\n\n\n<li>Smosarski Bartosz<\/li>\n\n\n\n<li>\u017bbikowski Piotr<\/li>\n\n\n\n<li>Czerwi\u0144ski Jacek<\/li>\n\n\n\n<li>Grzeszczak Robert<\/li>\n\n\n\n<li>B\u0142aszczak Jaros\u0142aw<\/li>\n<\/ul>\n\n\n\n<p><strong>Zdarzenie <\/strong>w dniu 28-12-2023 w godzina 00:49<\/p>\n\n\n\n<p>Adres zdarzenia \u2013 Krasne \u2013El\u017cbiecin<br>Typ zdarzenia \u2013&nbsp; Droga powiatowa- wypadek samochodu osobowego<\/p>\n\n\n\n<p>Czas trwania akcji 1:06 minut<br>Lista uczestnik\u00f3w:<\/p>\n\n\n\n<ul class=\"wp-block-list\">\n<li>Wyszkowski Krzysztof<\/li>\n\n\n\n<li>\u017bbikowski Piotr<\/li>\n\n\n\n<li>Czerwi\u0144ski Jacek<\/li>\n\n\n\n<li>Piotrowski Pawe\u0142<\/li>\n\n\n\n<li>Grzeszczak Pawe\u0142<\/li>\n\n\n\n<li>Smosarski Bartosz<\/li>\n<\/ul>\n","protected":false},"excerpt":{"rendered":"<p>Zdarzenie w dniu 01-03-2023 w godzina 16:43 Adres zdarzenia \u2013 Milewo-R\u0105czki , budynek mieszkalny jednorodzinnyTyp zdarzenia \u2013 Po\u017carCzas trwania akcji 0:46 minutLista druh\u00f3w uczestnik\u00f3w akcji : Zdarzenie w dniu 12-04-2023 w godzina 22:45 Adres zdarzenia \u2013 Milewo-R\u0105czki , Budynek gospodarczy -Oboro stodo\u0142aTyp zdarzenia \u2013 Po\u017carCzas trwania akcji 1:56 minutLista druh\u00f3w uczestnik\u00f3w akcji : Zdarzenie w [&hellip;]<\/p>\n","protected":false},"author":2,"featured_media":0,"parent":632,"menu_order":0,"comment_status":"closed","ping_status":"closed","template":"","meta":{"_editorskit_title_hidden":false,"_editorskit_reading_time":0,"_editorskit_is_block_options_detached":false,"_editorskit_block_options_position":"{}","_mc_calendar":[],"footnotes":""},"class_list":["post-12827","page","type-page","status-publish","hentry"],"_links":{"self":[{"href":"https:\/\/osp.wezewo.info\/index.php?rest_route=\/wp\/v2\/pages\/12827","targetHints":{"allow":["GET"]}}],"collection":[{"href":"https:\/\/osp.wezewo.info\/index.php?rest_route=\/wp\/v2\/pages"}],"about":[{"href":"https:\/\/osp.wezewo.info\/index.php?rest_route=\/wp\/v2\/types\/page"}],"author":[{"embeddable":true,"href":"https:\/\/osp.wezewo.info\/index.php?rest_route=\/wp\/v2\/users\/2"}],"replies":[{"embeddable":true,"href":"https:\/\/osp.wezewo.info\/index.php?rest_route=%2Fwp%2Fv2%2Fcomments&post=12827"}],"version-history":[{"count":3,"href":"https:\/\/osp.wezewo.info\/index.php?rest_route=\/wp\/v2\/pages\/12827\/revisions"}],"predecessor-version":[{"id":12913,"href":"https:\/\/osp.wezewo.info\/index.php?rest_route=\/wp\/v2\/pages\/12827\/revisions\/12913"}],"up":[{"embeddable":true,"href":"https:\/\/osp.wezewo.info\/index.php?rest_route=\/wp\/v2\/pages\/632"}],"wp:attachment":[{"href":"https:\/\/osp.wezewo.info\/index.php?rest_route=%2Fwp%2Fv2%2Fmedia&parent=12827"}],"curies":[{"name":"wp","href":"https:\/\/api.w.org\/{rel}","templated":true}]}}