{"id":13032,"date":"2024-05-24T15:33:59","date_gmt":"2024-05-24T13:33:59","guid":{"rendered":"https:\/\/osp.wezewo.info\/?page_id=13032"},"modified":"2025-01-01T16:50:34","modified_gmt":"2025-01-01T15:50:34","slug":"zdarzenia-2024","status":"publish","type":"page","link":"https:\/\/osp.wezewo.info\/?page_id=13032","title":{"rendered":"ZDARZENIA 2024"},"content":{"rendered":"\n<h2 class=\"wp-block-heading\">Zdarzenie w dniu 20-01-2024 w godzina 10:45<\/h2>\n\n\n\n<p>Adres zdarzenia \u2013 Kurowo , budynek mieszkalny jednorodzinny<br>Typ zdarzenia \u2013 Po\u017car sadzy w kominie<br>Czas trwania akcji 0:51 minut<br>Lista druh\u00f3w uczestnik\u00f3w akcji :<\/p>\n\n\n\n<ul class=\"wp-block-list\">\n<li>Wyszkowski Krzysztof<\/li>\n\n\n\n<li>Go\u0142ota Micha\u0142<\/li>\n\n\n\n<li>Borucki Jacek<\/li>\n\n\n\n<li>Grzeszczak Pawe\u0142<\/li>\n\n\n\n<li>B\u0142aszczak Jaros\u0142aw<\/li>\n\n\n\n<li>Smosarski Bartosz<\/li>\n<\/ul>\n\n\n\n<h2 class=\"wp-block-heading\">Zdarzenie w dniu 26-01-2024 w godzina 13:51<\/h2>\n\n\n\n<p>Adres zdarzenia \u2013 Stary Janin , budynek mieszkalny jednorodzinny<br>Typ zdarzenia \u2013 Po\u017car sadzy w kominie<br>Czas trwania akcji 1:03 minut<br>Lista druh\u00f3w uczestnik\u00f3w akcji :<\/p>\n\n\n\n<ul class=\"wp-block-list\">\n<li>Wyszkowski Krzysztof<\/li>\n\n\n\n<li>Bojarski Pawe\u0142<\/li>\n\n\n\n<li>B\u0142aszczak Jaros\u0142aw<\/li>\n\n\n\n<li>\u017bbikowski Piotr<\/li>\n\n\n\n<li>Grzeszczak Pawe\u0142<\/li>\n\n\n\n<li>Borucki Jacek<\/li>\n<\/ul>\n\n\n\n<h2 class=\"wp-block-heading\">Zdarzenie w dniu 03-02-2024 w godzina 08:20<\/h2>\n\n\n\n<p>Adres zdarzenia \u2013 Milewo- Szwejki ,<br>Typ zdarzenia \u2013 Pochylone drzewo nad drog\u0105<br>Czas trwania akcji 2:32 minut<br>Lista druh\u00f3w uczestnik\u00f3w akcji :<\/p>\n\n\n\n<ul class=\"wp-block-list\">\n<li>Wyszkowski Krzysztof<\/li>\n\n\n\n<li>Go\u0142ota Micha\u0142<\/li>\n\n\n\n<li>Bojarski Pawe\u0142<\/li>\n\n\n\n<li>\u017bbikowski Piotr<\/li>\n\n\n\n<li>Czerwi\u0144ski Jacek<\/li>\n\n\n\n<li>Grzeszczak Robert<\/li>\n<\/ul>\n\n\n\n<h2 class=\"wp-block-heading\">Zdarzenie w dniu 15-02-2024 w godzina 19:36<\/h2>\n\n\n\n<p>Adres zdarzenia \u2013 \u017bbiki , budynek mieszkalny jednorodzinny<br>Typ zdarzenia \u2013 Zdarzenie ratownicze<br>Czas trwania akcji 1:22 minut<br>Lista druh\u00f3w uczestnik\u00f3w akcji :<\/p>\n\n\n\n<ul class=\"wp-block-list\">\n<li>\u017bbikowski Piotr<\/li>\n\n\n\n<li>Go\u0142ota Micha\u0142<\/li>\n\n\n\n<li>Go\u0142ota Karolina<\/li>\n\n\n\n<li>Grzeszczak Pawe\u0142<\/li>\n\n\n\n<li>Czerwi\u0144ski Jacek<\/li>\n\n\n\n<li>B\u0142aszczak Jaros\u0142aw<\/li>\n<\/ul>\n\n\n\n<h2 class=\"wp-block-heading\">Zdarzenie w dniu 17.03.2024 w godzina 18:52<\/h2>\n\n\n\n<p>Adres zdarzenia \u2013 \u017bbiki , budynek mieszkalny jednorodzinny<br>Typ zdarzenia \u2013 po\u017car sadzy w kominie<br>Czas trwania akcji 0:53 minut<br>Lista druh\u00f3w uczestnik\u00f3w akcji :<\/p>\n\n\n\n<ul class=\"wp-block-list\">\n<li>Krzysztof Wyszkowski<\/li>\n\n\n\n<li>Go\u0142ota Micha\u0142<\/li>\n\n\n\n<li>Jacek Borucki<\/li>\n\n\n\n<li>Grzeszczak Pawe\u0142<\/li>\n\n\n\n<li>Czerwi\u0144ski Jacek<\/li>\n\n\n\n<li>Smosarski Bartosz<\/li>\n<\/ul>\n\n\n\n<h2 class=\"wp-block-heading\">Zdarzenie w dniu 23-05-2024 w godzina 06:58<\/h2>\n\n\n\n<p>Adres zdarzenia \u2013 Mosaki Stara Wie\u015b<br>Typ zdarzenia \u2013 Wypadek samochodowy<br>Czas trwania akcji 0:45 minut<br>Lista druh\u00f3w uczestnik\u00f3w akcji :<\/p>\n\n\n\n<ul class=\"wp-block-list\">\n<li>\u017bbikowski Piotr<\/li>\n\n\n\n<li>Go\u0142ota Micha\u0142<\/li>\n\n\n\n<li>Smosarski Bartosz<\/li>\n\n\n\n<li>Grzeszczak Pawe\u0142<\/li>\n\n\n\n<li>Czerwi\u0144ski Jacek<\/li>\n\n\n\n<li>B\u0142aszczak Jaros\u0142aw<\/li>\n<\/ul>\n\n\n\n<h2 class=\"wp-block-heading\">Zdarzenie w dniu 27-28-05-2024 w godzina 22:21<\/h2>\n\n\n\n<p>Adres zdarzenia \u2013 \u017bbiki Gawronki<br>Typ zdarzenia \u2013 Po\u017car \u2013 budynek jednorodzinny \u2013 poddasze<br>Czas trwania akcji 1:20 minut<br>Lista druh\u00f3w uczestnik\u00f3w akcji :<\/p>\n\n\n\n<ul class=\"wp-block-list\">\n<li>\u017bbikowski Piotr<\/li>\n\n\n\n<li>Wyszkowski Krzysztof<\/li>\n\n\n\n<li>Smosarski Bartosz<\/li>\n\n\n\n<li>Grzeszczak Pawe\u0142<\/li>\n\n\n\n<li>Czerwi\u0144ski Jacek<\/li>\n\n\n\n<li>B\u0142aszczak Jaros\u0142aw<\/li>\n<\/ul>\n\n\n\n<h2 class=\"wp-block-heading\">Zdarzenie w dniu 31-05-2024 w godzina 12:46<\/h2>\n\n\n\n<p>Adres zdarzenia \u2013 Bara\u0144ce<br>Typ zdarzenia \u2013 poszukiwania osoby zaginionej \u2013 obszary wiejskie<br>Czas trwania akcji 1:25 minut<br>Lista druh\u00f3w uczestnik\u00f3w akcji :<\/p>\n\n\n\n<ul class=\"wp-block-list\">\n<li>\u017bbikowski Piotr<\/li>\n\n\n\n<li>Grzeszczak Robert<\/li>\n\n\n\n<li>Smosarski Bartosz<\/li>\n\n\n\n<li>Grzeszczak Pawe\u0142<\/li>\n\n\n\n<li>Czerwi\u0144ski Jacek<\/li>\n\n\n\n<li>B\u0142aszczak Jaros\u0142aw<\/li>\n<\/ul>\n\n\n\n<h2 class=\"wp-block-heading\">Zdarzenie w dniu 12-06-2024 w godzina 11:43<\/h2>\n\n\n\n<p>Adres zdarzenia \u2013 Kozin<br>Typ zdarzenia \u2013 Po\u017car \u2013 pole uprawne -\u015bmieci<br>Czas trwania akcji 0:29 minut<br>Lista druh\u00f3w uczestnik\u00f3w akcji :<\/p>\n\n\n\n<ul class=\"wp-block-list\">\n<li>\u017bbikowski Piotr<\/li>\n\n\n\n<li>Grzeszczak Robert<\/li>\n\n\n\n<li>Czerwi\u0144ski Jacek<\/li>\n\n\n\n<li>B\u0142aszczak Jaros\u0142aw<\/li>\n<\/ul>\n\n\n\n<h2 class=\"wp-block-heading\">Zdarzenie w dniu 09-07-2024 w godzina 19:11<\/h2>\n\n\n\n<p>Adres zdarzenia \u2013 W\u0119\u017cewo<br>Typ zdarzenia \u2013 Budynek jednorodzinny \u2013 poddasze &#8211; Owady<br>Czas trwania akcji 0:24 minut<br>Lista druh\u00f3w uczestnik\u00f3w akcji :<\/p>\n\n\n\n<ul class=\"wp-block-list\">\n<li>\u017bbikowski Piotr<\/li>\n\n\n\n<li>Wyszkowski Krzysztof<\/li>\n\n\n\n<li>Zalewska Izabela<\/li>\n\n\n\n<li>Piotrowski Pawe\u0142<\/li>\n\n\n\n<li>Czerwi\u0144ski Jacek<\/li>\n\n\n\n<li>B\u0142aszczak Jaros\u0142aw<\/li>\n<\/ul>\n\n\n\n<h2 class=\"wp-block-heading\">Zdarzenie w dniu 22-07-2024 w godzina 17:12<\/h2>\n\n\n\n<p>Adres zdarzenia \u2013 P\u0119czki Koz\u0142owo<br>Typ zdarzenia \u2013 Po\u017car \u2013 Pole z belowanej s\u0142omy \u2013 prasa beluj\u0105ca<br>Czas trwania akcji 2:20 minut<br>Lista druh\u00f3w uczestnik\u00f3w akcji :<\/p>\n\n\n\n<ul class=\"wp-block-list\">\n<li>\u017bbikowski Piotr<\/li>\n\n\n\n<li>Wyszkowski Krzysztof<\/li>\n\n\n\n<li>Smosarski Bartosz<\/li>\n\n\n\n<li>Go\u0142ota Karolina<\/li>\n\n\n\n<li>Czerwi\u0144ski Jacek<\/li>\n\n\n\n<li>Go\u0142ota Micha\u0142<\/li>\n<\/ul>\n\n\n\n<h2 class=\"wp-block-heading\">Zdarzenie w dniu 28-07-2024 w godzina 22:19<\/h2>\n\n\n\n<p>Adres zdarzenia \u2013 \u017bbiki<br>Typ zdarzenia \u2013 Wypadek motocykl droga powiatowa<br>Czas trwania akcji 0:43 minut<br>Lista druh\u00f3w uczestnik\u00f3w akcji :<\/p>\n\n\n\n<ul class=\"wp-block-list\">\n<li>\u017bbikowski Piotr<\/li>\n\n\n\n<li>Wyszkowski Krzysztof<\/li>\n\n\n\n<li>Smosarski Bartosz<\/li>\n\n\n\n<li>Go\u0142ota Micha\u0142<\/li>\n\n\n\n<li>Czerwi\u0144ski Jacek<\/li>\n\n\n\n<li>B\u0142aszczak Jaros\u0142aw<\/li>\n<\/ul>\n\n\n\n<h2 class=\"wp-block-heading\">Zdarzenie w dniu 19-09-2024 w godzina 14:29<\/h2>\n\n\n\n<p>Adres zdarzenia \u2013 W\u0119\u017cewo<br>Typ zdarzenia \u2013 Prywatna posesja \u2013 pochylone drzewo<br>Czas trwania akcji 0:24 minut<br>Lista druh\u00f3w uczestnik\u00f3w akcji :<\/p>\n\n\n\n<ul class=\"wp-block-list\">\n<li>\u017bbikowski Piotr<\/li>\n\n\n\n<li>Wyszkowski Krzysztof<\/li>\n\n\n\n<li>Smosarski Bartosz<\/li>\n\n\n\n<li>Grzeszczak Pawe\u0142<\/li>\n\n\n\n<li>Micha\u0142 Go\u0142ota<\/li>\n\n\n\n<li>B\u0142aszczak Jaros\u0142aw<\/li>\n<\/ul>\n\n\n\n<h2 class=\"wp-block-heading\">Zdarzenie w dniu 21-09-2024 w godzina 12:05<\/h2>\n\n\n\n<p>Adres zdarzenia \u2013 \u017bbiki<br>Typ zdarzenia \u2013 Pomoc PRM &#8211; droga powiatowa<br>Czas trwania akcji 1:03 minut<br>Lista druh\u00f3w uczestnik\u00f3w akcji :<\/p>\n\n\n\n<ul class=\"wp-block-list\">\n<li>\u017bbikowski Piotr<\/li>\n\n\n\n<li>Wyszkowski Krzysztof<\/li>\n\n\n\n<li>Smosarski Bartosz<\/li>\n\n\n\n<li>Grzeszczak Pawe\u0142<\/li>\n\n\n\n<li>Grzeszczak Robert<\/li>\n\n\n\n<li>B\u0142aszczak Jaros\u0142aw<\/li>\n<\/ul>\n\n\n\n<h2 class=\"wp-block-heading\">Zdarzenie w dniu 21-11-2024 w godzina 15:34<\/h2>\n\n\n\n<p>Adres zdarzenia \u2013 \u017bbiki<br>Typ zdarzenia \u2013 Droga dojazdowa &#8211; Karetka Pogotowia <br>Czas trwania akcji 0:11 minut<br>Lista druh\u00f3w uczestnik\u00f3w akcji :<\/p>\n\n\n\n<ul class=\"wp-block-list\">\n<li>\u017bbikowski Piotr<\/li>\n\n\n\n<li>Wyszkowski Krzysztof<\/li>\n\n\n\n<li>Smosarski Bartosz<\/li>\n\n\n\n<li>Karolina Go\u0142ota <\/li>\n\n\n\n<li>B\u0142aszczak Jaros\u0142aw<\/li>\n<\/ul>\n","protected":false},"excerpt":{"rendered":"<p>Zdarzenie w dniu 20-01-2024 w godzina 10:45 Adres zdarzenia \u2013 Kurowo , budynek mieszkalny jednorodzinnyTyp zdarzenia \u2013 Po\u017car sadzy w kominieCzas trwania akcji 0:51 minutLista druh\u00f3w uczestnik\u00f3w akcji : Zdarzenie w dniu 26-01-2024 w godzina 13:51 Adres zdarzenia \u2013 Stary Janin , budynek mieszkalny jednorodzinnyTyp zdarzenia \u2013 Po\u017car sadzy w kominieCzas trwania akcji 1:03 minutLista [&hellip;]<\/p>\n","protected":false},"author":2,"featured_media":0,"parent":632,"menu_order":0,"comment_status":"closed","ping_status":"closed","template":"","meta":{"_editorskit_title_hidden":false,"_editorskit_reading_time":0,"_editorskit_is_block_options_detached":false,"_editorskit_block_options_position":"{}","_mc_calendar":[],"footnotes":""},"class_list":["post-13032","page","type-page","status-publish","hentry"],"_links":{"self":[{"href":"https:\/\/osp.wezewo.info\/index.php?rest_route=\/wp\/v2\/pages\/13032","targetHints":{"allow":["GET"]}}],"collection":[{"href":"https:\/\/osp.wezewo.info\/index.php?rest_route=\/wp\/v2\/pages"}],"about":[{"href":"https:\/\/osp.wezewo.info\/index.php?rest_route=\/wp\/v2\/types\/page"}],"author":[{"embeddable":true,"href":"https:\/\/osp.wezewo.info\/index.php?rest_route=\/wp\/v2\/users\/2"}],"replies":[{"embeddable":true,"href":"https:\/\/osp.wezewo.info\/index.php?rest_route=%2Fwp%2Fv2%2Fcomments&post=13032"}],"version-history":[{"count":5,"href":"https:\/\/osp.wezewo.info\/index.php?rest_route=\/wp\/v2\/pages\/13032\/revisions"}],"predecessor-version":[{"id":13108,"href":"https:\/\/osp.wezewo.info\/index.php?rest_route=\/wp\/v2\/pages\/13032\/revisions\/13108"}],"up":[{"embeddable":true,"href":"https:\/\/osp.wezewo.info\/index.php?rest_route=\/wp\/v2\/pages\/632"}],"wp:attachment":[{"href":"https:\/\/osp.wezewo.info\/index.php?rest_route=%2Fwp%2Fv2%2Fmedia&parent=13032"}],"curies":[{"name":"wp","href":"https:\/\/api.w.org\/{rel}","templated":true}]}}