{"id":13339,"date":"2025-10-24T08:28:25","date_gmt":"2025-10-24T06:28:25","guid":{"rendered":"https:\/\/osp.wezewo.info\/?page_id=13339"},"modified":"2025-11-08T15:01:05","modified_gmt":"2025-11-08T14:01:05","slug":"zdarzenia-2025","status":"publish","type":"page","link":"https:\/\/osp.wezewo.info\/?page_id=13339","title":{"rendered":"ZDARZENIA 2025"},"content":{"rendered":"\n<h2 class=\"wp-block-heading\">Zdarzenie w dniu 21-05-2025 w godzina 17:53<\/h2>\n\n\n\n<p>Adres zdarzenia \u2013 W\u0119\u017cewo, samoch\u00f3d osobowy<br>Typ zdarzenia \u2013 Po\u017car<br>Czas trwania akcji 0:54 minut<br>Lista druh\u00f3w uczestnik\u00f3w akcji :<\/p>\n\n\n\n<ul class=\"wp-block-list\">\n<li>Smosarski Bartosz<\/li>\n\n\n\n<li>Go\u0142ota Micha\u0142<\/li>\n\n\n\n<li>Go\u0142ota Karolina<\/li>\n\n\n\n<li>Piotrowski Pawe\u0142<\/li>\n\n\n\n<li>Grzeszczak Pawe\u0142<\/li>\n\n\n\n<li>B\u0142aszczak Jaros\u0142aw<\/li>\n<\/ul>\n\n\n\n<h2 class=\"wp-block-heading\">Zdarzenie w dniu 17-08-2025 godzina 15:07<\/h2>\n\n\n\n<p>Adres zdarzenia \u2013 Krasne, ul. Marii Curie-Sk\u0142odowskiej<br>Typ zdarzenia \u2013 Po\u017car- r\u017cysko i samoch\u00f3d osobowy<br>Czas trwania akcji 0:33 minut<br>Lista druh\u00f3w uczestnik\u00f3w akcji :<\/p>\n\n\n\n<ul class=\"wp-block-list\">\n<li>Wyszkowski Krzysztof<\/li>\n\n\n\n<li>Go\u0142ota Micha\u0142<\/li>\n\n\n\n<li>Czerwi\u0144ski Jacek<\/li>\n\n\n\n<li>Grzeszczak Pawe\u0142<\/li>\n\n\n\n<li>Smosarski Bartosz<\/li>\n<\/ul>\n\n\n\n<h2 class=\"wp-block-heading\">Wjazd gospodarczy w dniu  08-09-2025 godzina 17:00<\/h2>\n\n\n\n<p>Adres zdarzenia \u2013 \u017bbiki \u2013 dom jednorodzinny<br>Typ zdarzenia \u2013 dostarczenie wody <br>Czas trwania akcji &#8211; oko\u0142o 30 minut <br>Lista druh\u00f3w uczestnik\u00f3w akcji : 3 os\u00f3b <\/p>\n\n\n\n<h2 class=\"wp-block-heading\">Zdarzenie w dniu 23-09-2025 godzina 18:03<\/h2>\n\n\n\n<p>Adres zdarzenia \u2013 \u017bbiki \u2013 dom jednorodzinny<br>Typ zdarzenia \u2013 usuwanie gniazda owad\u00f3w b\u0142onkoskrzyd\u0142ych<br>Czas trwania akcji 0:43 minut<br>Lista druh\u00f3w uczestnik\u00f3w akcji :<\/p>\n\n\n\n<ul class=\"wp-block-list\">\n<li>Wyszkowski Krzysztof<\/li>\n\n\n\n<li>Piotr \u017bbikowski<\/li>\n\n\n\n<li>Czerwi\u0144ski Jacek<\/li>\n\n\n\n<li>Zalewska Izabela<\/li>\n\n\n\n<li>Smosarski Bartosz<\/li>\n\n\n\n<li>B\u0142aszczak Jaros\u0142aw<\/li>\n<\/ul>\n\n\n\n<h2 class=\"wp-block-heading\">Wjazd gospodarczy w dniu 21-10-2025 godzina 17:40<\/h2>\n\n\n\n<p>Adres zdarzenia \u2013 \u017bbiki \u2013 dom jednorodzinny<br>Typ zdarzenia \u2013 dostarczenie wody <br>Czas trwania akcji &#8211; oko\u0142o 30 minut <br>Lista druh\u00f3w uczestnik\u00f3w akcji : 5 os\u00f3b <\/p>\n\n\n\n<h2 class=\"wp-block-heading\"><strong>Zdarzenie w dniu 26-10-2025 w godzina 16:<\/strong>45<\/h2>\n\n\n\n<p>Adres zdarzenia \u2013Szlasy Leszcze , budynek gospodarczy<br>Typ zdarzenia \u2013 Po\u017car<\/p>\n\n\n\n<p>Czas trwania akcji 5:06 minut<br>Lista uczestnik\u00f3w:<\/p>\n\n\n\n<ul class=\"wp-block-list\">\n<li>Wyszkowski Krzysztof<\/li>\n<\/ul>\n\n\n\n<ul class=\"wp-block-list\">\n<li>Czerwi\u0144ski Jacek<\/li>\n\n\n\n<li>\u017bbikowski Piotr<\/li>\n\n\n\n<li>Smosarski Bartosz<\/li>\n\n\n\n<li>Piotrowski Pawe\u0142<\/li>\n\n\n\n<li>Zarodkiewicz Robert<\/li>\n\n\n\n<li>Go\u0142ota Micha\u0142<\/li>\n<\/ul>\n","protected":false},"excerpt":{"rendered":"<p>Zdarzenie w dniu 21-05-2025 w godzina 17:53 Adres zdarzenia \u2013 W\u0119\u017cewo, samoch\u00f3d osobowyTyp zdarzenia \u2013 Po\u017carCzas trwania akcji 0:54 minutLista druh\u00f3w uczestnik\u00f3w akcji : Zdarzenie w dniu 17-08-2025 godzina 15:07 Adres zdarzenia \u2013 Krasne, ul. Marii Curie-Sk\u0142odowskiejTyp zdarzenia \u2013 Po\u017car- r\u017cysko i samoch\u00f3d osobowyCzas trwania akcji 0:33 minutLista druh\u00f3w uczestnik\u00f3w akcji : Wjazd gospodarczy w [&hellip;]<\/p>\n","protected":false},"author":2,"featured_media":0,"parent":632,"menu_order":0,"comment_status":"closed","ping_status":"closed","template":"","meta":{"_editorskit_title_hidden":false,"_editorskit_reading_time":0,"_editorskit_is_block_options_detached":false,"_editorskit_block_options_position":"{}","_mc_calendar":[],"footnotes":""},"class_list":["post-13339","page","type-page","status-publish","hentry"],"_links":{"self":[{"href":"https:\/\/osp.wezewo.info\/index.php?rest_route=\/wp\/v2\/pages\/13339","targetHints":{"allow":["GET"]}}],"collection":[{"href":"https:\/\/osp.wezewo.info\/index.php?rest_route=\/wp\/v2\/pages"}],"about":[{"href":"https:\/\/osp.wezewo.info\/index.php?rest_route=\/wp\/v2\/types\/page"}],"author":[{"embeddable":true,"href":"https:\/\/osp.wezewo.info\/index.php?rest_route=\/wp\/v2\/users\/2"}],"replies":[{"embeddable":true,"href":"https:\/\/osp.wezewo.info\/index.php?rest_route=%2Fwp%2Fv2%2Fcomments&post=13339"}],"version-history":[{"count":6,"href":"https:\/\/osp.wezewo.info\/index.php?rest_route=\/wp\/v2\/pages\/13339\/revisions"}],"predecessor-version":[{"id":13389,"href":"https:\/\/osp.wezewo.info\/index.php?rest_route=\/wp\/v2\/pages\/13339\/revisions\/13389"}],"up":[{"embeddable":true,"href":"https:\/\/osp.wezewo.info\/index.php?rest_route=\/wp\/v2\/pages\/632"}],"wp:attachment":[{"href":"https:\/\/osp.wezewo.info\/index.php?rest_route=%2Fwp%2Fv2%2Fmedia&parent=13339"}],"curies":[{"name":"wp","href":"https:\/\/api.w.org\/{rel}","templated":true}]}}