{"id":13449,"date":"2026-03-12T17:36:09","date_gmt":"2026-03-12T16:36:09","guid":{"rendered":"https:\/\/osp.wezewo.info\/?page_id=13449"},"modified":"2026-03-13T11:53:52","modified_gmt":"2026-03-13T10:53:52","slug":"zdarzenia-2026","status":"publish","type":"page","link":"https:\/\/osp.wezewo.info\/?page_id=13449","title":{"rendered":"ZDARZENIA 2026"},"content":{"rendered":"\n<h2 class=\"wp-block-heading\">Zdarzenie w dniu 15-01-2026 w godzina 14:09<\/h2>\n\n\n\n<p>Adres zdarzenia \u2013 \u017bbiki<br>Typ zdarzenia \u2013 Wypadek- droga powiatowa dwa samochody<br>Czas trwania akcji 4:05 minut<br>Lista druh\u00f3w uczestnik\u00f3w akcji :<\/p>\n\n\n\n<ul class=\"wp-block-list\">\n<li>\u017bbikowski Piotr<\/li>\n\n\n\n<li>Bojarski Pawe\u0142<\/li>\n\n\n\n<li>Zalewska Izabela<\/li>\n\n\n\n<li>Zarodkiewicz Robert<\/li>\n\n\n\n<li>Grzeszczak Pawe\u0142<\/li>\n\n\n\n<li>B\u0142aszczak Jaros\u0142aw<\/li>\n<\/ul>\n\n\n\n<h2 class=\"wp-block-heading\">Zdarzenie w dniu 27-01-2026 w godzina 16:01<\/h2>\n\n\n\n<p>Adres zdarzenia \u2013 \u017bbiki<br>Typ zdarzenia \u2013 Wypadek- droga powiatowa samoch\u00f3d w zaspie<br>Czas trwania akcji 0:33 minut<br>Lista druh\u00f3w uczestnik\u00f3w akcji :<\/p>\n\n\n\n<ul class=\"wp-block-list\">\n<li>\u017bbikowski Piotr<\/li>\n\n\n\n<li>Go\u0142ota Micha\u0142<\/li>\n\n\n\n<li>Wyszkowski Krzysztof<\/li>\n\n\n\n<li>Czerwi\u0144ski Jacek<\/li>\n\n\n\n<li>Grzeszczak Pawe\u0142<\/li>\n\n\n\n<li>Smosarski Bartosz<\/li>\n<\/ul>\n\n\n\n<h2 class=\"wp-block-heading\">Zdarzenie w dniu 09-02-2026 w godzina 14:26<\/h2>\n\n\n\n<p>Adres zdarzenia \u2013 Krasne<br>Typ zdarzenia \u2013 Wypadek droga gminna samoch\u00f3d w rowie przydro\u017cnym<br>Czas trwania akcji 0:27 minut<br>Lista druh\u00f3w uczestnik\u00f3w akcji :<\/p>\n\n\n\n<ul class=\"wp-block-list\">\n<li>\u017bbikowski Piotr<\/li>\n\n\n\n<li>Zarodkiewicz Robert<\/li>\n\n\n\n<li>Grzeszczak Pawe\u0142<\/li>\n\n\n\n<li>B\u0142aszczak Jaros\u0142aw<\/li>\n<\/ul>\n\n\n\n<h2 class=\"wp-block-heading\">Zdarzenie w dniu 23-02-2026 w godzina 14:42<\/h2>\n\n\n\n<p>Adres zdarzenia \u2013 W\u0119\u017cewo<br>Typ zdarzenia \u2013 Budynek jednorodzinny \u2013 roztopy pompowanie wody<br>Czas trwania akcji 1:52minut<br>Lista druh\u00f3w uczestnik\u00f3w akcji :<\/p>\n\n\n\n<ul class=\"wp-block-list\">\n<li>\u017bbikowski Piotr<\/li>\n\n\n\n<li>Wyszkowski Krzysztof<\/li>\n\n\n\n<li>Go\u0142ota Karolina<\/li>\n\n\n\n<li>Piotrowski Pawe\u0142<\/li>\n\n\n\n<li>Grzeszczak Pawe\u0142<\/li>\n\n\n\n<li>B\u0142aszczak Jaros\u0142aw<\/li>\n\n\n\n<li>Go\u0142ota Micha\u0142<\/li>\n\n\n\n<li>Grzeszczak Robert<\/li>\n<\/ul>\n\n\n\n<h2 class=\"wp-block-heading\">Zdarzenie w dniu 24-02-2026 w godzina 14:33<\/h2>\n\n\n\n<p>Adres zdarzenia \u2013 W\u0119\u017cewo<br>Typ zdarzenia \u2013 Budynek jednorodzinny \u2013 roztopy pompowanie wody<br>Czas trwania akcji 2:34minut<br>Lista druh\u00f3w uczestnik\u00f3w akcji :<\/p>\n\n\n\n<ul class=\"wp-block-list\">\n<li>\u017bbikowski Piotr<\/li>\n\n\n\n<li>Wyszkowski Krzysztof<\/li>\n\n\n\n<li>B\u0142aszczak Jaros\u0142aw<\/li>\n<\/ul>\n","protected":false},"excerpt":{"rendered":"<p>Zdarzenie w dniu 15-01-2026 w godzina 14:09 Adres zdarzenia \u2013 \u017bbikiTyp zdarzenia \u2013 Wypadek- droga powiatowa dwa samochodyCzas trwania akcji 4:05 minutLista druh\u00f3w uczestnik\u00f3w akcji : Zdarzenie w dniu 27-01-2026 w godzina 16:01 Adres zdarzenia \u2013 \u017bbikiTyp zdarzenia \u2013 Wypadek- droga powiatowa samoch\u00f3d w zaspieCzas trwania akcji 0:33 minutLista druh\u00f3w uczestnik\u00f3w akcji : Zdarzenie w [&hellip;]<\/p>\n","protected":false},"author":42,"featured_media":0,"parent":632,"menu_order":0,"comment_status":"closed","ping_status":"closed","template":"","meta":{"_editorskit_title_hidden":false,"_editorskit_reading_time":0,"_editorskit_is_block_options_detached":false,"_editorskit_block_options_position":"{}","_mc_calendar":[],"footnotes":""},"class_list":["post-13449","page","type-page","status-publish","hentry"],"_links":{"self":[{"href":"https:\/\/osp.wezewo.info\/index.php?rest_route=\/wp\/v2\/pages\/13449","targetHints":{"allow":["GET"]}}],"collection":[{"href":"https:\/\/osp.wezewo.info\/index.php?rest_route=\/wp\/v2\/pages"}],"about":[{"href":"https:\/\/osp.wezewo.info\/index.php?rest_route=\/wp\/v2\/types\/page"}],"author":[{"embeddable":true,"href":"https:\/\/osp.wezewo.info\/index.php?rest_route=\/wp\/v2\/users\/42"}],"replies":[{"embeddable":true,"href":"https:\/\/osp.wezewo.info\/index.php?rest_route=%2Fwp%2Fv2%2Fcomments&post=13449"}],"version-history":[{"count":3,"href":"https:\/\/osp.wezewo.info\/index.php?rest_route=\/wp\/v2\/pages\/13449\/revisions"}],"predecessor-version":[{"id":13457,"href":"https:\/\/osp.wezewo.info\/index.php?rest_route=\/wp\/v2\/pages\/13449\/revisions\/13457"}],"up":[{"embeddable":true,"href":"https:\/\/osp.wezewo.info\/index.php?rest_route=\/wp\/v2\/pages\/632"}],"wp:attachment":[{"href":"https:\/\/osp.wezewo.info\/index.php?rest_route=%2Fwp%2Fv2%2Fmedia&parent=13449"}],"curies":[{"name":"wp","href":"https:\/\/api.w.org\/{rel}","templated":true}]}}