{"id":282,"date":"2013-07-07T17:34:21","date_gmt":"2013-07-07T15:34:21","guid":{"rendered":"https:\/\/osp.wezewo.info\/New\/?page_id=282"},"modified":"2020-11-07T22:14:52","modified_gmt":"2020-11-07T21:14:52","slug":"news","status":"publish","type":"page","link":"https:\/\/osp.wezewo.info\/?page_id=282","title":{"rendered":"NEWS"},"content":{"rendered":"<p>Informacje o dzia\u0142alno\u015bci naszej stra\u017cy podzielone s\u0105 na poni\u017csze kategorie:<\/p>\n\n<ul class=\"wp-block-categories-list alignleft wp-block-categories\">\t<li class=\"cat-item cat-item-12\"><a href=\"https:\/\/osp.wezewo.info\/?cat=12\">AKTUALNO\u015aCI<\/a> (122)\n<\/li>\n\t<li class=\"cat-item cat-item-22\"><a href=\"https:\/\/osp.wezewo.info\/?cat=22\">FELIETONY<\/a> (49)\n<\/li>\n\t<li class=\"cat-item cat-item-132\"><a href=\"https:\/\/osp.wezewo.info\/?cat=132\">HISTORYCZNE<\/a> (41)\n<\/li>\n\t<li class=\"cat-item cat-item-1\"><a href=\"https:\/\/osp.wezewo.info\/?cat=1\">INNE<\/a> (39)\n<\/li>\n\t<li class=\"cat-item cat-item-133\"><a href=\"https:\/\/osp.wezewo.info\/?cat=133\">POLECANE<\/a> (32)\n<\/li>\n\t<li class=\"cat-item cat-item-112\"><a href=\"https:\/\/osp.wezewo.info\/?cat=112\">WYWIAD<\/a> (13)\n<\/li>\n<\/ul>","protected":false},"excerpt":{"rendered":"<p>Informacje o dzia\u0142alno\u015bci naszej stra\u017cy podzielone s\u0105 na poni\u017csze kategorie:<\/p>\n","protected":false},"author":2,"featured_media":0,"parent":0,"menu_order":0,"comment_status":"closed","ping_status":"closed","template":"","meta":{"_editorskit_title_hidden":false,"_editorskit_reading_time":0,"_editorskit_is_block_options_detached":false,"_editorskit_block_options_position":"{}","_mc_calendar":[],"footnotes":""},"class_list":["post-282","page","type-page","status-publish","hentry"],"_links":{"self":[{"href":"https:\/\/osp.wezewo.info\/index.php?rest_route=\/wp\/v2\/pages\/282","targetHints":{"allow":["GET"]}}],"collection":[{"href":"https:\/\/osp.wezewo.info\/index.php?rest_route=\/wp\/v2\/pages"}],"about":[{"href":"https:\/\/osp.wezewo.info\/index.php?rest_route=\/wp\/v2\/types\/page"}],"author":[{"embeddable":true,"href":"https:\/\/osp.wezewo.info\/index.php?rest_route=\/wp\/v2\/users\/2"}],"replies":[{"embeddable":true,"href":"https:\/\/osp.wezewo.info\/index.php?rest_route=%2Fwp%2Fv2%2Fcomments&post=282"}],"version-history":[{"count":10,"href":"https:\/\/osp.wezewo.info\/index.php?rest_route=\/wp\/v2\/pages\/282\/revisions"}],"predecessor-version":[{"id":11256,"href":"https:\/\/osp.wezewo.info\/index.php?rest_route=\/wp\/v2\/pages\/282\/revisions\/11256"}],"wp:attachment":[{"href":"https:\/\/osp.wezewo.info\/index.php?rest_route=%2Fwp%2Fv2%2Fmedia&parent=282"}],"curies":[{"name":"wp","href":"https:\/\/api.w.org\/{rel}","templated":true}]}}