{"id":2922,"date":"2015-01-25T14:53:22","date_gmt":"2015-01-25T13:53:22","guid":{"rendered":"https:\/\/osp.wezewo.info\/New\/?page_id=2922"},"modified":"2015-01-25T15:01:33","modified_gmt":"2015-01-25T14:01:33","slug":"zdarzenia-2012","status":"publish","type":"page","link":"https:\/\/osp.wezewo.info\/?page_id=2922","title":{"rendered":"ZDARZENIA 2012"},"content":{"rendered":"<p>Akcje i zdarzenia w kt\u00f3rych uczestniczy\u0142a OSP W\u0118\u017bEWO w roku 2012<\/p>\n<h2>Zdarzenie w dniu 25-02-2012 godzina 08:28<\/h2>\n<p>Adres zdarzenia \u2013 W\u0119\u017cewo<br \/>\nTyp zdarzenia &#8211; Zalana posesja, zagro\u017cony budynek mieszkalny<br \/>\nCzas trwania akcji 2:51<br \/>\nLista uczestnik\u00f3w:<\/p>\n<ul>\n<li>Go\u0142ota Micha\u0142<\/li>\n<li>Grzeszczak Pawe\u0142<\/li>\n<li>Grzeszczak Tomasz<\/li>\n<li>Wenda Jaros\u0142aw<\/li>\n<li>Wronowski S\u0142awomir<\/li>\n<li>Smosarski Bartosz<\/li>\n<li>Bojarski Pawe\u0142<\/li>\n<\/ul>\n<h2>Zdarzenie w dniu 08-09-2012 godzina 18:43<\/h2>\n<p>Adres zdarzenia \u2013 W\u0119\u017cewo<br \/>\nTyp zdarzenia &#8211; Zap\u0142on suchej trawy<br \/>\nCzas trwania akcji 0:51<br \/>\nLista uczestnik\u00f3w:<\/p>\n<ul>\n<li>Go\u0142ota Micha\u0142<\/li>\n<li>Smosarski Bartosz<\/li>\n<li>Bojarski Pawe\u0142<\/li>\n<li>Grzeszczak Robert<\/li>\n<li>Grzeszczak Pawe\u0142<\/li>\n<li>Grzeszczak Tomasz<\/li>\n<li>Wyszkowski Krzysztof<\/li>\n<\/ul>\n<h2>Zdarzenie w dniu 22-09-2012 godzina 19:27<\/h2>\n<p>Adres zdarzenia \u2013 Gostkowo<br \/>\nTyp zdarzenia &#8211; Po\u017car chlewni<br \/>\nCzas trwania akcji 10:28<br \/>\nLista uczestnik\u00f3w:<\/p>\n<ul>\n<li>B\u0142aszczak Jaros\u0142aw<\/li>\n<li>Jaszczurowski Piotr<\/li>\n<li>Go\u0142ota Micha\u0142<\/li>\n<li>Wenda Jaros\u0142aw<\/li>\n<li>Grzeszczak Pawe\u0142<\/li>\n<li>Grzeszczak Tomasz<\/li>\n<li>Wyszkowski Krzysztof<\/li>\n<\/ul>\n","protected":false},"excerpt":{"rendered":"<p>Akcje i zdarzenia w kt\u00f3rych uczestniczy\u0142a OSP W\u0118\u017bEWO w roku 2012 Zdarzenie w dniu 25-02-2012 godzina 08:28 Adres zdarzenia \u2013 W\u0119\u017cewo Typ zdarzenia &#8211; Zalana posesja, zagro\u017cony budynek mieszkalny Czas trwania akcji 2:51 Lista uczestnik\u00f3w: Go\u0142ota Micha\u0142 Grzeszczak Pawe\u0142 Grzeszczak Tomasz Wenda Jaros\u0142aw Wronowski S\u0142awomir Smosarski Bartosz Bojarski Pawe\u0142 Zdarzenie w dniu 08-09-2012 godzina 18:43 [&hellip;]<\/p>\n","protected":false},"author":2,"featured_media":0,"parent":632,"menu_order":0,"comment_status":"closed","ping_status":"closed","template":"","meta":{"_editorskit_title_hidden":false,"_editorskit_reading_time":0,"_editorskit_is_block_options_detached":false,"_editorskit_block_options_position":"{}","_mc_calendar":[],"footnotes":""},"class_list":["post-2922","page","type-page","status-publish","hentry"],"_links":{"self":[{"href":"https:\/\/osp.wezewo.info\/index.php?rest_route=\/wp\/v2\/pages\/2922","targetHints":{"allow":["GET"]}}],"collection":[{"href":"https:\/\/osp.wezewo.info\/index.php?rest_route=\/wp\/v2\/pages"}],"about":[{"href":"https:\/\/osp.wezewo.info\/index.php?rest_route=\/wp\/v2\/types\/page"}],"author":[{"embeddable":true,"href":"https:\/\/osp.wezewo.info\/index.php?rest_route=\/wp\/v2\/users\/2"}],"replies":[{"embeddable":true,"href":"https:\/\/osp.wezewo.info\/index.php?rest_route=%2Fwp%2Fv2%2Fcomments&post=2922"}],"version-history":[{"count":2,"href":"https:\/\/osp.wezewo.info\/index.php?rest_route=\/wp\/v2\/pages\/2922\/revisions"}],"predecessor-version":[{"id":3012,"href":"https:\/\/osp.wezewo.info\/index.php?rest_route=\/wp\/v2\/pages\/2922\/revisions\/3012"}],"up":[{"embeddable":true,"href":"https:\/\/osp.wezewo.info\/index.php?rest_route=\/wp\/v2\/pages\/632"}],"wp:attachment":[{"href":"https:\/\/osp.wezewo.info\/index.php?rest_route=%2Fwp%2Fv2%2Fmedia&parent=2922"}],"curies":[{"name":"wp","href":"https:\/\/api.w.org\/{rel}","templated":true}]}}