{"id":2962,"date":"2015-01-25T14:53:48","date_gmt":"2015-01-25T13:53:48","guid":{"rendered":"https:\/\/osp.wezewo.info\/New\/?page_id=2962"},"modified":"2016-02-06T15:12:05","modified_gmt":"2016-02-06T14:12:05","slug":"zdarzenia-2014","status":"publish","type":"page","link":"https:\/\/osp.wezewo.info\/?page_id=2962","title":{"rendered":"ZDARZENIA 2014"},"content":{"rendered":"<p>Akcje i zdarzenia w kt\u00f3rych uczestniczy\u0142a OSP W\u0118\u017bEWO w roku 2014<\/p>\n<h2>Zdarzenie w dniu 09-06-2014 godzina 19:47<\/h2>\n<p>Adres zdarzenia \u2013 W\u0119\u017cewo<br \/>\nTyp zdarzenia &#8211; Zalana piwnica domu mieszkalnego<br \/>\nCzas trwania akcji 1:27<br \/>\nLista uczestnik\u00f3w:<\/p>\n<ul>\n<li>B\u0142aszczak \u0141ukasz<\/li>\n<li>Bojarski Pawe\u0142<\/li>\n<li>Go\u0142ota Micha\u0142<\/li>\n<li>Kamzelski Tomasz<\/li>\n<li>Mas\u0142owski Kamil<\/li>\n<li>Smosarski Bartosz<\/li>\n<\/ul>\n<h2>Zdarzenie w dniu 27-07-2014 godzina 16:36<\/h2>\n<p>Adres zdarzenia \u2013 Brzozowo Wielkie<br \/>\nTyp zdarzenia &#8211; Po\u017car s\u0142omy na polu uprawnym<br \/>\nCzas trwania akcji 1:35<br \/>\nLista uczestnik\u00f3w:<\/p>\n<ul>\n<li>Jaszczurowski Piotr<\/li>\n<li>Bojarski Pawe\u0142<\/li>\n<li>Go\u0142ota Micha\u0142<\/li>\n<li>Grzeszczak Tomasz<\/li>\n<li>Grzeszczak Pawe\u0142<\/li>\n<li>Mas\u0142owski Kamil<\/li>\n<li>Sucho\u0142biak Rafa\u0142<\/li>\n<\/ul>\n<h2>Zdarzenie w dniu 25-10-2014 godzina 20:17<\/h2>\n<p>Adres zdarzenia \u2013 W\u0119\u017cewo<br \/>\nTyp zdarzenia &#8211; Po\u017car budynku mieszkalnego<br \/>\nCzas trwania akcji 4:55<br \/>\nLista uczestnik\u00f3w:<\/p>\n<ul>\n<li>Jaszczurowski Piotr<\/li>\n<li>Wyszkowski Krzysztof<\/li>\n<li>Go\u0142ota Micha\u0142<\/li>\n<li>Grzeszczak Jaros\u0142aw<\/li>\n<li>Grzeszczak Pawe\u0142<\/li>\n<li>Mas\u0142owski Kamil<\/li>\n<li>Wenda Jaros\u0142aw<\/li>\n<li>Borucki Jacek<\/li>\n<\/ul>\n","protected":false},"excerpt":{"rendered":"<p>Akcje i zdarzenia w kt\u00f3rych uczestniczy\u0142a OSP W\u0118\u017bEWO w roku 2014 Zdarzenie w dniu 09-06-2014 godzina 19:47 Adres zdarzenia \u2013 W\u0119\u017cewo Typ zdarzenia &#8211; Zalana piwnica domu mieszkalnego Czas trwania akcji 1:27 Lista uczestnik\u00f3w: B\u0142aszczak \u0141ukasz Bojarski Pawe\u0142 Go\u0142ota Micha\u0142 Kamzelski Tomasz Mas\u0142owski Kamil Smosarski Bartosz Zdarzenie w dniu 27-07-2014 godzina 16:36 Adres zdarzenia \u2013 [&hellip;]<\/p>\n","protected":false},"author":2,"featured_media":0,"parent":632,"menu_order":0,"comment_status":"closed","ping_status":"closed","template":"","meta":{"_editorskit_title_hidden":false,"_editorskit_reading_time":0,"_editorskit_is_block_options_detached":false,"_editorskit_block_options_position":"{}","_mc_calendar":[],"footnotes":""},"class_list":["post-2962","page","type-page","status-publish","hentry"],"_links":{"self":[{"href":"https:\/\/osp.wezewo.info\/index.php?rest_route=\/wp\/v2\/pages\/2962","targetHints":{"allow":["GET"]}}],"collection":[{"href":"https:\/\/osp.wezewo.info\/index.php?rest_route=\/wp\/v2\/pages"}],"about":[{"href":"https:\/\/osp.wezewo.info\/index.php?rest_route=\/wp\/v2\/types\/page"}],"author":[{"embeddable":true,"href":"https:\/\/osp.wezewo.info\/index.php?rest_route=\/wp\/v2\/users\/2"}],"replies":[{"embeddable":true,"href":"https:\/\/osp.wezewo.info\/index.php?rest_route=%2Fwp%2Fv2%2Fcomments&post=2962"}],"version-history":[{"count":2,"href":"https:\/\/osp.wezewo.info\/index.php?rest_route=\/wp\/v2\/pages\/2962\/revisions"}],"predecessor-version":[{"id":4302,"href":"https:\/\/osp.wezewo.info\/index.php?rest_route=\/wp\/v2\/pages\/2962\/revisions\/4302"}],"up":[{"embeddable":true,"href":"https:\/\/osp.wezewo.info\/index.php?rest_route=\/wp\/v2\/pages\/632"}],"wp:attachment":[{"href":"https:\/\/osp.wezewo.info\/index.php?rest_route=%2Fwp%2Fv2%2Fmedia&parent=2962"}],"curies":[{"name":"wp","href":"https:\/\/api.w.org\/{rel}","templated":true}]}}