{"id":4822,"date":"2016-04-02T15:20:23","date_gmt":"2016-04-02T13:20:23","guid":{"rendered":"https:\/\/osp.wezewo.info\/?page_id=4822"},"modified":"2017-03-26T19:42:07","modified_gmt":"2017-03-26T17:42:07","slug":"zdarzenia-2016","status":"publish","type":"page","link":"https:\/\/osp.wezewo.info\/?page_id=4822","title":{"rendered":"ZDARZENIA 2016"},"content":{"rendered":"<p>Akcje i zdarzenia w kt\u00f3rych uczestniczy\u0142a OSP W\u0118\u017bEWO w roku 2016<\/p>\n<h2>Zdarzenie w dniu 10.01.2016 godzina 17:37<\/h2>\n<p>Adres zdarzenia &#8211; Gor\u0105ca<br \/>\nTyp zdarzenia &#8211;\u00a0Po\u017car\u00a0\u0142adowarki rolniczej<br \/>\nCzas trwania akcji 0:42 minut<br \/>\nLista uczestnik\u00f3w:<\/p>\n<ul>\n<li>Wyszkowski Krzysztof<\/li>\n<li>Go\u0142ota Micha\u0142<\/li>\n<li>Traczyk Andrzej<\/li>\n<li>Traczyk Zdzis\u0142aw<\/li>\n<li>B\u0142aszczak \u0141ukasz<\/li>\n<li>Bojarski Pawe\u0142<\/li>\n<li>Wronowski S\u0142awomir<\/li>\n<\/ul>\n<h2>Zdarzenie w dniu 20.08.2016 godzina 13:28<\/h2>\n<p>Adres zdarzenia &#8211; Brzozowo Wielkie<br \/>\nTyp zdarzenia \u2013 Po\u017car kombajnu zbo\u017cowego<br \/>\nCzas trwania akcji 0:44 minut<br \/>\nLista uczestnik\u00f3w:<\/p>\n<ul>\n<li>Wyszkowski Krzysztof<\/li>\n<li>Grzeszczak Leszek<\/li>\n<li>\u017bbikowski Piotr<\/li>\n<li>Wenda Jaros\u0142aw<\/li>\n<li>Grzeszczak Jaros\u0142aw<\/li>\n<li>Traczyk Andrzej<\/li>\n<\/ul>\n<h2>Zdarzenie w dniu 27.09.2016 godzina 16:50<\/h2>\n<p>Adres zdarzenia &#8211; Helen\u00f3w<br \/>\nTyp zdarzenia \u2013 wypadek samochody (auto osobowe i ambulans)<br \/>\nCzas trwania akcji 3:13 minut<br \/>\nLista uczestnik\u00f3w:<\/p>\n<ul>\n<li>Wyszkowski Krzysztof<\/li>\n<li>Go\u0142ota Micha\u0142<\/li>\n<li>\u017bbikowski Piotr<\/li>\n<li>Jakubowski Zbigniew<\/li>\n<li>Wenda Jaros\u0142aw<\/li>\n<\/ul>\n<h2>Zdarzenie w dniu 19.10.2016 godzina 6:14<\/h2>\n<p>Adres zdarzenia &#8211; Mosaki &#8211; Stara Wie\u015b<br \/>\nTyp zdarzenia \u2013 nieprzejezdna droga powiatowa<br \/>\nCzas trwania akcji 1:20 minut<br \/>\nLista uczestnik\u00f3w:<\/p>\n<ul>\n<li>Wyszkowski Krzysztof<\/li>\n<li>Go\u0142ota Micha\u0142<\/li>\n<li>\u017bbikowski Piotr<\/li>\n<li>Jakubowski Zbigniew<\/li>\n<li>Traczyk Andrzej<\/li>\n<li>Grzeszczak Leszek<\/li>\n<\/ul>\n","protected":false},"excerpt":{"rendered":"<p>Akcje i zdarzenia w kt\u00f3rych uczestniczy\u0142a OSP W\u0118\u017bEWO w roku 2016 Zdarzenie w dniu 10.01.2016 godzina 17:37 Adres zdarzenia &#8211; Gor\u0105ca Typ zdarzenia &#8211;\u00a0Po\u017car\u00a0\u0142adowarki rolniczej Czas trwania akcji 0:42 minut Lista uczestnik\u00f3w: Wyszkowski Krzysztof Go\u0142ota Micha\u0142 Traczyk Andrzej Traczyk Zdzis\u0142aw B\u0142aszczak \u0141ukasz Bojarski Pawe\u0142 Wronowski S\u0142awomir Zdarzenie w dniu 20.08.2016 godzina 13:28 Adres zdarzenia &#8211; [&hellip;]<\/p>\n","protected":false},"author":2,"featured_media":0,"parent":632,"menu_order":0,"comment_status":"closed","ping_status":"closed","template":"","meta":{"_editorskit_title_hidden":false,"_editorskit_reading_time":0,"_editorskit_is_block_options_detached":false,"_editorskit_block_options_position":"{}","_mc_calendar":[],"footnotes":""},"class_list":["post-4822","page","type-page","status-publish","hentry"],"_links":{"self":[{"href":"https:\/\/osp.wezewo.info\/index.php?rest_route=\/wp\/v2\/pages\/4822","targetHints":{"allow":["GET"]}}],"collection":[{"href":"https:\/\/osp.wezewo.info\/index.php?rest_route=\/wp\/v2\/pages"}],"about":[{"href":"https:\/\/osp.wezewo.info\/index.php?rest_route=\/wp\/v2\/types\/page"}],"author":[{"embeddable":true,"href":"https:\/\/osp.wezewo.info\/index.php?rest_route=\/wp\/v2\/users\/2"}],"replies":[{"embeddable":true,"href":"https:\/\/osp.wezewo.info\/index.php?rest_route=%2Fwp%2Fv2%2Fcomments&post=4822"}],"version-history":[{"count":5,"href":"https:\/\/osp.wezewo.info\/index.php?rest_route=\/wp\/v2\/pages\/4822\/revisions"}],"predecessor-version":[{"id":5802,"href":"https:\/\/osp.wezewo.info\/index.php?rest_route=\/wp\/v2\/pages\/4822\/revisions\/5802"}],"up":[{"embeddable":true,"href":"https:\/\/osp.wezewo.info\/index.php?rest_route=\/wp\/v2\/pages\/632"}],"wp:attachment":[{"href":"https:\/\/osp.wezewo.info\/index.php?rest_route=%2Fwp%2Fv2%2Fmedia&parent=4822"}],"curies":[{"name":"wp","href":"https:\/\/api.w.org\/{rel}","templated":true}]}}