{"id":612,"date":"2013-07-08T14:29:00","date_gmt":"2013-07-08T12:29:00","guid":{"rendered":"https:\/\/osp.wezewo.info\/New\/?page_id=612"},"modified":"2013-07-08T14:29:00","modified_gmt":"2013-07-08T12:29:00","slug":"linki","status":"publish","type":"page","link":"https:\/\/osp.wezewo.info\/?page_id=612","title":{"rendered":"LINKI"},"content":{"rendered":"<div class=\"entry\">\n<p>Zapraszamy do odwiedzenia polecanych stron internetowych<\/p>\n<\/div>\n<table summary=\"Kontakt\">\n<thead>\n<tr>\n<th colspan=\"2\" scope=\"col\" abbr=\"Monday\">Polecane strony<\/th>\n<\/tr>\n<\/thead>\n<tbody>\n<tr>\n<td>Gmina Krasne<\/td>\n<td><a href=\"http:\/\/krasne.pl\/\"> krasne.pl<\/a><\/td>\n<\/tr>\n<tr>\n<td>OSP Krasne<\/td>\n<td><a href=\"http:\/\/krasne.osp.org.pl\/\"> krasne.osp.org.pl<\/a><\/td>\n<\/tr>\n<tr>\n<td>Zwi\u0105zek OSP RP Wojew\u00f3dztwa Mazowieckiego<\/td>\n<td><a href=\"http:\/\/www.zospmazowsze.pl\/index.php\"> zospmazowsze.pl<\/a><\/td>\n<\/tr>\n<tr>\n<td>Zwi\u0105zek Ochotniczych Stra\u017cy Po\u017carnych RP<\/td>\n<td><a href=\"http:\/\/zosprp.pl\/\"> zosprp.pl<\/a><\/td>\n<\/tr>\n<tr>\n<td>Firma OAK<\/td>\n<td><a href=\"http:\/\/www.oak-profile.pl\/\">oak-profile.pl<\/a><\/td>\n<\/tr>\n<tr>\n<td>Gmina Krasnosielc<\/td>\n<td><a href=\"http:\/\/www.gminakrasnosielc.pl\/\">gminakrasnosielc.pl<\/a><\/td>\n<\/tr>\n<\/tbody>\n<\/table>\n","protected":false},"excerpt":{"rendered":"<p>Zapraszamy do odwiedzenia polecanych stron internetowych Polecane strony Gmina Krasne krasne.pl OSP Krasne krasne.osp.org.pl Zwi\u0105zek OSP RP Wojew\u00f3dztwa Mazowieckiego zospmazowsze.pl Zwi\u0105zek Ochotniczych Stra\u017cy Po\u017carnych RP zosprp.pl Firma OAK oak-profile.pl Gmina Krasnosielc gminakrasnosielc.pl<\/p>\n","protected":false},"author":2,"featured_media":0,"parent":0,"menu_order":0,"comment_status":"open","ping_status":"open","template":"","meta":{"_editorskit_title_hidden":false,"_editorskit_reading_time":0,"_editorskit_is_block_options_detached":false,"_editorskit_block_options_position":"{}","_mc_calendar":[],"footnotes":""},"class_list":["post-612","page","type-page","status-publish","hentry"],"_links":{"self":[{"href":"https:\/\/osp.wezewo.info\/index.php?rest_route=\/wp\/v2\/pages\/612","targetHints":{"allow":["GET"]}}],"collection":[{"href":"https:\/\/osp.wezewo.info\/index.php?rest_route=\/wp\/v2\/pages"}],"about":[{"href":"https:\/\/osp.wezewo.info\/index.php?rest_route=\/wp\/v2\/types\/page"}],"author":[{"embeddable":true,"href":"https:\/\/osp.wezewo.info\/index.php?rest_route=\/wp\/v2\/users\/2"}],"replies":[{"embeddable":true,"href":"https:\/\/osp.wezewo.info\/index.php?rest_route=%2Fwp%2Fv2%2Fcomments&post=612"}],"version-history":[{"count":1,"href":"https:\/\/osp.wezewo.info\/index.php?rest_route=\/wp\/v2\/pages\/612\/revisions"}],"predecessor-version":[{"id":622,"href":"https:\/\/osp.wezewo.info\/index.php?rest_route=\/wp\/v2\/pages\/612\/revisions\/622"}],"wp:attachment":[{"href":"https:\/\/osp.wezewo.info\/index.php?rest_route=%2Fwp%2Fv2%2Fmedia&parent=612"}],"curies":[{"name":"wp","href":"https:\/\/api.w.org\/{rel}","templated":true}]}}