{"id":6212,"date":"2017-06-02T11:35:08","date_gmt":"2017-06-02T09:35:08","guid":{"rendered":"https:\/\/osp.wezewo.info\/?page_id=6212"},"modified":"2017-10-24T16:13:36","modified_gmt":"2017-10-24T14:13:36","slug":"zdarzenia-2017","status":"publish","type":"page","link":"https:\/\/osp.wezewo.info\/?page_id=6212","title":{"rendered":"ZDARZENIA 2017"},"content":{"rendered":"<p>Akcje i zdarzenia w kt\u00f3rych uczestniczy\u0142a OSP W\u0118\u017bEWO w roku 2017<\/p>\n<h2>Zdarzenie w dniu 07.08.2017 godzina 17:46<\/h2>\n<p>Adres zdarzenia &#8211; Nowe \u017bmijewo (Brzozowo Ma\u0142e \u2013 Brzoz\u00f3wko )<br \/>\nTyp zdarzenia &#8211;\u00a0Po\u017car bel s\u0142omy na przyczepie rolniczej<br \/>\nCzas trwania akcji 1:14 minut<br \/>\nLista uczestnik\u00f3w:<\/p>\n<ul>\n<li>Wyszkowski Krzysztof<\/li>\n<li>Leszek Grzeszczak <\/li>\n<li>Traczyk Andrzej<\/li>\n<li>Pawe\u0142 Piotrowski <\/li>\n<li>Pawe\u0142 Grzeszczak<\/li>\n<li>Robert Grzeszczak\u0142<\/li>\n<li>Wronowski S\u0142awomir<\/li>\n<\/ul>\n<h2>Zdarzenie w dniu 10.08.2017 godzina 8:26<\/h2>\n<p>Adres zdarzenia &#8211; W\u0119\u017cewo<br \/>\nTyp zdarzenia \u2013 Powalone drzewo<br \/>\nCzas trwania akcji 0:16 minut<br \/>\nLista uczestnik\u00f3w:<\/p>\n<ul>\n<li>Wyszkowski Krzysztof<\/li>\n<li>Go\u0142ota Micha\u0142<\/li>\n<li>\u017bbikowski Piotr<\/li>\n<li>Wenda Jaros\u0142aw<\/li>\n<li>Grzeszczak Robert<\/li>\n<li>Piotrowski Pawe\u0142<\/li>\n<li>Mas\u0142owski Kamil<\/li>\n<\/ul>\n<h2>Zdarzenie w dniu 10.08.2017 godzina 8:57<\/h2>\n<p>Adres zdarzenia &#8211; \u017bbiki<br \/>\nTyp zdarzenia \u2013 Po\u017car budyneku gospodarczego<br \/>\nCzas trwania akcji 0:42 minuty<br \/>\nLista uczestnik\u00f3w:<\/p>\n<ul>\n<li>Wyszkowski Krzysztof<\/li>\n<li>Go\u0142ota Micha\u0142<\/li>\n<li>\u017bbikowski Piotr<\/li>\n<li>Mas\u0142owski Kamil<\/li>\n<li>Wenda Jaros\u0142aw<\/li>\n<li>Piotrowski Pawe\u0142<\/li>\n<li>Grzeszczak Robert<\/li>\n<\/ul>\n","protected":false},"excerpt":{"rendered":"<p>Akcje i zdarzenia w kt\u00f3rych uczestniczy\u0142a OSP W\u0118\u017bEWO w roku 2017 Zdarzenie w dniu 07.08.2017 godzina 17:46 Adres zdarzenia &#8211; Nowe \u017bmijewo (Brzozowo Ma\u0142e \u2013 Brzoz\u00f3wko ) Typ zdarzenia &#8211;\u00a0Po\u017car bel s\u0142omy na przyczepie rolniczej Czas trwania akcji 1:14 minut Lista uczestnik\u00f3w: Wyszkowski Krzysztof Leszek Grzeszczak Traczyk Andrzej Pawe\u0142 Piotrowski Pawe\u0142 Grzeszczak Robert Grzeszczak\u0142 Wronowski [&hellip;]<\/p>\n","protected":false},"author":2,"featured_media":0,"parent":632,"menu_order":0,"comment_status":"closed","ping_status":"closed","template":"","meta":{"_editorskit_title_hidden":false,"_editorskit_reading_time":0,"_editorskit_is_block_options_detached":false,"_editorskit_block_options_position":"{}","_mc_calendar":[],"footnotes":""},"class_list":["post-6212","page","type-page","status-publish","hentry"],"_links":{"self":[{"href":"https:\/\/osp.wezewo.info\/index.php?rest_route=\/wp\/v2\/pages\/6212","targetHints":{"allow":["GET"]}}],"collection":[{"href":"https:\/\/osp.wezewo.info\/index.php?rest_route=\/wp\/v2\/pages"}],"about":[{"href":"https:\/\/osp.wezewo.info\/index.php?rest_route=\/wp\/v2\/types\/page"}],"author":[{"embeddable":true,"href":"https:\/\/osp.wezewo.info\/index.php?rest_route=\/wp\/v2\/users\/2"}],"replies":[{"embeddable":true,"href":"https:\/\/osp.wezewo.info\/index.php?rest_route=%2Fwp%2Fv2%2Fcomments&post=6212"}],"version-history":[{"count":2,"href":"https:\/\/osp.wezewo.info\/index.php?rest_route=\/wp\/v2\/pages\/6212\/revisions"}],"predecessor-version":[{"id":6802,"href":"https:\/\/osp.wezewo.info\/index.php?rest_route=\/wp\/v2\/pages\/6212\/revisions\/6802"}],"up":[{"embeddable":true,"href":"https:\/\/osp.wezewo.info\/index.php?rest_route=\/wp\/v2\/pages\/632"}],"wp:attachment":[{"href":"https:\/\/osp.wezewo.info\/index.php?rest_route=%2Fwp%2Fv2%2Fmedia&parent=6212"}],"curies":[{"name":"wp","href":"https:\/\/api.w.org\/{rel}","templated":true}]}}