{"id":662,"date":"2013-07-08T14:32:21","date_gmt":"2013-07-08T12:32:21","guid":{"rendered":"https:\/\/osp.wezewo.info\/New\/?page_id=662"},"modified":"2020-11-05T15:09:37","modified_gmt":"2020-11-05T14:09:37","slug":"wyposazenie","status":"publish","type":"page","link":"https:\/\/osp.wezewo.info\/?page_id=662","title":{"rendered":"WYPOSA\u017bENIE"},"content":{"rendered":"<div class=\"entry\">\n<p>Wyposa\u017cenie OSP W\u0119\u017cewo<\/p>\n<p>Samoch\u00f3d marki Mercedes<\/p>\n<p><a href=\"https:\/\/osp.wezewo.info\/wp-content\/uploads\/2017\/05\/DSC_0131.jpg\"><img loading=\"lazy\" decoding=\"async\" class=\"size-large wp-image-6072 alignleft\" src=\"https:\/\/osp.wezewo.info\/wp-content\/uploads\/2017\/05\/DSC_0131-1024x576.jpg\" alt=\"\" width=\"627\" height=\"353\" srcset=\"https:\/\/osp.wezewo.info\/wp-content\/uploads\/2017\/05\/DSC_0131-1024x576.jpg 1024w, https:\/\/osp.wezewo.info\/wp-content\/uploads\/2017\/05\/DSC_0131-300x169.jpg 300w, https:\/\/osp.wezewo.info\/wp-content\/uploads\/2017\/05\/DSC_0131-768x432.jpg 768w\" sizes=\"auto, (max-width: 627px) 100vw, 627px\" \/><\/a><\/p>\n<p>&nbsp;<\/p>\n<p>&nbsp;<\/p>\n<p>&nbsp;<\/p>\n<p>&nbsp;<\/p>\n<p>&nbsp;<\/p>\n<p>&nbsp;<\/p>\n<p>&nbsp;<\/p>\n<p>&nbsp;<\/p>\n<\/div>\n<p>&nbsp;<\/p>\n<p>&nbsp;<\/p>\n<div class=\"entry\">\n<p>2 motopompy<\/p>\n<p><a href=\"https:\/\/osp.wezewo.info\/wp-content\/uploads\/2013\/07\/moto.jpg\"><img loading=\"lazy\" decoding=\"async\" class=\"alignnone  wp-image-11183\" src=\"https:\/\/osp.wezewo.info\/wp-content\/uploads\/2013\/07\/moto-794x1024.jpg\" alt=\"\" width=\"224\" height=\"289\" srcset=\"https:\/\/osp.wezewo.info\/wp-content\/uploads\/2013\/07\/moto-794x1024.jpg 794w, https:\/\/osp.wezewo.info\/wp-content\/uploads\/2013\/07\/moto-233x300.jpg 233w, https:\/\/osp.wezewo.info\/wp-content\/uploads\/2013\/07\/moto-768x990.jpg 768w, https:\/\/osp.wezewo.info\/wp-content\/uploads\/2013\/07\/moto.jpg 1412w\" sizes=\"auto, (max-width: 224px) 100vw, 224px\" \/><\/a><\/p>\n<p>7+1 komplet\u00f3w stroj\u00f3w bojowych<\/p>\n<p>Ponadto standardowe wyposa\u017cenie ga\u015bnicze<\/p>\n<\/div>\n","protected":false},"excerpt":{"rendered":"<p>Wyposa\u017cenie OSP W\u0119\u017cewo Samoch\u00f3d marki Mercedes &nbsp; &nbsp; &nbsp; &nbsp; &nbsp; &nbsp; &nbsp; &nbsp; &nbsp; &nbsp; 2 motopompy 7+1 komplet\u00f3w stroj\u00f3w bojowych Ponadto standardowe wyposa\u017cenie ga\u015bnicze<\/p>\n","protected":false},"author":2,"featured_media":0,"parent":0,"menu_order":0,"comment_status":"closed","ping_status":"closed","template":"","meta":{"_editorskit_title_hidden":false,"_editorskit_reading_time":0,"_editorskit_is_block_options_detached":false,"_editorskit_block_options_position":"{}","_mc_calendar":[],"footnotes":""},"class_list":["post-662","page","type-page","status-publish","hentry"],"_links":{"self":[{"href":"https:\/\/osp.wezewo.info\/index.php?rest_route=\/wp\/v2\/pages\/662","targetHints":{"allow":["GET"]}}],"collection":[{"href":"https:\/\/osp.wezewo.info\/index.php?rest_route=\/wp\/v2\/pages"}],"about":[{"href":"https:\/\/osp.wezewo.info\/index.php?rest_route=\/wp\/v2\/types\/page"}],"author":[{"embeddable":true,"href":"https:\/\/osp.wezewo.info\/index.php?rest_route=\/wp\/v2\/users\/2"}],"replies":[{"embeddable":true,"href":"https:\/\/osp.wezewo.info\/index.php?rest_route=%2Fwp%2Fv2%2Fcomments&post=662"}],"version-history":[{"count":3,"href":"https:\/\/osp.wezewo.info\/index.php?rest_route=\/wp\/v2\/pages\/662\/revisions"}],"predecessor-version":[{"id":11184,"href":"https:\/\/osp.wezewo.info\/index.php?rest_route=\/wp\/v2\/pages\/662\/revisions\/11184"}],"wp:attachment":[{"href":"https:\/\/osp.wezewo.info\/index.php?rest_route=%2Fwp%2Fv2%2Fmedia&parent=662"}],"curies":[{"name":"wp","href":"https:\/\/api.w.org\/{rel}","templated":true}]}}