{"id":7092,"date":"2017-12-17T13:18:53","date_gmt":"2017-12-17T12:18:53","guid":{"rendered":"https:\/\/osp.wezewo.info\/?page_id=7092"},"modified":"2026-03-20T18:09:40","modified_gmt":"2026-03-20T17:09:40","slug":"sponsorzy","status":"publish","type":"page","link":"https:\/\/osp.wezewo.info\/?page_id=7092","title":{"rendered":"SPONSORZY"},"content":{"rendered":"\n<figure class=\"wp-block-gallery has-nested-images columns-default is-cropped wp-block-gallery-1 is-layout-flex wp-block-gallery-is-layout-flex\">\n<figure class=\"wp-block-image size-large\"><a href=\"https:\/\/osp.wezewo.info\/wp-content\/uploads\/2025\/01\/P.U.H.-EWA-Ewa-grabowska-3.png\"><img loading=\"lazy\" decoding=\"async\" width=\"700\" height=\"400\" data-id=\"13114\" src=\"https:\/\/osp.wezewo.info\/wp-content\/uploads\/2025\/01\/P.U.H.-EWA-Ewa-grabowska-3.png\" alt=\"\" class=\"wp-image-13114\" srcset=\"https:\/\/osp.wezewo.info\/wp-content\/uploads\/2025\/01\/P.U.H.-EWA-Ewa-grabowska-3.png 700w, https:\/\/osp.wezewo.info\/wp-content\/uploads\/2025\/01\/P.U.H.-EWA-Ewa-grabowska-3-300x171.png 300w\" sizes=\"auto, (max-width: 700px) 100vw, 700px\" \/><\/a><\/figure>\n\n\n\n<figure class=\"wp-block-image size-large\"><a href=\"https:\/\/osp.wezewo.info\/wp-content\/uploads\/2026\/03\/14-centrobud-strona-scaled.jpg\"><img loading=\"lazy\" decoding=\"async\" width=\"1024\" height=\"219\" data-id=\"13463\" src=\"https:\/\/osp.wezewo.info\/wp-content\/uploads\/2026\/03\/14-centrobud-strona-1024x219.jpg\" alt=\"\" class=\"wp-image-13463\" srcset=\"https:\/\/osp.wezewo.info\/wp-content\/uploads\/2026\/03\/14-centrobud-strona-1024x219.jpg 1024w, https:\/\/osp.wezewo.info\/wp-content\/uploads\/2026\/03\/14-centrobud-strona-300x64.jpg 300w, https:\/\/osp.wezewo.info\/wp-content\/uploads\/2026\/03\/14-centrobud-strona-768x165.jpg 768w, https:\/\/osp.wezewo.info\/wp-content\/uploads\/2026\/03\/14-centrobud-strona-1536x329.jpg 1536w, https:\/\/osp.wezewo.info\/wp-content\/uploads\/2026\/03\/14-centrobud-strona-2048x439.jpg 2048w\" sizes=\"auto, (max-width: 1024px) 100vw, 1024px\" \/><\/a><\/figure>\n\n\n\n<figure class=\"wp-block-image size-large\"><a href=\"https:\/\/osp.wezewo.info\/wp-content\/uploads\/2025\/01\/Robert-Marchlinski.png\"><img loading=\"lazy\" decoding=\"async\" width=\"700\" height=\"400\" data-id=\"13112\" src=\"https:\/\/osp.wezewo.info\/wp-content\/uploads\/2025\/01\/Robert-Marchlinski.png\" alt=\"\" class=\"wp-image-13112\" srcset=\"https:\/\/osp.wezewo.info\/wp-content\/uploads\/2025\/01\/Robert-Marchlinski.png 700w, https:\/\/osp.wezewo.info\/wp-content\/uploads\/2025\/01\/Robert-Marchlinski-300x171.png 300w\" sizes=\"auto, (max-width: 700px) 100vw, 700px\" \/><\/a><\/figure>\n\n\n\n<figure class=\"wp-block-image size-large\"><a href=\"https:\/\/osp.wezewo.info\/wp-content\/uploads\/2025\/01\/18B-JAREMI-2.png\"><img loading=\"lazy\" decoding=\"async\" width=\"700\" height=\"400\" data-id=\"13113\" src=\"https:\/\/osp.wezewo.info\/wp-content\/uploads\/2025\/01\/18B-JAREMI-2.png\" alt=\"\" class=\"wp-image-13113\" srcset=\"https:\/\/osp.wezewo.info\/wp-content\/uploads\/2025\/01\/18B-JAREMI-2.png 700w, https:\/\/osp.wezewo.info\/wp-content\/uploads\/2025\/01\/18B-JAREMI-2-300x171.png 300w\" sizes=\"auto, (max-width: 700px) 100vw, 700px\" \/><\/a><\/figure>\n\n\n\n<figure class=\"wp-block-image size-large\"><a href=\"https:\/\/osp.wezewo.info\/wp-content\/uploads\/2025\/01\/Wojciech-Michalak.png\"><img loading=\"lazy\" decoding=\"async\" width=\"700\" height=\"400\" data-id=\"13111\" src=\"https:\/\/osp.wezewo.info\/wp-content\/uploads\/2025\/01\/Wojciech-Michalak.png\" alt=\"\" class=\"wp-image-13111\" srcset=\"https:\/\/osp.wezewo.info\/wp-content\/uploads\/2025\/01\/Wojciech-Michalak.png 700w, https:\/\/osp.wezewo.info\/wp-content\/uploads\/2025\/01\/Wojciech-Michalak-300x171.png 300w\" sizes=\"auto, (max-width: 700px) 100vw, 700px\" \/><\/a><\/figure>\n\n\n\n<figure class=\"wp-block-image size-large\"><a href=\"https:\/\/osp.wezewo.info\/wp-content\/uploads\/2025\/01\/Artur-Balcerzak.png\"><img loading=\"lazy\" decoding=\"async\" width=\"700\" height=\"400\" data-id=\"13110\" src=\"https:\/\/osp.wezewo.info\/wp-content\/uploads\/2025\/01\/Artur-Balcerzak.png\" alt=\"\" class=\"wp-image-13110\" srcset=\"https:\/\/osp.wezewo.info\/wp-content\/uploads\/2025\/01\/Artur-Balcerzak.png 700w, https:\/\/osp.wezewo.info\/wp-content\/uploads\/2025\/01\/Artur-Balcerzak-300x171.png 300w\" sizes=\"auto, (max-width: 700px) 100vw, 700px\" \/><\/a><\/figure>\n\n\n\n<figure class=\"wp-block-image size-large\"><a href=\"https:\/\/osp.wezewo.info\/wp-content\/uploads\/2020\/11\/tomaszewski_wiz_2019-v2-2.jpg\"><img loading=\"lazy\" decoding=\"async\" width=\"709\" height=\"394\" data-id=\"11375\" src=\"https:\/\/osp.wezewo.info\/wp-content\/uploads\/2020\/11\/tomaszewski_wiz_2019-v2-2.jpg\" alt=\"\" class=\"wp-image-11375\" srcset=\"https:\/\/osp.wezewo.info\/wp-content\/uploads\/2020\/11\/tomaszewski_wiz_2019-v2-2.jpg 709w, https:\/\/osp.wezewo.info\/wp-content\/uploads\/2020\/11\/tomaszewski_wiz_2019-v2-2-300x167.jpg 300w\" sizes=\"auto, (max-width: 709px) 100vw, 709px\" \/><\/a><\/figure>\n\n\n\n<figure class=\"wp-block-image size-large\"><a href=\"https:\/\/osp.wezewo.info\/wp-content\/uploads\/2020\/11\/SPAW_ZBIK.png\"><img loading=\"lazy\" decoding=\"async\" width=\"1024\" height=\"565\" data-id=\"11373\" src=\"https:\/\/osp.wezewo.info\/wp-content\/uploads\/2020\/11\/SPAW_ZBIK-1024x565.png\" alt=\"\" class=\"wp-image-11373\" srcset=\"https:\/\/osp.wezewo.info\/wp-content\/uploads\/2020\/11\/SPAW_ZBIK-1024x565.png 1024w, https:\/\/osp.wezewo.info\/wp-content\/uploads\/2020\/11\/SPAW_ZBIK-300x166.png 300w, https:\/\/osp.wezewo.info\/wp-content\/uploads\/2020\/11\/SPAW_ZBIK-768x424.png 768w, https:\/\/osp.wezewo.info\/wp-content\/uploads\/2020\/11\/SPAW_ZBIK.png 1107w\" sizes=\"auto, (max-width: 1024px) 100vw, 1024px\" \/><\/a><\/figure>\n\n\n\n<figure class=\"wp-block-image size-large\"><a href=\"https:\/\/osp.wezewo.info\/wp-content\/uploads\/2020\/11\/klementynka_WIZYTOWKA.png\"><img loading=\"lazy\" decoding=\"async\" width=\"700\" height=\"400\" data-id=\"11434\" src=\"https:\/\/osp.wezewo.info\/wp-content\/uploads\/2020\/11\/klementynka_WIZYTOWKA.png\" alt=\"\" class=\"wp-image-11434\" srcset=\"https:\/\/osp.wezewo.info\/wp-content\/uploads\/2020\/11\/klementynka_WIZYTOWKA.png 700w, https:\/\/osp.wezewo.info\/wp-content\/uploads\/2020\/11\/klementynka_WIZYTOWKA-300x171.png 300w\" sizes=\"auto, (max-width: 700px) 100vw, 700px\" \/><\/a><\/figure>\n\n\n\n<figure class=\"wp-block-image size-large\"><a href=\"https:\/\/osp.wezewo.info\/wp-content\/uploads\/2020\/11\/Kamieniarstwo_Krasniak.png\"><img loading=\"lazy\" decoding=\"async\" width=\"1024\" height=\"559\" data-id=\"11369\" src=\"https:\/\/osp.wezewo.info\/wp-content\/uploads\/2020\/11\/Kamieniarstwo_Krasniak-1024x559.png\" alt=\"\" class=\"wp-image-11369\" srcset=\"https:\/\/osp.wezewo.info\/wp-content\/uploads\/2020\/11\/Kamieniarstwo_Krasniak-1024x559.png 1024w, https:\/\/osp.wezewo.info\/wp-content\/uploads\/2020\/11\/Kamieniarstwo_Krasniak-300x164.png 300w, https:\/\/osp.wezewo.info\/wp-content\/uploads\/2020\/11\/Kamieniarstwo_Krasniak-768x419.png 768w, https:\/\/osp.wezewo.info\/wp-content\/uploads\/2020\/11\/Kamieniarstwo_Krasniak.png 1111w\" sizes=\"auto, (max-width: 1024px) 100vw, 1024px\" \/><\/a><\/figure>\n\n\n\n<figure class=\"wp-block-image size-large\"><a href=\"https:\/\/osp.wezewo.info\/wp-content\/uploads\/2020\/11\/andrzej_golota.png\"><img loading=\"lazy\" decoding=\"async\" width=\"775\" height=\"428\" data-id=\"11367\" src=\"https:\/\/osp.wezewo.info\/wp-content\/uploads\/2020\/11\/andrzej_golota.png\" alt=\"\" class=\"wp-image-11367\" srcset=\"https:\/\/osp.wezewo.info\/wp-content\/uploads\/2020\/11\/andrzej_golota.png 775w, https:\/\/osp.wezewo.info\/wp-content\/uploads\/2020\/11\/andrzej_golota-300x166.png 300w, https:\/\/osp.wezewo.info\/wp-content\/uploads\/2020\/11\/andrzej_golota-768x424.png 768w\" sizes=\"auto, (max-width: 775px) 100vw, 775px\" \/><\/a><\/figure>\n\n\n\n<figure class=\"wp-block-image size-large\"><a href=\"https:\/\/osp.wezewo.info\/wp-content\/uploads\/2020\/12\/BANER.jpg\"><img loading=\"lazy\" decoding=\"async\" width=\"1500\" height=\"1029\" data-id=\"11479\" src=\"https:\/\/osp.wezewo.info\/wp-content\/uploads\/2020\/12\/BANER.jpg\" alt=\"\" class=\"wp-image-11479\"\/><\/a><\/figure>\n\n\n\n<figure class=\"wp-block-image size-large\"><a href=\"https:\/\/osp.wezewo.info\/wp-content\/uploads\/2026\/03\/10-Drewex-Tartak-strona-.jpg\"><img loading=\"lazy\" decoding=\"async\" width=\"1024\" height=\"559\" data-id=\"13464\" src=\"https:\/\/osp.wezewo.info\/wp-content\/uploads\/2026\/03\/10-Drewex-Tartak-strona--1024x559.jpg\" alt=\"\" class=\"wp-image-13464\" srcset=\"https:\/\/osp.wezewo.info\/wp-content\/uploads\/2026\/03\/10-Drewex-Tartak-strona--1024x559.jpg 1024w, https:\/\/osp.wezewo.info\/wp-content\/uploads\/2026\/03\/10-Drewex-Tartak-strona--300x164.jpg 300w, https:\/\/osp.wezewo.info\/wp-content\/uploads\/2026\/03\/10-Drewex-Tartak-strona--768x419.jpg 768w, https:\/\/osp.wezewo.info\/wp-content\/uploads\/2026\/03\/10-Drewex-Tartak-strona--1536x839.jpg 1536w, https:\/\/osp.wezewo.info\/wp-content\/uploads\/2026\/03\/10-Drewex-Tartak-strona-.jpg 1927w\" sizes=\"auto, (max-width: 1024px) 100vw, 1024px\" \/><\/a><\/figure>\n\n\n\n<figure class=\"wp-block-image size-large\"><a href=\"https:\/\/osp.wezewo.info\/wp-content\/uploads\/2022\/02\/Pilsudskiego-104-reklama-1.png\"><img loading=\"lazy\" decoding=\"async\" width=\"1024\" height=\"576\" data-id=\"12135\" src=\"https:\/\/osp.wezewo.info\/wp-content\/uploads\/2022\/02\/Pilsudskiego-104-reklama-1-1024x576.png\" alt=\"\" class=\"wp-image-12135\" srcset=\"https:\/\/osp.wezewo.info\/wp-content\/uploads\/2022\/02\/Pilsudskiego-104-reklama-1-1024x576.png 1024w, https:\/\/osp.wezewo.info\/wp-content\/uploads\/2022\/02\/Pilsudskiego-104-reklama-1-300x169.png 300w, https:\/\/osp.wezewo.info\/wp-content\/uploads\/2022\/02\/Pilsudskiego-104-reklama-1-768x432.png 768w, https:\/\/osp.wezewo.info\/wp-content\/uploads\/2022\/02\/Pilsudskiego-104-reklama-1-1536x864.png 1536w, https:\/\/osp.wezewo.info\/wp-content\/uploads\/2022\/02\/Pilsudskiego-104-reklama-1.png 1920w\" sizes=\"auto, (max-width: 1024px) 100vw, 1024px\" \/><\/a><\/figure>\n\n\n\n<figure class=\"wp-block-image size-large\"><a href=\"https:\/\/osp.wezewo.info\/wp-content\/uploads\/2022\/02\/Bez-tytulu2.png\"><img loading=\"lazy\" decoding=\"async\" width=\"1024\" height=\"458\" data-id=\"12111\" src=\"https:\/\/osp.wezewo.info\/wp-content\/uploads\/2022\/02\/Bez-tytulu2-1024x458.png\" alt=\"\" class=\"wp-image-12111\" srcset=\"https:\/\/osp.wezewo.info\/wp-content\/uploads\/2022\/02\/Bez-tytulu2-1024x458.png 1024w, https:\/\/osp.wezewo.info\/wp-content\/uploads\/2022\/02\/Bez-tytulu2-300x134.png 300w, https:\/\/osp.wezewo.info\/wp-content\/uploads\/2022\/02\/Bez-tytulu2-768x343.png 768w, https:\/\/osp.wezewo.info\/wp-content\/uploads\/2022\/02\/Bez-tytulu2-1536x686.png 1536w, https:\/\/osp.wezewo.info\/wp-content\/uploads\/2022\/02\/Bez-tytulu2.png 1844w\" sizes=\"auto, (max-width: 1024px) 100vw, 1024px\" \/><\/a><\/figure>\n\n\n\n<figure class=\"wp-block-image size-large\"><a href=\"https:\/\/osp.wezewo.info\/wp-content\/uploads\/2024\/01\/Ara.png\"><img loading=\"lazy\" decoding=\"async\" width=\"700\" height=\"400\" data-id=\"12917\" src=\"https:\/\/osp.wezewo.info\/wp-content\/uploads\/2024\/01\/Ara.png\" alt=\"\" class=\"wp-image-12917\" srcset=\"https:\/\/osp.wezewo.info\/wp-content\/uploads\/2024\/01\/Ara.png 700w, https:\/\/osp.wezewo.info\/wp-content\/uploads\/2024\/01\/Ara-300x171.png 300w\" sizes=\"auto, (max-width: 700px) 100vw, 700px\" \/><\/a><\/figure>\n\n\n\n<figure class=\"wp-block-image size-large\"><a href=\"https:\/\/osp.wezewo.info\/wp-content\/uploads\/2024\/01\/Gold-Bud-koparka.png\"><img loading=\"lazy\" decoding=\"async\" width=\"700\" height=\"400\" data-id=\"12921\" src=\"https:\/\/osp.wezewo.info\/wp-content\/uploads\/2024\/01\/Gold-Bud-koparka.png\" alt=\"\" class=\"wp-image-12921\" srcset=\"https:\/\/osp.wezewo.info\/wp-content\/uploads\/2024\/01\/Gold-Bud-koparka.png 700w, https:\/\/osp.wezewo.info\/wp-content\/uploads\/2024\/01\/Gold-Bud-koparka-300x171.png 300w\" sizes=\"auto, (max-width: 700px) 100vw, 700px\" \/><\/a><\/figure>\n\n\n\n<figure class=\"wp-block-image size-large\"><a href=\"https:\/\/osp.wezewo.info\/wp-content\/uploads\/2024\/01\/sekret-smaku.png\"><img loading=\"lazy\" decoding=\"async\" width=\"700\" height=\"400\" data-id=\"12923\" src=\"https:\/\/osp.wezewo.info\/wp-content\/uploads\/2024\/01\/sekret-smaku.png\" alt=\"\" class=\"wp-image-12923\" srcset=\"https:\/\/osp.wezewo.info\/wp-content\/uploads\/2024\/01\/sekret-smaku.png 700w, https:\/\/osp.wezewo.info\/wp-content\/uploads\/2024\/01\/sekret-smaku-300x171.png 300w\" sizes=\"auto, (max-width: 700px) 100vw, 700px\" \/><\/a><\/figure>\n<\/figure>\n\n\n\n<figure class=\"wp-block-gallery has-nested-images columns-default is-cropped wp-block-gallery-2 is-layout-flex wp-block-gallery-is-layout-flex\">\n<figure class=\"wp-block-image size-full\"><img loading=\"lazy\" decoding=\"async\" width=\"730\" height=\"414\" data-id=\"11433\" src=\"https:\/\/osp.wezewo.info\/wp-content\/uploads\/2020\/11\/Gmina-Krasne2-1.png\" alt=\"\" class=\"wp-image-11433\" srcset=\"https:\/\/osp.wezewo.info\/wp-content\/uploads\/2020\/11\/Gmina-Krasne2-1.png 730w, https:\/\/osp.wezewo.info\/wp-content\/uploads\/2020\/11\/Gmina-Krasne2-1-300x170.png 300w\" sizes=\"auto, (max-width: 730px) 100vw, 730px\" \/><\/figure>\n<\/figure>\n\n\n\n<p>A oto nasi sponsorzy-reklamodawcy:<\/p>\n\n\n\n<p>1. <a href=\"http:\/\/www.powiat-przasnysz.pl\/\">Starostwo Powiatowe w Przasnyszu<\/a>,<\/p>\n\n\n\n<p>2. <a href=\"http:\/\/krasne.pl\/\">Gmina Krasne<\/a>,<\/p>\n\n\n\n<p>3. <a href=\"http:\/\/krdp.fm\/\">Radio KRDP <\/a>( Patron Medialny Kol\u0119dowania w W\u0119\u017cewie 2018),<\/p>\n\n\n\n<p>4. DOM i NAT Robert Grzeszczak,<\/p>\n\n\n\n<p>5. &#8222;Dom na Skarpie&#8221; Apartamenty w G\u00f3rach,<\/p>\n\n\n\n<p>6. Kamieniarstwo i Betoniarstwo Artur Kra\u015bniak,<\/p>\n\n\n\n<p>7. Beton Towarowy Kruszywa&nbsp; Robert Marchli\u0144ski,<\/p>\n\n\n\n<p>8. Firma Handlowo Us\u0142ugowa Rados\u0142aw Tomaszewski,<\/p>\n\n\n\n<p>9. Auto- Handel Artur Purzycki,<\/p>\n\n\n\n<p>10. Ferma Drobiu Piotr Pydy\u0144ski,<\/p>\n\n\n\n<p>11. Auto Serwis Pawe\u0142 Go\u0142ota,<\/p>\n\n\n\n<p>12. Centrum Drewna Trewer,<\/p>\n\n\n\n<p>13. \u017bbik Spaw Piotr \u017bbikowski,<\/p>\n\n\n\n<p>14.&nbsp; Dud West W\u0142odzimierz B\u0142aszczak,<\/p>\n\n\n\n<p>15. Mechanika Pojazdowa Miros\u0142aw Cesarz,<\/p>\n\n\n\n<p>16. Piekarnia Klementynka,<\/p>\n\n\n\n<p>17. Oldtimer Service Jacek Czerwi\u0144ski,<\/p>\n\n\n\n<p>18. Us\u0142ugi Og\u00f3lnobudowlane Andrzej Go\u0142ota,<\/p>\n\n\n\n<p>19. Elektronika Mechanika Pojazdowa Mariusz Mocek,<\/p>\n\n\n\n<p>20. &nbsp;Hydroterm Marek Balcerzak.<\/p>\n","protected":false},"excerpt":{"rendered":"<p>A oto nasi sponsorzy-reklamodawcy: 1. Starostwo Powiatowe w Przasnyszu, 2. Gmina Krasne, 3. Radio KRDP ( Patron Medialny Kol\u0119dowania w W\u0119\u017cewie 2018), 4. DOM i NAT Robert Grzeszczak, 5. &#8222;Dom na Skarpie&#8221; Apartamenty w G\u00f3rach, 6. Kamieniarstwo i Betoniarstwo Artur Kra\u015bniak, 7. Beton Towarowy Kruszywa&nbsp; Robert Marchli\u0144ski, 8. Firma Handlowo Us\u0142ugowa Rados\u0142aw Tomaszewski, 9. Auto- [&hellip;]<\/p>\n","protected":false},"author":42,"featured_media":0,"parent":0,"menu_order":0,"comment_status":"closed","ping_status":"closed","template":"","meta":{"_editorskit_title_hidden":false,"_editorskit_reading_time":1,"_editorskit_is_block_options_detached":false,"_editorskit_block_options_position":"{}","_mc_calendar":[],"footnotes":""},"class_list":["post-7092","page","type-page","status-publish","hentry"],"_links":{"self":[{"href":"https:\/\/osp.wezewo.info\/index.php?rest_route=\/wp\/v2\/pages\/7092","targetHints":{"allow":["GET"]}}],"collection":[{"href":"https:\/\/osp.wezewo.info\/index.php?rest_route=\/wp\/v2\/pages"}],"about":[{"href":"https:\/\/osp.wezewo.info\/index.php?rest_route=\/wp\/v2\/types\/page"}],"author":[{"embeddable":true,"href":"https:\/\/osp.wezewo.info\/index.php?rest_route=\/wp\/v2\/users\/42"}],"replies":[{"embeddable":true,"href":"https:\/\/osp.wezewo.info\/index.php?rest_route=%2Fwp%2Fv2%2Fcomments&post=7092"}],"version-history":[{"count":12,"href":"https:\/\/osp.wezewo.info\/index.php?rest_route=\/wp\/v2\/pages\/7092\/revisions"}],"predecessor-version":[{"id":13466,"href":"https:\/\/osp.wezewo.info\/index.php?rest_route=\/wp\/v2\/pages\/7092\/revisions\/13466"}],"wp:attachment":[{"href":"https:\/\/osp.wezewo.info\/index.php?rest_route=%2Fwp%2Fv2%2Fmedia&parent=7092"}],"curies":[{"name":"wp","href":"https:\/\/api.w.org\/{rel}","templated":true}]}}