{"id":7502,"date":"2018-04-24T13:55:35","date_gmt":"2018-04-24T11:55:35","guid":{"rendered":"https:\/\/osp.wezewo.info\/?page_id=7502"},"modified":"2018-11-25T15:26:13","modified_gmt":"2018-11-25T14:26:13","slug":"zdarzenia-2018","status":"publish","type":"page","link":"https:\/\/osp.wezewo.info\/?page_id=7502","title":{"rendered":"ZDARZENIA 2018"},"content":{"rendered":"<p>Akcje i zdarzenia w kt\u00f3rych uczestniczy\u0142a OSP W\u0119\u017cewo w roku 2018<\/p>\n<h2>Zdarzenie w dniu 20-11-2018 godzina 06:43<\/h2>\n<p>Adres zdarzenia &#8211; Kozin<br \/>\nTyp zdarzenia &#8211; Po\u017car ( Gara\u017c)<br \/>\nCzas trwania akcji &#8211; 0:37 minut<br \/>\nLista uczestnik\u00f3w:<\/p>\n<ul>\n<li>Wyszkowski Krzysztof<\/li>\n<li>Go\u0142ota Micha\u0142<\/li>\n<li>\u017bbikowski Piotr<\/li>\n<li>Czerwi\u0144ski Jacek<\/li>\n<li>Piotrowski Pawe\u0142<\/li>\n<li>Grzeszczak Robert<\/li>\n<\/ul>\n<h2>Zdarzenie w dniu 23-10-2018 godzina 22:32<\/h2>\n<p>Adres zdarzenia- Mosaki &#8211; Stara Wie\u015b<br \/>\nTyp zdarzenia &#8211; Po\u017car ( Budynek Gospodarczy )<br \/>\nCzas trwania akcji &#8211; 0:42 minut<br \/>\nLista uczestnik\u00f3w:<\/p>\n<ul>\n<li>Piotrowski Pawe\u0142<\/li>\n<li>Go\u0142ota Micha\u0142<\/li>\n<li>Borucki Jacek<\/li>\n<li>\u017bbikowski Piotr<\/li>\n<li>Grzeszczak Robert<\/li>\n<li>Wyszkowski Krzysztof<\/li>\n<\/ul>\n<p>&nbsp;<\/p>\n<h2>Zdarzenie w dniu 28-03-2018 w godzina 13:19<\/h2>\n<p>Adres zdarzenia \u2013 \u017bbiki (nieu\u017cytki rolne)<br \/>\nTyp zdarzenia \u2013 Po\u017car trawy i nieu\u017cytk\u00f3w rolnych<br \/>\nCzas trwania akcji 0:24 minut<br \/>\nLista uczestnik\u00f3w:<\/p>\n<ul>\n<li style=\"list-style-type: none;\">\n<ul>\n<li>Wyszkowski Krzysztof<\/li>\n<li>Czerwi\u0144ski Jacek<\/li>\n<li>Go\u0142ota Micha\u0142<\/li>\n<li>\u017bbikowski Piotr<\/li>\n<li>Grzeszczak Robert<\/li>\n<li>Grzeszczak Jaros\u0142aw<\/li>\n<\/ul>\n<\/li>\n<\/ul>\n<h2>Zdarzenie w dniu 04-04-2018 godzina 19:18<\/h2>\n<p>Adres zdarzenia \u2013 Krasne (nieu\u017cytki rolne pod lasem)<br \/>\nTyp zdarzenia \u2013 Po\u017car trawy<br \/>\nCzas trwania akcji 0:39 minut<br \/>\nLista uczestnik\u00f3w:<\/p>\n<ul>\n<li style=\"list-style-type: none;\">\n<ul>\n<li style=\"list-style-type: none;\">\n<ul>\n<li>Wyszkowski Krzysztof<\/li>\n<li>Go\u0142ota Micha\u0142<\/li>\n<li>Mas\u0142owski Kamil<\/li>\n<li>Piotrowski Pawe\u0142<\/li>\n<li>Czerwi\u0144ski Jacek<\/li>\n<li>Chodkowski Mi\u0142osz<\/li>\n<\/ul>\n<\/li>\n<\/ul>\n<\/li>\n<\/ul>\n<h2>Zdarzenie w dniu 15-04-2018 godzina 12:27<\/h2>\n<p>Adres zdarzenia \u2013 Krasne-El\u017cbiecin<br \/>\nTyp zdarzenia \u2013 Po\u017car trawy<br \/>\nCzas trwania akcji 0:57 minut<br \/>\nLista uczestnik\u00f3w:<\/p>\n<ul>\n<li style=\"list-style-type: none;\">\n<ul>\n<li style=\"list-style-type: none;\">\n<ul>\n<li>Wyszkowski Krzysztof<\/li>\n<li>Go\u0142ota Micha\u0142<\/li>\n<li>\u017bbikowski Piotr<\/li>\n<li>Piotrowski Pawe\u0142<\/li>\n<li>Czerwi\u0144ski Jacek<\/li>\n<li>Chodkowski Mi\u0142osz<\/li>\n<\/ul>\n<\/li>\n<\/ul>\n<\/li>\n<\/ul>\n<h2>Zdarzenia w dniu 21-06-2018 w godzinach 19:54 &#8211; 21:58<\/h2>\n<p>\u0141\u0105cznie 5 wyjazd\u00f3w<br \/>\nAdresy zdarze\u0144 \u2013 Mosaki Rukle (Zielonka) i Mosaki Stara Wie\u015b (I\u0142\u00f3wko)<br \/>\nTypy zdarze\u0144 \u2013 Usuwanie skutk\u00f3w nawa\u0142nicy (uszkodzonia budynk\u00f3w gospodarczych, dachu, zwolne na drog\u0119 drzewa)<br \/>\nCzas trwania akcji \u0142\u0105cznie 3h:11min<br \/>\nLista uczestnik\u00f3w:<\/p>\n<ul>\n<li style=\"list-style-type: none;\">\n<ul>\n<li style=\"list-style-type: none;\">\n<ul>\n<li>Wyszkowski Krzysztof<\/li>\n<li>Go\u0142ota Micha\u0142<\/li>\n<li>\u017bbikowski Piotr<\/li>\n<li>Piotrowski Pawe\u0142<\/li>\n<li>Smosarski Bartosz<\/li>\n<li>Chodkowski Mi\u0142osz<\/li>\n<li>Jaszczurowski Piotr<\/li>\n<\/ul>\n<\/li>\n<\/ul>\n<\/li>\n<\/ul>\n<h2>Zdarzenie w dniu 09-07-2018 godzina 05:56<\/h2>\n<p>Adres zdarzenia \u2013 W\u0119\u017cewo<br \/>\nTyp zdarzenia \u2013 Wypadek samochodowy<br \/>\nCzas trwania akcji 0:35 minut<br \/>\nLista uczestnik\u00f3w:<\/p>\n<ul>\n<li style=\"list-style-type: none;\">\n<ul>\n<li style=\"list-style-type: none;\">\n<ul>\n<li>Wyszkowski Krzysztof<\/li>\n<li>Go\u0142ota Micha\u0142<\/li>\n<li>\u017bbikowski Piotr<\/li>\n<li>Piotrowski Pawe\u0142<\/li>\n<li>Czerwi\u0144ski Jacek<\/li>\n<li>Chodkowski Mi\u0142osz<\/li>\n<\/ul>\n<\/li>\n<\/ul>\n<\/li>\n<\/ul>\n","protected":false},"excerpt":{"rendered":"<p>Akcje i zdarzenia w kt\u00f3rych uczestniczy\u0142a OSP W\u0119\u017cewo w roku 2018 Zdarzenie w dniu 20-11-2018 godzina 06:43 Adres zdarzenia &#8211; Kozin Typ zdarzenia &#8211; Po\u017car ( Gara\u017c) Czas trwania akcji &#8211; 0:37 minut Lista uczestnik\u00f3w: Wyszkowski Krzysztof Go\u0142ota Micha\u0142 \u017bbikowski Piotr Czerwi\u0144ski Jacek Piotrowski Pawe\u0142 Grzeszczak Robert Zdarzenie w dniu 23-10-2018 godzina 22:32 Adres zdarzenia- [&hellip;]<\/p>\n","protected":false},"author":2,"featured_media":0,"parent":632,"menu_order":0,"comment_status":"closed","ping_status":"closed","template":"","meta":{"_editorskit_title_hidden":false,"_editorskit_reading_time":0,"_editorskit_is_block_options_detached":false,"_editorskit_block_options_position":"{}","_mc_calendar":[],"footnotes":""},"class_list":["post-7502","page","type-page","status-publish","hentry"],"_links":{"self":[{"href":"https:\/\/osp.wezewo.info\/index.php?rest_route=\/wp\/v2\/pages\/7502","targetHints":{"allow":["GET"]}}],"collection":[{"href":"https:\/\/osp.wezewo.info\/index.php?rest_route=\/wp\/v2\/pages"}],"about":[{"href":"https:\/\/osp.wezewo.info\/index.php?rest_route=\/wp\/v2\/types\/page"}],"author":[{"embeddable":true,"href":"https:\/\/osp.wezewo.info\/index.php?rest_route=\/wp\/v2\/users\/2"}],"replies":[{"embeddable":true,"href":"https:\/\/osp.wezewo.info\/index.php?rest_route=%2Fwp%2Fv2%2Fcomments&post=7502"}],"version-history":[{"count":8,"href":"https:\/\/osp.wezewo.info\/index.php?rest_route=\/wp\/v2\/pages\/7502\/revisions"}],"predecessor-version":[{"id":8232,"href":"https:\/\/osp.wezewo.info\/index.php?rest_route=\/wp\/v2\/pages\/7502\/revisions\/8232"}],"up":[{"embeddable":true,"href":"https:\/\/osp.wezewo.info\/index.php?rest_route=\/wp\/v2\/pages\/632"}],"wp:attachment":[{"href":"https:\/\/osp.wezewo.info\/index.php?rest_route=%2Fwp%2Fv2%2Fmedia&parent=7502"}],"curies":[{"name":"wp","href":"https:\/\/api.w.org\/{rel}","templated":true}]}}