{"id":8662,"date":"2019-04-01T14:15:37","date_gmt":"2019-04-01T12:15:37","guid":{"rendered":"https:\/\/osp.wezewo.info\/?page_id=8662"},"modified":"2019-08-20T10:27:06","modified_gmt":"2019-08-20T08:27:06","slug":"zdarzenia-2019","status":"publish","type":"page","link":"https:\/\/osp.wezewo.info\/?page_id=8662","title":{"rendered":"ZDARZENIA 2019"},"content":{"rendered":"<p>Akcje i zdarzenia w kt\u00f3rych uczestniczy\u0142a OSP W\u0118\u017bEWO w roku 2019<\/p>\n<h2>Zdarzenie w dniu 30-03-2019 w godzina 14:50<\/h2>\n<p>Adres zdarzenia \u2013 Kurowo<br \/>\nTyp zdarzenia \u2013 Wydobycie uwi\u0119zionego w kanale zwierz\u0119cia (byk)<br \/>\nCzas trwania akcji 0:33<br \/>\nLista uczestnik\u00f3w:<\/p>\n<ul>\n<li>Wyszkowski Krzysztof<\/li>\n<li>Czerwi\u0144ski Jacek<\/li>\n<li>Go\u0142ota Micha\u0142<\/li>\n<li>\u017bbikowski Piotr<\/li>\n<li>Borucki Jacek<\/li>\n<li>Piotrowski Pawe\u0142<\/li>\n<\/ul>\n<h2>Zdarzenie w dniu 30-03-2019 godzina 18:08<\/h2>\n<p>Adres zdarzenia \u2013 Helen\u00f3w<br \/>\nTyp zdarzenia \u2013 Po\u017car \u015bmieci pod lasem<br \/>\nCzas trwania akcji 0:35<br \/>\nLista uczestnik\u00f3w:<\/p>\n<ul>\n<li>Wyszkowski Krzysztof<\/li>\n<li>Czerwi\u0144ski Jacek<\/li>\n<li>Bartosz Smosarski<\/li>\n<li>\u017bbikowski Piotr<\/li>\n<li>Borucki Jacek<\/li>\n<li>Piotrowski Pawe\u0142<\/li>\n<\/ul>\n<h2>Zdarzenie w dniu 01-04-2019 w godzina 13:58<\/h2>\n<p>Adres zdarzenia \u2013 \u017bbiki<br \/>\nTyp zdarzenia \u2013 Po\u017car budynku gospodarczego<br \/>\nCzas trwania akcji 0:40 minut<br \/>\nLista uczestnik\u00f3w:<\/p>\n<ul>\n<li>Wyszkowski Krzysztof<\/li>\n<li>Czerwi\u0144ski Jacek<\/li>\n<li>Go\u0142ota Micha\u0142<\/li>\n<li>\u017bbikowski Piotr<\/li>\n<li>Borucki Jacek<\/li>\n<li>Piotrowski Pawe\u0142<\/li>\n<\/ul>\n<h2>Zdarzenie w dniu 23-06-2019 w godzina 18:56<\/h2>\n<p>Adres zdarzenia \u2013 Mosaki-Rukle<br \/>\nTyp zdarzenia \u2013 Po\u017car \u015bmieci i stosu opon<br \/>\nCzas trwania akcji 0:48 minut<br \/>\nLista uczestnik\u00f3w:<\/p>\n<ul>\n<li>Wyszkowski Krzysztof<\/li>\n<li>Smosarski Bartosz<\/li>\n<li>Go\u0142ota Micha\u0142<\/li>\n<li>\u017bbikowski Piotr<\/li>\n<li>Grzeszczak Robert<\/li>\n<li>Piotrowski Pawe\u0142<\/li>\n<\/ul>\n<h2>Zdarzenie w dniu 24-06-2019 w godzina 22:16<\/h2>\n<p>Adres zdarzenia \u2013 Mosaki-Stara Wie\u015b<br \/>\nTyp zdarzenia \u2013 Po\u017car opon<br \/>\nCzas trwania akcji 0:15 minut<br \/>\nLista uczestnik\u00f3w:<\/p>\n<ul>\n<li>Wyszkowski Krzysztof<\/li>\n<li>Czerwi\u0144ski Jacek<\/li>\n<li>Go\u0142ota Micha\u0142<\/li>\n<li>Smosarski Bartosz<\/li>\n<li>Borucki Jacek<\/li>\n<li>Grzeszczak Robert<\/li>\n<\/ul>\n<h2>Zdarzenie w dniu 10-07-2019 w godzina 17:08<\/h2>\n<p>Adres zdarzenia \u2013 W\u0119\u017cewo<br \/>\nTyp zdarzenia \u2013 Budynek Mieszkalny (zatrzasni\u0119te drzwi)<br \/>\nCzas trwania akcji 0:13 minut<br \/>\nLista uczestnik\u00f3w:<\/p>\n<ul>\n<li>Wyszkowski Krzysztof<\/li>\n<li>Bojarski Pawe\u0142<\/li>\n<li>Czerwi\u0144ski Jacek<\/li>\n<li>\u017bbikowski Piotr<\/li>\n<li>Chodkowski Mi\u0142osz<\/li>\n<li>Piotrowski Pawe\u0142<\/li>\n<\/ul>\n<h2>Zdarzenie w dniu 10-08-2019 w godzina 13:34<\/h2>\n<p>Adres zdarzenia \u2013 W\u0119\u017cewo<br \/>\nTyp zdarzenia \u2013 Droga powiatowa \u2013 wyciek oleju<br \/>\nCzas trwania akcji 0:47 minut<br \/>\nLista uczestnik\u00f3w:<\/p>\n<ul>\n<li>Wyszkowski Krzysztof<\/li>\n<li>\u017bbikowski Piotr<\/li>\n<li>Go\u0142ota Micha\u0142<\/li>\n<li>Smosarski Bartosz<\/li>\n<li>Chodkowski Mi\u0142osz<\/li>\n<li>Grzeszczak Robert<\/li>\n<\/ul>\n<h2>Zdarzenie w dniu 11-08-2019 w godzina 14:22<\/h2>\n<p>Adres zdarzenia \u2013 Zielona<br \/>\nTyp zdarzenia \u2013 Las (poszukiwania zaginionej osoby)<br \/>\nCzas trwania akcji 0:29 minut<br \/>\nLista uczestnik\u00f3w:<\/p>\n<ul>\n<li>Wyszkowski Krzysztof<\/li>\n<li>Czerwi\u0144ski Jacek<\/li>\n<li>Go\u0142ota Micha\u0142<\/li>\n<li>Smosarski Bartosz<\/li>\n<li>Chodkowski Mi\u0142osz<\/li>\n<li>Borucki Jacek<\/li>\n<\/ul>\n<h2>Zdarzenie w dniu 15-08-2019 w godzina 15:29<\/h2>\n<p>Adres zdarzenia \u2013 Mosaki \u2013Stara Wie\u015b<br \/>\nTyp zdarzenia \u2013 Po\u017car Budynku Gospodarczego<br \/>\nCzas trwania akcji 1:01 minut<br \/>\nLista uczestnik\u00f3w:<\/p>\n<ul>\n<li>Wyszkowski Krzysztof<\/li>\n<li>\u017bbikowski Piotr<\/li>\n<li>Piotrowski Pawe\u0142<\/li>\n<li>Smosarski Bartosz<\/li>\n<li>Chodkowski Mi\u0142osz<\/li>\n<li>Przybysz Mariusz<\/li>\n<\/ul>\n","protected":false},"excerpt":{"rendered":"<p>Akcje i zdarzenia w kt\u00f3rych uczestniczy\u0142a OSP W\u0118\u017bEWO w roku 2019 Zdarzenie w dniu 30-03-2019 w godzina 14:50 Adres zdarzenia \u2013 Kurowo Typ zdarzenia \u2013 Wydobycie uwi\u0119zionego w kanale zwierz\u0119cia (byk) Czas trwania akcji 0:33 Lista uczestnik\u00f3w: Wyszkowski Krzysztof Czerwi\u0144ski Jacek Go\u0142ota Micha\u0142 \u017bbikowski Piotr Borucki Jacek Piotrowski Pawe\u0142 Zdarzenie w dniu 30-03-2019 godzina 18:08 [&hellip;]<\/p>\n","protected":false},"author":2,"featured_media":0,"parent":632,"menu_order":0,"comment_status":"closed","ping_status":"closed","template":"","meta":{"_editorskit_title_hidden":false,"_editorskit_reading_time":0,"_editorskit_is_block_options_detached":false,"_editorskit_block_options_position":"{}","_mc_calendar":[],"footnotes":""},"class_list":["post-8662","page","type-page","status-publish","hentry"],"_links":{"self":[{"href":"https:\/\/osp.wezewo.info\/index.php?rest_route=\/wp\/v2\/pages\/8662","targetHints":{"allow":["GET"]}}],"collection":[{"href":"https:\/\/osp.wezewo.info\/index.php?rest_route=\/wp\/v2\/pages"}],"about":[{"href":"https:\/\/osp.wezewo.info\/index.php?rest_route=\/wp\/v2\/types\/page"}],"author":[{"embeddable":true,"href":"https:\/\/osp.wezewo.info\/index.php?rest_route=\/wp\/v2\/users\/2"}],"replies":[{"embeddable":true,"href":"https:\/\/osp.wezewo.info\/index.php?rest_route=%2Fwp%2Fv2%2Fcomments&post=8662"}],"version-history":[{"count":7,"href":"https:\/\/osp.wezewo.info\/index.php?rest_route=\/wp\/v2\/pages\/8662\/revisions"}],"predecessor-version":[{"id":9242,"href":"https:\/\/osp.wezewo.info\/index.php?rest_route=\/wp\/v2\/pages\/8662\/revisions\/9242"}],"up":[{"embeddable":true,"href":"https:\/\/osp.wezewo.info\/index.php?rest_route=\/wp\/v2\/pages\/632"}],"wp:attachment":[{"href":"https:\/\/osp.wezewo.info\/index.php?rest_route=%2Fwp%2Fv2%2Fmedia&parent=8662"}],"curies":[{"name":"wp","href":"https:\/\/api.w.org\/{rel}","templated":true}]}}